{"id":667,"date":"2020-05-02T07:03:51","date_gmt":"2020-05-02T05:03:51","guid":{"rendered":"https:\/\/huiles-essentielles.pour-toi.fr\/?page_id=667"},"modified":"2020-05-02T07:08:42","modified_gmt":"2020-05-02T05:08:42","slug":"inscrie-te-la-mine-in-echipa","status":"publish","type":"page","link":"https:\/\/huiles-essentielles.pour-toi.fr\/ro_RO\/inscrie-te-la-mine-in-echipa\/","title":{"rendered":"\u00censcrie-te la Mine (\u00een echip\u0103)"},"content":{"rendered":"<p style=\"text-align: center;\"><span style=\"font-size: 18pt;\"><strong><span style=\"color: #ff0000;\">Devino un membru<\/span><\/strong><\/span><br \/>\u00cencepe experien\u021ba ta Young Living cu unul din seturile mele favorite Starter. Beneficieaz\u0103 de o reducere de 24% din pre\u021bul cu am\u0103nuntul pentru produsele tale favorite. \t\t<meta http-equiv=\"refresh\" content=\"3; url=https:\/\/www.myyl.com\/pour-toi#ewm\/default\">\r\n\t\tPlease wait while you are redirected...or <a href=\"https:\/\/www.myyl.com\/pour-toi#ewm\/default\">Click Here<\/a> if you do not want to wait.\r\n\n","protected":false},"excerpt":{"rendered":"<p style=\"text-align: center;\"><span style=\"font-size: 18pt;\"><strong><span style=\"color: #ff0000;\">Devino un membru<\/span><\/strong><\/span><br \/>\u00cencepe experien\u021ba ta Young Living cu unul din seturile mele favorite Starter. Beneficieaz\u0103 de o reducere &#8230; [&#8230;]<\/p>\n","protected":false},"author":1,"featured_media":0,"parent":0,"menu_order":0,"comment_status":"closed","ping_status":"closed","template":"","meta":[],"_links":{"self":[{"href":"https:\/\/huiles-essentielles.pour-toi.fr\/ro_RO\/wp-json\/wp\/v2\/pages\/667"}],"collection":[{"href":"https:\/\/huiles-essentielles.pour-toi.fr\/ro_RO\/wp-json\/wp\/v2\/pages"}],"about":[{"href":"https:\/\/huiles-essentielles.pour-toi.fr\/ro_RO\/wp-json\/wp\/v2\/types\/page"}],"author":[{"embeddable":true,"href":"https:\/\/huiles-essentielles.pour-toi.fr\/ro_RO\/wp-json\/wp\/v2\/users\/1"}],"replies":[{"embeddable":true,"href":"https:\/\/huiles-essentielles.pour-toi.fr\/ro_RO\/wp-json\/wp\/v2\/comments?post=667"}],"version-history":[{"count":23,"href":"https:\/\/huiles-essentielles.pour-toi.fr\/ro_RO\/wp-json\/wp\/v2\/pages\/667\/revisions"}],"predecessor-version":[{"id":690,"href":"https:\/\/huiles-essentielles.pour-toi.fr\/ro_RO\/wp-json\/wp\/v2\/pages\/667\/revisions\/690"}],"wp:attachment":[{"href":"https:\/\/huiles-essentielles.pour-toi.fr\/ro_RO\/wp-json\/wp\/v2\/media?parent=667"}],"curies":[{"name":"wp","href":"https:\/\/api.w.org\/{rel}","templated":true}]}}