{"id":650,"date":"2020-05-02T03:26:58","date_gmt":"2020-05-02T01:26:58","guid":{"rendered":"https:\/\/huiles-essentielles.pour-toi.fr\/?page_id=650"},"modified":"2020-07-25T04:45:54","modified_gmt":"2020-07-25T02:45:54","slug":"temoignages","status":"publish","type":"page","link":"https:\/\/huiles-essentielles.pour-toi.fr\/ro_RO\/temoignages\/","title":{"rendered":"M\u0103rturii"},"content":{"rendered":"<hr \/>\n<p>\u201e\u00cemi place foarte mult \u0219i apreciez faptul c\u0103 mi-am f\u0103cut o mul\u021bime de prieteni datorit\u0103 acestei afaceri.\u201d<\/p>\n<div class=\"section sysheading\">\n<h6 style=\"text-align: right;\">&#8211; Anna Maya Powell, distribuitoare Platinum Young Living<\/h6>\n<\/div>\n<div class=\"section syshrule\" style=\"margin-bottom: 15px;\">\n<div class=\"hrule\">\n<hr \/>\n<\/div>\n<\/div>\n<div class=\"section systext\">\n<div class=\"bodycopy\" align=\"left\">\u201eM-am bucurat foarte mult atunci c\u00e2nd am descoperit uleiurile esen\u021biale de la Young Living, deoarece chiar func\u021bioneaz\u0103. Clien\u021bii mei \u0219tiu c\u0103 se pot baza pe mine \u0219i eu \u0219tiu c\u0103 m\u0103 pot baza pe produsele Young Living.\u201d<\/div>\n<\/div>\n<div class=\"section sysheading\">\n<h6 style=\"text-align: right;\">&#8211; Carol Pliska, distribuitoare Gold Young Living<\/h6>\n<\/div>\n<div class=\"section syshrule\" style=\"margin-bottom: 15px;\">\n<div class=\"hrule\">\n<hr \/>\n<\/div>\n<\/div>\n<div class=\"section systext\">\n<div class=\"bodycopy\" align=\"left\">\u201eEu v\u0103d \u00een Young Living o modalitate de afaceri cu mult poten\u021bial neexploatat.\u201d<\/div>\n<\/div>\n<div class=\"section sysheading\">\n<h6 style=\"text-align: right;\">-Carl Janicek, distribuitor Platinum Young Living<\/h6>\n<\/div>\n<div class=\"section syshrule\" style=\"margin-bottom: 15px;\">\n<div class=\"hrule\">\n<hr \/>\n<\/div>\n<\/div>\n<div class=\"section systext\">\n<div class=\"bodycopy\" align=\"left\">\u201e\u00cen prezent avem peste 1600 de oameni \u00een cadrul organiza\u021biei \u0219i ne bucur\u0103m s\u0103 \u0219tim c\u0103 exist\u0103 alte persoane care duc o via\u021b\u0103 mai fericit\u0103, mai s\u0103n\u0103toas\u0103 datorit\u0103 eforturilor pe care le depunem.\u201d<\/div>\n<\/div>\n<div class=\"section sysheading\">\n<h6 style=\"text-align: right;\">-Benjamin Perkus, distribuitor Platinum Young Living<\/h6>\n<\/div>\n<div class=\"section syshrule\" style=\"margin-bottom: 15px;\">\n<div class=\"hrule\">\n<hr \/>\n<\/div>\n<\/div>\n<div class=\"section systext\">\n<div class=\"bodycopy\" align=\"left\">\u201eSuccesul vine atunci c\u00e2nd \u00eei iube\u0219ti suficient de mult pe cei din jur \u00eenc\u00e2t ajungi s\u0103 te axezi mai mult de succesul acestora dec\u00e2t pe propriul t\u0103u succes. Scopul meu este acela de a ajuta mii de persoane de a ob\u021bine venituri considerabile, de a se bucura de independen\u021ba economic\u0103 \u0219i de a-\u0219i \u00eembun\u0103t\u0103\u021bi starea de s\u0103n\u0103tate. \u00cei ajut pe oameni s\u0103 fie st\u0103p\u00e2ni pe sine.\u201d<\/div>\n<\/div>\n<div class=\"section sysheading\">\n<h6 style=\"text-align: right;\">-Jeffrey Lewis, distribuitor Platinum Young Living<\/h6>\n<\/div>\n<div class=\"section syshrule\" style=\"margin-bottom: 15px;\">\n<div class=\"hrule\">\n<hr \/>\n<\/div>\n<\/div>\n<div class=\"section systext\">\n<div class=\"bodycopy\" align=\"left\">\u201eCu Young Living, ai posibilitatea de a te situa deasupra mediei. Cu Young Living, visele tale pot deveni realitate dac\u0103 dore\u0219ti s\u0103 te implici \u00een totalitate.\u201d<\/div>\n<\/div>\n<div class=\"section sysheading\">\n<h6 style=\"text-align: right;\">-Jodi Mainwaring, distribuitor Silver Young Living<\/h6>\n<\/div>\n<div class=\"section syshrule\" style=\"margin-bottom: 15px;\">\n<div class=\"hrule\">\n<hr \/>\n<\/div>\n<\/div>\n<div class=\"section systext\">\n<div class=\"bodycopy\" align=\"left\">\u201e\u00cemp\u0103rt\u0103\u0219im lucrurile din suflet, deoarece credem cu adev\u0103rat \u00een capacitatea uleiurilor \u0219i \u00een rezultatele experimentate. Produsele se v\u00e2nd de la sine.\u201d<\/div>\n<\/div>\n<div class=\"section sysheading\">\n<h6 style=\"text-align: right;\">-Julie Inman, distribuitoare Silver Young Living<\/h6>\n<\/div>\n<div class=\"section syshrule\" style=\"margin-bottom: 15px;\">\n<div class=\"hrule\">\n<hr \/>\n<\/div>\n<\/div>\n<div class=\"section systext\">\n<div class=\"bodycopy\" align=\"left\">\u201eAm descoperit c\u0103 nu exist\u0103 nicio limit\u0103 \u00een ceea ce prive\u0219te lucrurile care se pot ob\u021bine cu Young Living. Succesul vine din faptul de a-i ajuta pe ceilal\u021bi s\u0103 prospere.\u201d<\/div>\n<\/div>\n<div class=\"section sysheading\">\n<h6 style=\"text-align: right;\">-Kathy Farmer, distribuitoare Crown Diamond Young Living<\/h6>\n<\/div>\n<div class=\"section syshrule\" style=\"margin-bottom: 15px;\">\n<div class=\"hrule\">\n<hr \/>\n<\/div>\n<\/div>\n<div class=\"section systext\">\n<div class=\"bodycopy\" align=\"left\">\u201eAm \u00eemp\u0103rt\u0103\u0219it din suflet tot ce cuno\u0219team tuturor celor care au dorit s\u0103 m\u0103 asculte.\u201d<\/div>\n<\/div>\n<div class=\"section sysheading\">\n<h6 style=\"text-align: right;\">-Kim Rinaldi, distribuitor Gold Young Living<\/h6>\n<\/div>\n<div class=\"section syshrule\" style=\"margin-bottom: 15px;\">\n<div class=\"hrule\">\n<hr \/>\n<\/div>\n<\/div>\n<div class=\"section systext\">\n<div class=\"bodycopy\" align=\"left\">\u201eYoung Living nu reprezint\u0103 ceea ce facem, ci ceea ce suntem. Aceasta este o companie care devine un stil de via\u021b\u0103, \u0219i nu exist\u0103 o form\u0103 de via\u021b\u0103 care nu are nevoie de produsele noastre.\u201d<\/div>\n<\/div>\n<div class=\"section sysheading\">\n<h6 style=\"text-align: right;\">-Marilee Tolen, distribuitoare Gold Young Living<\/h6>\n<\/div>\n<div class=\"section syshrule\" style=\"margin-bottom: 15px;\">\n<div class=\"hrule\">\n<hr \/>\n<\/div>\n<\/div>\n<div class=\"section systext\">\n<div class=\"bodycopy\" align=\"left\">\u201eO consider cea mai mare bucurie \u0219i \u00eentr-adev\u0103r este o onoare s\u0103 fiu asociat\u0103 cu aceast\u0103 companie minunat\u0103.\u201d<\/div>\n<\/div>\n<div class=\"section sysheading\">\n<h6 style=\"text-align: right;\">-Carol Pliska, distribuitoare Gold Young Living<\/h6>\n<\/div>\n<div class=\"section syshrule\" style=\"margin-bottom: 15px;\">\n<div class=\"hrule\">\n<hr \/>\n<\/div>\n<\/div>\n<div class=\"section systext\">\n<div class=\"bodycopy\" align=\"left\">Dac\u0103 dori\u021bi s\u0103 fi\u021bi plini de energie, for\u021b\u0103 \u0219i prosperitate, trebuie s\u0103 \u00eencepe\u021bi s\u0103 tr\u0103i\u021bi \u00eempreun\u0103 cu NingXia Red\u00ae.\u201d<\/div>\n<\/div>\n<div class=\"section sysheading\">\n<h6 style=\"text-align: right;\">-Emmanuel Redding, distribuitor Silver Young Living<\/h6>\n<\/div>\n<div class=\"section syshrule\" style=\"margin-bottom: 15px;\">\n<div class=\"hrule\">\n<hr \/>\n<\/div>\n<\/div>\n<div class=\"section systext\">\n<div class=\"bodycopy\" align=\"left\">\u201eIubesc aceast\u0103 companie.\u201d<\/div>\n<\/div>\n<div class=\"section sysheading\">\n<h6 style=\"text-align: right;\">-Karen Balistreri, distribuitoare Platinum Young Living<\/h6>\n<\/div>\n<div class=\"section syshrule\" style=\"margin-bottom: 15px;\">\n<div class=\"hrule\">\n<hr \/>\n<\/div>\n<\/div>\n<div class=\"section systext\">\n<div class=\"bodycopy\" align=\"left\">\u201eAceste informa\u021bii \u00ee\u021bi transform\u0103 via\u021ba \u0219i \u00ee\u021bi permit s\u0103 ai un stil de via\u021b\u0103 mai s\u0103n\u0103tos. C\u00e2\u0219tigurile suplimentare sunt solu\u021bia secolului XXI \u0219i reprezint\u0103 un mod incredibil de a genera s\u0103n\u0103tate \u0219i bog\u0103\u021bie.\u201d<\/div>\n<\/div>\n<div class=\"section sysheading\">\n<h6 style=\"text-align: right;\">-Linda Scott, distribuitoare Silver Young Living<\/h6>\n<\/div>\n<div class=\"section syshrule\" style=\"margin-bottom: 15px;\">\n<div class=\"hrule\">\n<hr \/>\n<\/div>\n<\/div>\n<div class=\"section systext\">\n<div class=\"bodycopy\" align=\"left\">\u201e\u0218tim \u00een interiorul nostru c\u0103 acesta este doar \u00eenceputul unei c\u0103l\u0103torii minunate.\u201d<\/div>\n<\/div>\n<div class=\"section sysheading\">\n<h6 style=\"text-align: right;\">-Nida Gonzales, distribuitoare Gold Young Living<\/h6>\n<\/div>\n<div class=\"section syshrule\" style=\"margin-bottom: 15px;\">\n<div class=\"hrule\">\n<hr \/>\n<\/div>\n<\/div>\n<div class=\"section systext\">\n<div class=\"bodycopy\" align=\"left\">\u201ePove\u0219tile \u00eemp\u0103rt\u0103\u0219ite \u00eentre noi au dus la crearea unui grup de prieteni \u00een continu\u0103 cre\u0219tere, centrat pe \u00eenv\u0103\u021bare, \u00eengrijire personal\u0103, iar pentru mul\u021bi a devenit o afacere comercial\u0103 nea\u0219teptat\u0103.\u201d<\/div>\n<\/div>\n<div class=\"section sysheading\">\n<h6 style=\"text-align: right;\">-Sophie Ann Aoki, distribuitoare Platinum Young Living<\/h6>\n<\/div>\n<div class=\"section syshrule\" style=\"margin-bottom: 15px;\">\n<div class=\"hrule\">\n<hr \/>\n<\/div>\n<\/div>\n<div class=\"section systext\">\n<div class=\"bodycopy\" align=\"left\">\u201eSuntem foarte privilegia\u021bi c\u0103 putem colabora cu persoane minunate \u0219i c\u0103 le putem transmite \u0219i celorlal\u021bi faptul c\u0103 au posibilitatea de a alege: chiar dac\u0103 nu le merge prea bine din punct de vedere economic, nu trebuie s\u0103 se team\u0103 de e\u0219ec \u0219i nici s\u0103 fie descuraja\u021bi.\u201d<\/div>\n<\/div>\n<div class=\"section sysheading\">\n<h6 style=\"text-align: right;\">-Karen Douglas, distribuitoare Gold Young Living<\/h6>\n<\/div>\n<div class=\"section syshrule\" style=\"margin-bottom: 15px;\">\n<div class=\"hrule\">\n<hr \/>\n<\/div>\n<\/div>\n<div class=\"section systext\">\n<div class=\"bodycopy\" align=\"left\">\u201eYoung Living este o companie care se axeaz\u0103 pe produse de \u00eenalt\u0103 calitate care \u00eemi dep\u0103\u0219esc \u00eentotdeauna a\u0219tept\u0103rile.\u201d<\/div>\n<\/div>\n<div class=\"section sysheading\">\n<h6 style=\"text-align: right;\">-April Johnson, distribuitor Executive Young Living<\/h6>\n<\/div>\n<div class=\"section syshrule\" style=\"margin-bottom: 15px;\">\n<div class=\"hrule\">\n<hr \/>\n<\/div>\n<\/div>\n<div class=\"section systext\">\n<div class=\"bodycopy\" align=\"left\">\u201eDac\u0103 Wall Street s-ar cutremura \u0219i s-ar pr\u0103bu\u0219i ca un domino, veniturile noastre ob\u021binute de la Young Living nu doar c\u0103 ne-ar sus\u021bine \u00een timpul crizei, ci \u0219i ar cre\u0219te \u00een permanen\u021b\u0103.\u201d<\/div>\n<\/div>\n<div class=\"section sysheading\">\n<h6 style=\"text-align: right;\">-Susan Hall, distribuitoare Gold Young Living<\/h6>\n<\/div>\n<div class=\"section syshrule\" style=\"margin-bottom: 15px;\">\n<div class=\"hrule\">\n<hr \/>\n<\/div>\n<\/div>\n<div class=\"section systext\">\n<div class=\"bodycopy\" align=\"left\">\u201eVisul meu este acela de a sta \u0219i de a testa uleiurile toat\u0103 ziua.\u201d<\/div>\n<\/div>\n<div class=\"section sysheading\">\n<h6 style=\"text-align: right;\">-Annette Qeyquep, distribuitor Executive Young Living<\/h6>\n<\/div>\n<div class=\"section syshrule\" style=\"margin-bottom: 15px;\">\n<div class=\"hrule\">\n<hr \/>\n<\/div>\n<\/div>\n<div class=\"section systext\">\n<div class=\"bodycopy\" align=\"left\">\u201eAm r\u0103mas impresionat\u0103 de impactul multidimensional al uleiurilor \u0219i am \u00een\u021beles c\u0103 acest lucru este posibil doar din uleiurile esen\u021biale 100% pure utilizate \u00een scop terapeutic.\u201d<\/div>\n<\/div>\n<div class=\"section sysheading\">\n<h6 style=\"text-align: right;\">-Cecilia Castelino, distribuitor Executive Young Living<\/h6>\n<\/div>\n<div class=\"section syshrule\" style=\"margin-bottom: 15px;\">\n<div class=\"hrule\">\n<hr \/>\n<\/div>\n<\/div>\n<div class=\"section systext\">\n<div class=\"bodycopy\" align=\"left\">\u201eCeea ce m-a surprins la uleiurile esen\u021biale este [c\u00e2t de simplu este] s\u0103 le distribui. Pur \u0219i simplu le po\u021bi purta \u0219i utiliza. Restul vine de la sine.\u201d<\/div>\n<\/div>\n<div class=\"section sysheading\">\n<h6 style=\"text-align: right;\">-Michael Dyda, distribuitor Executive Young Living<\/h6>\n<\/div>\n<div class=\"section syshrule\" style=\"margin-bottom: 15px;\">\n<div class=\"hrule\">\n<hr \/>\n<\/div>\n<\/div>\n<div class=\"section systext\">\n<div class=\"bodycopy\" align=\"left\">\u201eAst\u0103zi am schimbat via\u021ba unei persoane, doar pentru c\u0103 am avut curajul de a-i men\u021biona despre beneficiile produselor Young Living.\u201d<\/div>\n<\/div>\n<div class=\"section sysheading\">\n<h6 style=\"text-align: right;\">-April Travis, distribuitor Gold Young Living<\/h6>\n<\/div>\n","protected":false},"excerpt":{"rendered":"<hr \/>\n<p> \u201e\u00cemi place foarte mult \u0219i apreciez faptul c\u0103 mi-am f\u0103cut o mul\u021bime de prieteni datorit\u0103 acestei afaceri.\u201d <\/p>\n<div class=\"section sysheading\">\n<h6 style=\"text-align: right;\">&#8211; Anna Maya Powell, distribuitoare Platinum Young Living<\/h6>\n<\/div... [...] \n\n","protected":false},"author":1,"featured_media":0,"parent":0,"menu_order":0,"comment_status":"closed","ping_status":"closed","template":"","meta":[],"_links":{"self":[{"href":"https:\/\/huiles-essentielles.pour-toi.fr\/ro_RO\/wp-json\/wp\/v2\/pages\/650"}],"collection":[{"href":"https:\/\/huiles-essentielles.pour-toi.fr\/ro_RO\/wp-json\/wp\/v2\/pages"}],"about":[{"href":"https:\/\/huiles-essentielles.pour-toi.fr\/ro_RO\/wp-json\/wp\/v2\/types\/page"}],"author":[{"embeddable":true,"href":"https:\/\/huiles-essentielles.pour-toi.fr\/ro_RO\/wp-json\/wp\/v2\/users\/1"}],"replies":[{"embeddable":true,"href":"https:\/\/huiles-essentielles.pour-toi.fr\/ro_RO\/wp-json\/wp\/v2\/comments?post=650"}],"version-history":[{"count":22,"href":"https:\/\/huiles-essentielles.pour-toi.fr\/ro_RO\/wp-json\/wp\/v2\/pages\/650\/revisions"}],"predecessor-version":[{"id":1245,"href":"https:\/\/huiles-essentielles.pour-toi.fr\/ro_RO\/wp-json\/wp\/v2\/pages\/650\/revisions\/1245"}],"wp:attachment":[{"href":"https:\/\/huiles-essentielles.pour-toi.fr\/ro_RO\/wp-json\/wp\/v2\/media?parent=650"}],"curies":[{"name":"wp","href":"https:\/\/api.w.org\/{rel}","templated":true}]}}