{"id":65,"date":"2020-04-27T00:24:24","date_gmt":"2020-04-26T22:24:24","guid":{"rendered":"http:\/\/huiles-essentielles.pour-toi.fr\/?page_id=65"},"modified":"2020-05-02T06:42:39","modified_gmt":"2020-05-02T04:42:39","slug":"parraine-en-young-living","status":"publish","type":"page","link":"https:\/\/huiles-essentielles.pour-toi.fr\/ro_RO\/parraine-en-young-living\/","title":{"rendered":"Vino al\u0103turi de Mine \u00een Young Living"},"content":{"rendered":"<hr \/>\n<p style=\"text-align: center;\"><span style=\"font-size: 14pt; color: #ff0000;\"><strong>\u00censcrie-te la Mine <\/strong>(\u00een echip\u0103)<strong><br \/><\/strong><\/span><\/p>\n<p style=\"text-align: center;\">\u00censcrie-te la mine acum prin achizi\u021bionarea unui set starter Young Living Premium \u0219i \u00eenregistreaz\u0103-te pentru o ofert\u0103 de pachet lunar (op\u021bional\u0103).<\/p>\n<table style=\"border-collapse: collapse; width: 100%;\">\n<tbody>\n<tr>\n<td style=\"width: 50.0363%; border-style: hidden; background-color: #ffffff;\"><a href=\"https:\/\/www.myyl.com\/pour-toi#ewm\/default\"><img loading=\"lazy\" class=\"wp-image-68 size-full\" src=\"https:\/\/huiles-essentielles.pour-toi.fr\/wp-content\/uploads\/2020\/04\/Je-Vous-Parraine.jpg\" alt=\"\" width=\"623\" height=\"397\" srcset=\"https:\/\/huiles-essentielles.pour-toi.fr\/wp-content\/uploads\/2020\/04\/Je-Vous-Parraine.jpg 623w, https:\/\/huiles-essentielles.pour-toi.fr\/wp-content\/uploads\/2020\/04\/Je-Vous-Parraine-300x191.jpg 300w, https:\/\/huiles-essentielles.pour-toi.fr\/wp-content\/uploads\/2020\/04\/Je-Vous-Parraine-150x96.jpg 150w, https:\/\/huiles-essentielles.pour-toi.fr\/wp-content\/uploads\/2020\/04\/Je-Vous-Parraine-400x255.jpg 400w\" sizes=\"(max-width: 623px) 100vw, 623px\" \/><\/a><\/td>\n<td style=\"width: 50.0363%; border-style: hidden; background-color: #ffffff; text-align: center;\">\n<p><strong><span style=\"font-size: 14pt;\">Devino un membru<\/span><\/strong><\/p>\n<p><a href=\"https:\/\/www.myyl.com\/pour-toi#ewm\/default\">\u00censcrie-te ast\u0103zi<\/a><\/p>\n<\/td>\n<\/tr>\n<\/tbody>\n<\/table>\n<table style=\"border-collapse: collapse; width: 100%; height: 24px;\">\n<tbody>\n<tr style=\"height: 24px;\">\n<td style=\"width: 100%; border-style: hidden; text-align: center; height: 24px;\"><strong>Beneficii pentru membri: <\/strong><\/td>\n<\/tr>\n<\/tbody>\n<\/table>\n<table style=\"border-collapse: collapse; width: 100%; height: 123px;\">\n<tbody>\n<tr style=\"height: 123px;\">\n<td style=\"width: 50%; height: 115px; border-style: hidden;\">\n<ul>\n<li>Beneficieaz\u0103 de o reducere de 24% din pre\u021bul cu am\u0103nuntul pentru produsele tale favorite.<\/li>\n<li>C\u00e2\u0219tig\u0103 comisioane prin simpla \u00eemp\u0103rt\u0103\u0219ire a produselor Young Living.<\/li>\n<\/ul>\n<\/td>\n<td style=\"width: 50%; height: 115px; border-style: hidden;\">\n<ul>\n<li>Po\u021bi deveni eligibil(\u0103) pentru evenimente exclusive dedicate membrilor Young Living, care au loc \u00een toat\u0103 lumea.<\/li>\n<li>Bucur\u0103-te de beneficiile \u0219i confortul oferite de Essential Rewards.<br \/>Sunt necesari doar c\u00e2\u021biva pa\u0219i pentru a completa formularul de \u00eenscriere \u0219i a crea o comand\u0103 lunar\u0103 op\u021bional\u0103.<\/li>\n<\/ul>\n<\/td>\n<\/tr>\n<\/tbody>\n<\/table>\n","protected":false},"excerpt":{"rendered":"<hr \/>\n<p style=\"text-align: center;\"><span style=\"font-size: 14pt; color: #ff0000;\"><strong>\u00censcrie-te la Mine <\/strong>(\u00een echip\u0103)<strong><br \/><\/strong><\/span><\/p>\n<p style=\"text-align: center;\">\u00censcrie-te la mine acum prin achizi\u021bionarea unui set s&#8230; [&#8230;]<\/p>\n","protected":false},"author":1,"featured_media":0,"parent":0,"menu_order":0,"comment_status":"closed","ping_status":"closed","template":"","meta":[],"_links":{"self":[{"href":"https:\/\/huiles-essentielles.pour-toi.fr\/ro_RO\/wp-json\/wp\/v2\/pages\/65"}],"collection":[{"href":"https:\/\/huiles-essentielles.pour-toi.fr\/ro_RO\/wp-json\/wp\/v2\/pages"}],"about":[{"href":"https:\/\/huiles-essentielles.pour-toi.fr\/ro_RO\/wp-json\/wp\/v2\/types\/page"}],"author":[{"embeddable":true,"href":"https:\/\/huiles-essentielles.pour-toi.fr\/ro_RO\/wp-json\/wp\/v2\/users\/1"}],"replies":[{"embeddable":true,"href":"https:\/\/huiles-essentielles.pour-toi.fr\/ro_RO\/wp-json\/wp\/v2\/comments?post=65"}],"version-history":[{"count":42,"href":"https:\/\/huiles-essentielles.pour-toi.fr\/ro_RO\/wp-json\/wp\/v2\/pages\/65\/revisions"}],"predecessor-version":[{"id":666,"href":"https:\/\/huiles-essentielles.pour-toi.fr\/ro_RO\/wp-json\/wp\/v2\/pages\/65\/revisions\/666"}],"wp:attachment":[{"href":"https:\/\/huiles-essentielles.pour-toi.fr\/ro_RO\/wp-json\/wp\/v2\/media?parent=65"}],"curies":[{"name":"wp","href":"https:\/\/api.w.org\/{rel}","templated":true}]}}