{"id":620,"date":"2020-05-02T02:35:11","date_gmt":"2020-05-02T00:35:11","guid":{"rendered":"https:\/\/huiles-essentielles.pour-toi.fr\/?page_id=620"},"modified":"2020-05-03T21:05:46","modified_gmt":"2020-05-03T19:05:46","slug":"outils-professionnels","status":"publish","type":"page","link":"https:\/\/huiles-essentielles.pour-toi.fr\/ro_RO\/outils-professionnels\/","title":{"rendered":"Seturi Starter"},"content":{"rendered":"<hr \/>\n<p class=\"upper\" style=\"text-align: justify;\"><strong>Imagina\u021bi-v\u0103 o carier\u0103 care devine o comunitate, \u00een care starea de bine reprezint\u0103 un stil de via\u021b\u0103, iar faptul c\u0103 face\u021bi ceea ce v\u0103 place v\u0103 conduce \u00een mod firesc spre succes. Pentru distribuitorii Young Living, un loc de munc\u0103 de vis care ofer\u0103 siguran\u021b\u0103 \u0219i independen\u021b\u0103 poate deveni realitate.<\/strong> <em>Dispun\u00e2nd de asisten\u021b\u0103 dedicat\u0103 din partea Young Living \u0219i a echipei dvs. \u0219i un plan de compensare lider \u00een domeniul industriei, pute\u021bi prelua controlul ac\u021biunilor viitoare, cre\u00e2nd o activitate comercial\u0103 prosper\u0103. \u00centreaga familie Young Living este al\u0103turi de dvs. pentru a v\u0103 \u00eencuraja la fiecare etap\u0103 a acestui proces.<\/em><\/p>\n<hr \/>\n<table style=\"border-collapse: collapse; width: 100%;\">\n<tbody>\n<tr>\n<td style=\"width: 50%;\">\n<p style=\"text-align: center;\"><a href=\"https:\/\/www.youngliving.com\/ro_RO\/opportunity\/products\/starter-kits?sponsorid=23138817&amp;enrollerid=23138817&amp;type=member\" target=\"_blank\" rel=\"noopener noreferrer\">Seturi Starter<\/a><\/p>\n<p style=\"text-align: center;\">Preg\u0103ti\u021bi-v\u0103 de succes cu seturile Starter! Seturile introductive au fost complet reg\u00e2ndite pentru a include materiale de \u00eenalt\u0103 calitate care contribuie la dezvoltarea afacerii \u0219i mai multe mostre de produse ca niciodat\u0103. Aceste seturi complet noi reprezint\u0103 modalitatea perfect\u0103 de a prezenta \u0219ansa \u0219i stilul de via\u021b\u0103 Young Living.<\/p>\n<\/td>\n<td style=\"width: 50%;\"><a href=\"https:\/\/www.youngliving.com\/ro_RO\/opportunity\/products\/starter-kits?sponsorid=23138817&amp;enrollerid=23138817&amp;type=member\" target=\"_blank\" rel=\"Seturi Starte noopener noreferrer\"><img loading=\"lazy\" class=\"alignright wp-image-621 size-full\" title=\"Seturi Starter\" src=\"https:\/\/huiles-essentielles.pour-toi.fr\/wp-content\/uploads\/2020\/05\/Kits-de-d\u00e9marrage-e1588380613385.jpg\" alt=\"\" width=\"373\" height=\"242\" srcset=\"https:\/\/huiles-essentielles.pour-toi.fr\/wp-content\/uploads\/2020\/05\/Kits-de-d\u00e9marrage-e1588380613385.jpg 373w, https:\/\/huiles-essentielles.pour-toi.fr\/wp-content\/uploads\/2020\/05\/Kits-de-d\u00e9marrage-e1588380613385-300x195.jpg 300w, https:\/\/huiles-essentielles.pour-toi.fr\/wp-content\/uploads\/2020\/05\/Kits-de-d\u00e9marrage-e1588380613385-150x97.jpg 150w\" sizes=\"(max-width: 373px) 100vw, 373px\" \/><\/a><\/td>\n<\/tr>\n<tr>\n<td style=\"width: 50%;\">\n<p style=\"text-align: center;\"><a href=\"https:\/\/www.youngliving.com\/ro_RO\/opportunity\/products\/essential-rewards-kits?sponsorid=23138817&amp;enrollerid=23138817&amp;type=member\" target=\"_blank\" rel=\"noopener noreferrer\">Seturi Essential Rewards<\/a><\/p>\n<div class=\"text\">\n<p style=\"text-align: center;\">Alege\u021bi unul sau mai multe seturi Essential Rewards create pe baza unor categorii speciale: Cas\u0103, Stare de bine, Frumuse\u021be, Echilibru \u0219i Stil de via\u021b\u0103, pentru a avea mereu la \u00eendem\u00e2n\u0103 produsele preferate Young Living.<\/p>\n<\/div>\n<\/td>\n<td style=\"width: 50%;\"><a href=\"https:\/\/www.youngliving.com\/ro_RO\/opportunity\/products\/essential-rewards-kits?sponsorid=23138817&amp;enrollerid=23138817&amp;type=member\" target=\"_blank\" rel=\"Seturi Essential Rewards noopener noreferrer\"><img loading=\"lazy\" class=\"alignright wp-image-630 size-full\" title=\"Seturi Essential Rewards\" src=\"https:\/\/huiles-essentielles.pour-toi.fr\/wp-content\/uploads\/2020\/05\/Kits-Essential-Rewards.jpg\" alt=\"\" width=\"373\" height=\"241\" srcset=\"https:\/\/huiles-essentielles.pour-toi.fr\/wp-content\/uploads\/2020\/05\/Kits-Essential-Rewards.jpg 373w, https:\/\/huiles-essentielles.pour-toi.fr\/wp-content\/uploads\/2020\/05\/Kits-Essential-Rewards-300x194.jpg 300w, https:\/\/huiles-essentielles.pour-toi.fr\/wp-content\/uploads\/2020\/05\/Kits-Essential-Rewards-150x97.jpg 150w\" sizes=\"(max-width: 373px) 100vw, 373px\" \/><\/a><\/td>\n<\/tr>\n<tr>\n<td style=\"width: 50%;\">\n<p style=\"text-align: center;\"><a href=\"https:\/\/www.youngliving.com\/ro_RO\/opportunity\/products\/business-tools?sponsorid=23138817&amp;enrollerid=23138817&amp;type=member\" target=\"_blank\" rel=\"noopener noreferrer\">Instrumente Comerciale \u0219i Asisten\u021b\u0103<\/a><\/p>\n<p class=\"text\" style=\"text-align: center;\">Acum pute\u021bi deveni un expert \u00een uleiuri esen\u021biale, produse pentru starea de bine \u0219i stilul de via\u021b\u0103 Young Living. Prin oferirea serviciilor complete, de la instruc\u021biuni detaliate privind produsele, articole informative la DVD-uri de unde v\u0103 pute\u021bi inspira, instrumentele noastre v\u0103 arat\u0103 cum s\u0103 crea\u021bi o bog\u0103\u021bie de durat\u0103.<\/p>\n<\/td>\n<td style=\"width: 50%;\"><a href=\"https:\/\/www.youngliving.com\/ro_RO\/opportunity\/products\/business-tools?sponsorid=23138817&amp;enrollerid=23138817&amp;type=member\" target=\"_blank\" rel=\"Asisten\u021b\u0103 Comerciale Instrumente noopener noreferrer \u0219i\"><img loading=\"lazy\" class=\"alignright wp-image-638 size-full\" title=\"Instrumente Comerciale \u0219i Asisten\u021b\u0103\" src=\"https:\/\/huiles-essentielles.pour-toi.fr\/wp-content\/uploads\/2020\/05\/Ressources-professionnelles-et-p\u00e9dagogiques.jpg\" alt=\"\" width=\"373\" height=\"241\" srcset=\"https:\/\/huiles-essentielles.pour-toi.fr\/wp-content\/uploads\/2020\/05\/Ressources-professionnelles-et-p\u00e9dagogiques.jpg 373w, https:\/\/huiles-essentielles.pour-toi.fr\/wp-content\/uploads\/2020\/05\/Ressources-professionnelles-et-p\u00e9dagogiques-300x194.jpg 300w, https:\/\/huiles-essentielles.pour-toi.fr\/wp-content\/uploads\/2020\/05\/Ressources-professionnelles-et-p\u00e9dagogiques-150x97.jpg 150w\" sizes=\"(max-width: 373px) 100vw, 373px\" \/><\/a><\/td>\n<\/tr>\n<tr>\n<td style=\"width: 50%;\">\n<p style=\"text-align: center;\"><a href=\"https:\/\/www.youngliving.com\/ro_RO\/opportunity\/products\/branded-merchandise?sponsorid=23138817&amp;enrollerid=23138817&amp;type=member\" target=\"_blank\" rel=\"noopener noreferrer\">Promovarea M\u0103rcii Young Living<\/a><\/p>\n<p class=\"text\" style=\"text-align: center;\">Dovedi\u021bi-v\u0103 aprecierea m\u0103rcii Young Living, utiliz\u00e2nd cutii, sticle \u0219i gen\u021bi care au aplicate denumirea \u0219i sigla m\u0103rcii Young Living.<\/p>\n<\/td>\n<td style=\"width: 50%;\"><a href=\"https:\/\/www.youngliving.com\/ro_RO\/opportunity\/products\/branded-merchandise?sponsorid=23138817&amp;enrollerid=23138817&amp;type=member\" target=\"_blank\" rel=\"Promovarea M\u0103rcii Young Living noopener noreferrer\"><img loading=\"lazy\" class=\"alignright wp-image-634 size-full\" title=\"Promovarea M\u0103rcii Young Living\" src=\"https:\/\/huiles-essentielles.pour-toi.fr\/wp-content\/uploads\/2020\/05\/Produits-d\u00e9riv\u00e9s.jpg\" alt=\"\" width=\"372\" height=\"241\" srcset=\"https:\/\/huiles-essentielles.pour-toi.fr\/wp-content\/uploads\/2020\/05\/Produits-d\u00e9riv\u00e9s.jpg 372w, https:\/\/huiles-essentielles.pour-toi.fr\/wp-content\/uploads\/2020\/05\/Produits-d\u00e9riv\u00e9s-300x194.jpg 300w, https:\/\/huiles-essentielles.pour-toi.fr\/wp-content\/uploads\/2020\/05\/Produits-d\u00e9riv\u00e9s-150x97.jpg 150w\" sizes=\"(max-width: 372px) 100vw, 372px\" \/><\/a><\/td>\n<\/tr>\n<\/tbody>\n<\/table>\n","protected":false},"excerpt":{"rendered":"<hr \/>\n<p class=\"upper\" style=\"text-align: justify;\"><strong>Imagina\u021bi-v\u0103 o carier\u0103 care devine o comunitate, \u00een care starea de bine reprezint\u0103 un stil de via\u021b\u0103, iar faptul c\u0103 face\u021bi ceea ce v\u0103 place v\u0103 conduce \u00een mod firesc spre succes. Pentru dist&#8230; [&#8230;]<\/p>\n","protected":false},"author":1,"featured_media":0,"parent":0,"menu_order":0,"comment_status":"closed","ping_status":"closed","template":"","meta":[],"_links":{"self":[{"href":"https:\/\/huiles-essentielles.pour-toi.fr\/ro_RO\/wp-json\/wp\/v2\/pages\/620"}],"collection":[{"href":"https:\/\/huiles-essentielles.pour-toi.fr\/ro_RO\/wp-json\/wp\/v2\/pages"}],"about":[{"href":"https:\/\/huiles-essentielles.pour-toi.fr\/ro_RO\/wp-json\/wp\/v2\/types\/page"}],"author":[{"embeddable":true,"href":"https:\/\/huiles-essentielles.pour-toi.fr\/ro_RO\/wp-json\/wp\/v2\/users\/1"}],"replies":[{"embeddable":true,"href":"https:\/\/huiles-essentielles.pour-toi.fr\/ro_RO\/wp-json\/wp\/v2\/comments?post=620"}],"version-history":[{"count":56,"href":"https:\/\/huiles-essentielles.pour-toi.fr\/ro_RO\/wp-json\/wp\/v2\/pages\/620\/revisions"}],"predecessor-version":[{"id":869,"href":"https:\/\/huiles-essentielles.pour-toi.fr\/ro_RO\/wp-json\/wp\/v2\/pages\/620\/revisions\/869"}],"wp:attachment":[{"href":"https:\/\/huiles-essentielles.pour-toi.fr\/ro_RO\/wp-json\/wp\/v2\/media?parent=620"}],"curies":[{"name":"wp","href":"https:\/\/api.w.org\/{rel}","templated":true}]}}