{"id":608,"date":"2020-05-02T02:09:35","date_gmt":"2020-05-02T00:09:35","guid":{"rendered":"https:\/\/huiles-essentielles.pour-toi.fr\/?page_id=608"},"modified":"2020-05-03T19:49:03","modified_gmt":"2020-05-03T17:49:03","slug":"equilibre","status":"publish","type":"page","link":"https:\/\/huiles-essentielles.pour-toi.fr\/ro_RO\/equilibre\/","title":{"rendered":"Echilibru"},"content":{"rendered":"<p style=\"text-align: center;\"><a href=\"https:\/\/www.youngliving.com\/ro_RO\/products\/c\/echilibru?sponsorid=23138817&amp;enrollerid=23138817&amp;type=member\" target=\"_blank\" rel=\"noopener noreferrer\"><span style=\"color: #ff0000; font-size: 18pt;\"><strong>Echilibru<\/strong><\/span><\/a><\/p>\n<hr \/>\n<p><strong>Lumea se mi\u0219c\u0103 \u00eentr-un ritm vertiginos. Redescoper\u0103 lini\u0219tea atunci c\u00e2nd \u00eencetine\u0219ti, \u0219i cau\u021bi acele clipe scurte de fericire care men\u021bin echilibrul s\u0103n\u0103t\u0103\u021bii spirituale, mentale \u0219i emo\u021bionale.<\/strong><br \/>\n<em>Exploreaz\u0103 propria energie vital\u0103 prin intermediul uleiurilor esen\u021biale pure \u0219i amestecurile create pentru capacitatea acestora de a sus\u021bine pacea interioar\u0103 \u0219i starea de bine emo\u021bional\u0103. Produsele noastre pentru echilibru te pot orienta chiar p\u00e2n\u0103 \u00een centrul emo\u021bional \u0219i spiritual pentru a te ajuta s\u0103 tr\u0103ie\u0219ti clipa la maxim.<\/em><\/p>\n<hr \/>\n<table style=\"border-collapse: collapse; width: 100%;\">\n<tbody>\n<tr>\n<td style=\"width: 50%;\"><a href=\"https:\/\/www.youngliving.com\/ro_RO\/products\/balance\/spiritual-health?sponsorid=23138817&amp;enrollerid=23138817&amp;type=member\" target=\"_blank\" rel=\"noopener noreferrer\">S\u0103n\u0103tate Spiritual\u0103<\/a><br \/>\nDatorit\u0103 uleiurilor esen\u021biale biblice precum smirna \u0219i t\u0103m\u00e2ia, linia noastr\u0103 de produse pentru s\u0103n\u0103tatea spiritual\u0103 intensific\u0103 momentele de evlavie \u0219i reveren\u021b\u0103.<\/td>\n<td style=\"width: 50%;\"><a href=\"https:\/\/www.youngliving.com\/ro_RO\/products\/balance\/spiritual-health?sponsorid=23138817&amp;enrollerid=23138817&amp;type=member\" target=\"_blank\" rel=\"noopener noreferrer\"><img loading=\"lazy\" class=\"aligncenter wp-image-832 size-full\" title=\"S\u0103n\u0103tate Spiritual\u0103\" src=\"https:\/\/huiles-essentielles.pour-toi.fr\/wp-content\/uploads\/2020\/05\/Sant\u00e9-spirituelle.jpg\" alt=\"\" width=\"373\" height=\"241\" srcset=\"https:\/\/huiles-essentielles.pour-toi.fr\/wp-content\/uploads\/2020\/05\/Sant\u00e9-spirituelle.jpg 373w, https:\/\/huiles-essentielles.pour-toi.fr\/wp-content\/uploads\/2020\/05\/Sant\u00e9-spirituelle-300x194.jpg 300w, https:\/\/huiles-essentielles.pour-toi.fr\/wp-content\/uploads\/2020\/05\/Sant\u00e9-spirituelle-150x97.jpg 150w\" sizes=\"(max-width: 373px) 100vw, 373px\" \/><\/a><\/td>\n<\/tr>\n<tr>\n<td style=\"width: 50%;\"><a href=\"https:\/\/www.youngliving.com\/ro_RO\/products\/balance\/mental-health?sponsorid=23138817&amp;enrollerid=23138817&amp;type=member\" target=\"_blank\" rel=\"noopener noreferrer\">Stare de Bine Mental\u0103<\/a><br \/>\nDescoper\u0103 o cale natural\u0103 pentru a ob\u021bine putere \u0219i senin\u0103tate mental\u0103. Datorit\u0103 produselor Young Living create special pentru a sus\u021bine s\u0103n\u0103tatea mental\u0103, te po\u021bi elibera de momentele de anxietate \u0219i te po\u021bi bucura de o pace de durat\u0103.<\/td>\n<td style=\"width: 50%;\"><a href=\"https:\/\/www.youngliving.com\/ro_RO\/products\/balance\/mental-health?sponsorid=23138817&amp;enrollerid=23138817&amp;type=member\" target=\"_blank\" rel=\"noopener noreferrer\"><img loading=\"lazy\" class=\"aligncenter wp-image-833 size-full\" title=\"Stare de Bine Mental\u0103\" src=\"https:\/\/huiles-essentielles.pour-toi.fr\/wp-content\/uploads\/2020\/05\/Bien-\u00eatre-mental.jpg\" alt=\"\" width=\"373\" height=\"241\" srcset=\"https:\/\/huiles-essentielles.pour-toi.fr\/wp-content\/uploads\/2020\/05\/Bien-\u00eatre-mental.jpg 373w, https:\/\/huiles-essentielles.pour-toi.fr\/wp-content\/uploads\/2020\/05\/Bien-\u00eatre-mental-300x194.jpg 300w, https:\/\/huiles-essentielles.pour-toi.fr\/wp-content\/uploads\/2020\/05\/Bien-\u00eatre-mental-150x97.jpg 150w\" sizes=\"(max-width: 373px) 100vw, 373px\" \/><\/a><\/td>\n<\/tr>\n<tr>\n<td style=\"width: 50%;\"><a href=\"https:\/\/www.youngliving.com\/ro_RO\/products\/balance\/emotional-wellness?sponsorid=23138817&amp;enrollerid=23138817&amp;type=member\" target=\"_blank\" rel=\"noopener noreferrer\">Stare de Bine Emo\u021bional\u0103<\/a><br \/>\nTreze\u0219te-\u021bi creativitatea \u0219i pasiunea de via\u021b\u0103! Prin intermediul duzinelor de amestecuri \u0219i uleiuri esen\u021biale de la Young Living care stimuleaz\u0103 curajul emo\u021bional pentru a-\u021bi atinge cele mai \u00eenalte obiective.<\/td>\n<td style=\"width: 50%;\"><a href=\"https:\/\/www.youngliving.com\/ro_RO\/products\/balance\/emotional-wellness?sponsorid=23138817&amp;enrollerid=23138817&amp;type=member\" target=\"_blank\" rel=\"noopener noreferrer\"><img loading=\"lazy\" class=\"aligncenter wp-image-835 size-full\" title=\"Stare de Bine Emo\u021bional\u0103\" src=\"https:\/\/huiles-essentielles.pour-toi.fr\/wp-content\/uploads\/2020\/05\/\u00c9quilibre-\u00e9motionnel.jpg\" alt=\"\" width=\"373\" height=\"241\" srcset=\"https:\/\/huiles-essentielles.pour-toi.fr\/wp-content\/uploads\/2020\/05\/\u00c9quilibre-\u00e9motionnel.jpg 373w, https:\/\/huiles-essentielles.pour-toi.fr\/wp-content\/uploads\/2020\/05\/\u00c9quilibre-\u00e9motionnel-300x194.jpg 300w, https:\/\/huiles-essentielles.pour-toi.fr\/wp-content\/uploads\/2020\/05\/\u00c9quilibre-\u00e9motionnel-150x97.jpg 150w\" sizes=\"(max-width: 373px) 100vw, 373px\" \/><\/a><\/td>\n<\/tr>\n<tr>\n<td style=\"width: 50%;\"><a href=\"https:\/\/www.youngliving.com\/ro_RO\/products\/balance\/sleep-solutions?sponsorid=23138817&amp;enrollerid=23138817&amp;type=member\" target=\"_blank\" rel=\"noopener noreferrer\">Pentru un somn lini\u0219tit<\/a><br \/>\nCreeaz\u0103 o atmosfer\u0103 de lini\u0219te \u00eenainte de a merge la culcare, prin intermediul propriet\u0103\u021bilor exclusive ale uleiurilor esen\u021biale pure care te ajut\u0103 s\u0103 te odihne\u0219ti, precum cel de valerian\u0103. Bucur\u0103-te \u00een mod natural de o odihn\u0103 reconfortant\u0103.<\/td>\n<td style=\"width: 50%;\"><a href=\"https:\/\/www.youngliving.com\/ro_RO\/products\/balance\/sleep-solutions?sponsorid=23138817&amp;enrollerid=23138817&amp;type=member\"><img loading=\"lazy\" class=\"aligncenter wp-image-834 size-full\" title=\"Pentru un somn lini\u0219tit\" src=\"https:\/\/huiles-essentielles.pour-toi.fr\/wp-content\/uploads\/2020\/05\/Troubles-du-sommeil.jpg\" alt=\"\" width=\"373\" height=\"241\" srcset=\"https:\/\/huiles-essentielles.pour-toi.fr\/wp-content\/uploads\/2020\/05\/Troubles-du-sommeil.jpg 373w, https:\/\/huiles-essentielles.pour-toi.fr\/wp-content\/uploads\/2020\/05\/Troubles-du-sommeil-300x194.jpg 300w, https:\/\/huiles-essentielles.pour-toi.fr\/wp-content\/uploads\/2020\/05\/Troubles-du-sommeil-150x97.jpg 150w\" sizes=\"(max-width: 373px) 100vw, 373px\" \/><\/a><\/td>\n<\/tr>\n<\/tbody>\n<\/table>\n","protected":false},"excerpt":{"rendered":"<p style=\"text-align: center;\"><a href=\"https:\/\/www.youngliving.com\/ro_RO\/products\/c\/echilibru?sponsorid=23138817&amp;enrollerid=23138817&amp;type=member\" target=\"_blank\" rel=\"noopener noreferrer\"><span style=\"color: #ff0000; font-size: 18pt;\"><stron... [...]\n<\/p>\n","protected":false},"author":1,"featured_media":0,"parent":0,"menu_order":0,"comment_status":"closed","ping_status":"closed","template":"","meta":[],"_links":{"self":[{"href":"https:\/\/huiles-essentielles.pour-toi.fr\/ro_RO\/wp-json\/wp\/v2\/pages\/608"}],"collection":[{"href":"https:\/\/huiles-essentielles.pour-toi.fr\/ro_RO\/wp-json\/wp\/v2\/pages"}],"about":[{"href":"https:\/\/huiles-essentielles.pour-toi.fr\/ro_RO\/wp-json\/wp\/v2\/types\/page"}],"author":[{"embeddable":true,"href":"https:\/\/huiles-essentielles.pour-toi.fr\/ro_RO\/wp-json\/wp\/v2\/users\/1"}],"replies":[{"embeddable":true,"href":"https:\/\/huiles-essentielles.pour-toi.fr\/ro_RO\/wp-json\/wp\/v2\/comments?post=608"}],"version-history":[{"count":11,"href":"https:\/\/huiles-essentielles.pour-toi.fr\/ro_RO\/wp-json\/wp\/v2\/pages\/608\/revisions"}],"predecessor-version":[{"id":843,"href":"https:\/\/huiles-essentielles.pour-toi.fr\/ro_RO\/wp-json\/wp\/v2\/pages\/608\/revisions\/843"}],"wp:attachment":[{"href":"https:\/\/huiles-essentielles.pour-toi.fr\/ro_RO\/wp-json\/wp\/v2\/media?parent=608"}],"curies":[{"name":"wp","href":"https:\/\/api.w.org\/{rel}","templated":true}]}}