{"id":605,"date":"2020-05-02T02:07:37","date_gmt":"2020-05-02T00:07:37","guid":{"rendered":"https:\/\/huiles-essentielles.pour-toi.fr\/?page_id=605"},"modified":"2020-05-03T18:46:21","modified_gmt":"2020-05-03T16:46:21","slug":"beaute","status":"publish","type":"page","link":"https:\/\/huiles-essentielles.pour-toi.fr\/ro_RO\/beaute\/","title":{"rendered":"Frumuse\u021be"},"content":{"rendered":"<p style=\"text-align: center;\"><a href=\"https:\/\/www.youngliving.com\/ro_RO\/products\/c\/frumuse%C8%9Be?sponsorid=23138817&amp;enrollerid=23138817&amp;type=member\" target=\"_blank\" rel=\"noopener noreferrer\"><span style=\"color: #ff0000; font-size: 18pt;\"><strong>Frumuse\u021be<\/strong><\/span><\/a><\/p>\n<hr \/>\n<p><strong>Adev\u0103rata frumuse\u021be se afl\u0103 \u00een interiorul fiec\u0103ruia dintre noi. Fii gata s\u0103 radiezi de frumuse\u021be interioar\u0103 \u0219i exterioar\u0103, pe m\u0103sur\u0103 ce descoperi produsele naturale care dezv\u0103luie str\u0103lucirea cu care te-ai n\u0103scut.<\/strong><br \/>\n<em>F\u0103r\u0103 substan\u021be chimice discutabile care se g\u0103sesc \u00een multe produse tradi\u021bionale pentru \u00eengrijirea pielii \u0219i a p\u0103rului, produsele pentru frumuse\u021be de la Young Living con\u021bin doar ingrediente naturale pe baz\u0103 de uleiuri esen\u021biale. La baza acestor uleiuri extraordinare st\u0103 un secret al frumuse\u021bii vechi de secole care \u00ee\u021bi poate conferi un ten impecabil.<\/em><\/p>\n<hr \/>\n<table style=\"border-collapse: collapse; width: 100%;\">\n<tbody>\n<tr>\n<td style=\"width: 50%;\">\n<p style=\"text-align: left;\"><a href=\"https:\/\/www.youngliving.com\/ro_RO\/products\/beauty\/anti-aging?sponsorid=23138817&amp;enrollerid=23138817&amp;type=member\" target=\"_blank\" rel=\"noopener noreferrer\">Produse Anti-\u00eemb\u0103tr\u00e2nire<\/a><\/p>\n<p style=\"text-align: left;\">Chiar dac\u0103 nu po\u021bi da timpul \u00eenapoi, po\u021bi combate semnele \u00eemb\u0103tr\u00e2nirii. Creat\u0103 pe baza ac\u021biunii naturale \u0219i puternice a uleiurilor esen\u021biale, linia noastr\u0103 de produse anti\u00eemb\u0103tr\u00e2nire \u00ee\u021bi protejeaz\u0103 \u0219i \u00ee\u021bi revitalizeaz\u0103 tenul pentru a radia de str\u0103lucire.<\/p>\n<\/td>\n<td style=\"width: 50%;\"><a href=\"https:\/\/www.youngliving.com\/ro_RO\/products\/beauty\/anti-aging?sponsorid=23138817&amp;enrollerid=23138817&amp;type=member\" target=\"_blank\" rel=\"noopener noreferrer\"><img loading=\"lazy\" class=\"wp-image-800 size-full aligncenter\" title=\"Produse Anti-\u00eemb\u0103tr\u00e2nire\" src=\"https:\/\/huiles-essentielles.pour-toi.fr\/wp-content\/uploads\/2020\/05\/Anti\u00e2ge.jpg\" alt=\"\" width=\"373\" height=\"241\" srcset=\"https:\/\/huiles-essentielles.pour-toi.fr\/wp-content\/uploads\/2020\/05\/Anti\u00e2ge.jpg 373w, https:\/\/huiles-essentielles.pour-toi.fr\/wp-content\/uploads\/2020\/05\/Anti\u00e2ge-300x194.jpg 300w, https:\/\/huiles-essentielles.pour-toi.fr\/wp-content\/uploads\/2020\/05\/Anti\u00e2ge-150x97.jpg 150w\" sizes=\"(max-width: 373px) 100vw, 373px\" \/><\/a><\/td>\n<\/tr>\n<tr>\n<td style=\"width: 50%;\"><a href=\"https:\/\/www.youngliving.com\/ro_RO\/products\/beauty\/facial-care?sponsorid=23138817&amp;enrollerid=23138817&amp;type=member\" target=\"_blank\" rel=\"noopener noreferrer\">\u00cengrijire Facial\u0103<\/a><\/p>\n<p>Uit\u0103 de produsele care con\u021bin substan\u021be chimice agresive \u0219i care \u00ee\u021bi pot usca \u0219i deteriora tenul. Toate serurile, cremele \u0219i produsele de cur\u0103\u021bare facial\u0103 naturale hidrateaz\u0103 \u0219i hr\u0103nesc pielea, conferindu-i un aspect fin, suplu, impecabil \u0219i proasp\u0103t.<\/td>\n<td style=\"width: 50%;\"><a href=\"https:\/\/www.youngliving.com\/ro_RO\/products\/beauty\/facial-care?sponsorid=23138817&amp;enrollerid=23138817&amp;type=member\" target=\"_blank\" rel=\"noopener noreferrer\"><img loading=\"lazy\" class=\"aligncenter wp-image-801 size-full\" title=\"\u00cengrijire Facial\u0103\" src=\"https:\/\/huiles-essentielles.pour-toi.fr\/wp-content\/uploads\/2020\/05\/Soins-du-visage.jpg\" alt=\"\" width=\"373\" height=\"241\" srcset=\"https:\/\/huiles-essentielles.pour-toi.fr\/wp-content\/uploads\/2020\/05\/Soins-du-visage.jpg 373w, https:\/\/huiles-essentielles.pour-toi.fr\/wp-content\/uploads\/2020\/05\/Soins-du-visage-300x194.jpg 300w, https:\/\/huiles-essentielles.pour-toi.fr\/wp-content\/uploads\/2020\/05\/Soins-du-visage-150x97.jpg 150w\" sizes=\"(max-width: 373px) 100vw, 373px\" \/><\/a><\/td>\n<\/tr>\n<tr>\n<td style=\"width: 50%;\"><a href=\"https:\/\/www.youngliving.com\/ro_RO\/products\/beauty\/bath-body?sponsorid=23138817&amp;enrollerid=23138817&amp;type=member\" target=\"_blank\" rel=\"noopener noreferrer\">Produse pentru Baie \u0219i \u00cengrijire Corporal\u0103<\/a><\/p>\n<p>\u00cencepe \u0219i sf\u00e2r\u0219e\u0219te ziua cu ac\u021biunea puternic\u0103 a uleiurilor esen\u021biale pentru baie \u0219i \u00eengrijire corporal\u0103. Bucur\u0103-te de gelurile de du\u0219, lo\u021biunile de \u00eengrijire a p\u0103rului \u0219i s\u0103punurile din gama de lux pentru un efect calmant, energizant \u0219i pentru a-\u021bi oferi for\u021be proaspete.<\/td>\n<td style=\"width: 50%;\"><a href=\"https:\/\/www.youngliving.com\/ro_RO\/products\/beauty\/bath-body?sponsorid=23138817&amp;enrollerid=23138817&amp;type=member\" target=\"_blank\" rel=\"noopener noreferrer\"><img loading=\"lazy\" class=\"aligncenter wp-image-802 size-full\" title=\"Produse pentru Baie \u0219i \u00cengrijire Corporal\u0103\" src=\"https:\/\/huiles-essentielles.pour-toi.fr\/wp-content\/uploads\/2020\/05\/Bain-et-corps.jpg\" alt=\"\" width=\"373\" height=\"241\" srcset=\"https:\/\/huiles-essentielles.pour-toi.fr\/wp-content\/uploads\/2020\/05\/Bain-et-corps.jpg 373w, https:\/\/huiles-essentielles.pour-toi.fr\/wp-content\/uploads\/2020\/05\/Bain-et-corps-300x194.jpg 300w, https:\/\/huiles-essentielles.pour-toi.fr\/wp-content\/uploads\/2020\/05\/Bain-et-corps-150x97.jpg 150w\" sizes=\"(max-width: 373px) 100vw, 373px\" \/><\/a><\/td>\n<\/tr>\n<\/tbody>\n<\/table>\n","protected":false},"excerpt":{"rendered":"<p style=\"text-align: center;\"><a href=\"https:\/\/www.youngliving.com\/ro_RO\/products\/c\/frumuse%C8%9Be?sponsorid=23138817&amp;enrollerid=23138817&amp;type=member\" target=\"_blank\" rel=\"noopener noreferrer\"><span style=\"color: #ff0000; font-size: 18pt;\"><... [...]\n<\/p>\n","protected":false},"author":1,"featured_media":0,"parent":0,"menu_order":0,"comment_status":"closed","ping_status":"closed","template":"","meta":[],"_links":{"self":[{"href":"https:\/\/huiles-essentielles.pour-toi.fr\/ro_RO\/wp-json\/wp\/v2\/pages\/605"}],"collection":[{"href":"https:\/\/huiles-essentielles.pour-toi.fr\/ro_RO\/wp-json\/wp\/v2\/pages"}],"about":[{"href":"https:\/\/huiles-essentielles.pour-toi.fr\/ro_RO\/wp-json\/wp\/v2\/types\/page"}],"author":[{"embeddable":true,"href":"https:\/\/huiles-essentielles.pour-toi.fr\/ro_RO\/wp-json\/wp\/v2\/users\/1"}],"replies":[{"embeddable":true,"href":"https:\/\/huiles-essentielles.pour-toi.fr\/ro_RO\/wp-json\/wp\/v2\/comments?post=605"}],"version-history":[{"count":21,"href":"https:\/\/huiles-essentielles.pour-toi.fr\/ro_RO\/wp-json\/wp\/v2\/pages\/605\/revisions"}],"predecessor-version":[{"id":819,"href":"https:\/\/huiles-essentielles.pour-toi.fr\/ro_RO\/wp-json\/wp\/v2\/pages\/605\/revisions\/819"}],"wp:attachment":[{"href":"https:\/\/huiles-essentielles.pour-toi.fr\/ro_RO\/wp-json\/wp\/v2\/media?parent=605"}],"curies":[{"name":"wp","href":"https:\/\/api.w.org\/{rel}","templated":true}]}}