{"id":584,"date":"2020-05-02T01:34:29","date_gmt":"2020-05-01T23:34:29","guid":{"rendered":"https:\/\/huiles-essentielles.pour-toi.fr\/?page_id=584"},"modified":"2020-05-03T19:13:27","modified_gmt":"2020-05-03T17:13:27","slug":"bien-etre","status":"publish","type":"page","link":"https:\/\/huiles-essentielles.pour-toi.fr\/ro_RO\/bien-etre\/","title":{"rendered":"Stare de bine"},"content":{"rendered":"<p style=\"text-align: center;\"><a href=\"https:\/\/www.youngliving.com\/ro_RO\/products\/c\/stare-de-bine?sponsorid=23138817&amp;enrollerid=23138817&amp;type=member\" target=\"_blank\" rel=\"noopener noreferrer\"><span style=\"color: #ff0000; font-size: 18pt;\"><strong>Stare de Bine<\/strong><\/span><\/a><\/p>\n<hr \/>\n<p><strong>Este ceva magic s\u0103 plantezi o s\u0103m\u00e2n\u021b\u0103 \u0219i s\u0103 o vezi \u00een timp ce cre\u0219te. La fel cum semin\u021bele din care sunt ob\u021binute uleiurile esen\u021biale sunt cultivate cu grij\u0103, ingredientele nutritive din produsele noastre pentru starea de bine sunt cultivate pentru o s\u0103n\u0103tate complet\u0103 la nivel corporal \u0219i mental.<\/strong><br \/>\n<em>Pentru ca tu s\u0103 po\u021bi beneficia de capacitatea complet\u0103 a st\u0103rii de bine, am creat cu aten\u021bie o linie de uleiuri esen\u021biale, vitamine naturale \u0219i solu\u021bii de produse pentru a te ajuta s\u0103 ai o via\u021b\u0103 echilibrat\u0103 \u0219i s\u0103n\u0103toas\u0103.<\/em><\/p>\n<hr \/>\n<table style=\"border-collapse: collapse; width: 100%;\">\n<tbody>\n<tr>\n<td style=\"width: 33.3333%; background-color: #ffffff;\">\n<p style=\"text-align: center;\"><a href=\"https:\/\/www.youngliving.com\/ro_RO\/products\/c\/stare-de-bine\/multivitamine?sponsorid=23138817&amp;enrollerid=23138817&amp;type=member\" target=\"_blank\" rel=\"noopener noreferrer\"><img loading=\"lazy\" class=\"aligncenter wp-image-782 size-full\" title=\"Multivitamine\" src=\"https:\/\/huiles-essentielles.pour-toi.fr\/wp-content\/uploads\/2020\/05\/Multivitamines.jpg\" alt=\"\" width=\"373\" height=\"241\" srcset=\"https:\/\/huiles-essentielles.pour-toi.fr\/wp-content\/uploads\/2020\/05\/Multivitamines.jpg 373w, https:\/\/huiles-essentielles.pour-toi.fr\/wp-content\/uploads\/2020\/05\/Multivitamines-300x194.jpg 300w, https:\/\/huiles-essentielles.pour-toi.fr\/wp-content\/uploads\/2020\/05\/Multivitamines-150x97.jpg 150w\" sizes=\"(max-width: 373px) 100vw, 373px\" \/><\/a><a href=\"https:\/\/www.youngliving.com\/ro_RO\/products\/c\/stare-de-bine\/multivitamine?sponsorid=23138817&amp;enrollerid=23138817&amp;type=member\" target=\"_blank\" rel=\"noopener noreferrer\">Multivitamine<\/a><\/p>\n<\/td>\n<td style=\"width: 33.3333%; background-color: #ffffff;\">\n<p style=\"text-align: center;\"><a href=\"https:\/\/www.youngliving.com\/ro_RO\/products\/c\/stare-de-bine\/nutri%C8%9Bie-%C3%AEn-func%C8%9Bie-de-v%C3%A2rst%C4%83?sponsorid=23138817&amp;enrollerid=23138817&amp;type=member\" target=\"_blank\" rel=\"noopener noreferrer\"><img loading=\"lazy\" class=\"aligncenter wp-image-780 size-full\" title=\"Nutri\u021bie \u00een func\u021bie de v\u00e2rst\u0103\" src=\"https:\/\/huiles-essentielles.pour-toi.fr\/wp-content\/uploads\/2020\/05\/Compl\u00e9ments-adapt\u00e9s-\u00e0-l\u00e2ge.jpg\" alt=\"\" width=\"373\" height=\"241\" srcset=\"https:\/\/huiles-essentielles.pour-toi.fr\/wp-content\/uploads\/2020\/05\/Compl\u00e9ments-adapt\u00e9s-\u00e0-l\u00e2ge.jpg 373w, https:\/\/huiles-essentielles.pour-toi.fr\/wp-content\/uploads\/2020\/05\/Compl\u00e9ments-adapt\u00e9s-\u00e0-l\u00e2ge-300x194.jpg 300w, https:\/\/huiles-essentielles.pour-toi.fr\/wp-content\/uploads\/2020\/05\/Compl\u00e9ments-adapt\u00e9s-\u00e0-l\u00e2ge-150x97.jpg 150w\" sizes=\"(max-width: 373px) 100vw, 373px\" \/><\/a><a href=\"https:\/\/www.youngliving.com\/ro_RO\/products\/c\/stare-de-bine\/nutri%C8%9Bie-%C3%AEn-func%C8%9Bie-de-v%C3%A2rst%C4%83?sponsorid=23138817&amp;enrollerid=23138817&amp;type=member\" target=\"_blank\" rel=\"noopener noreferrer\">Nutri\u021bie \u00een func\u021bie de v\u00e2rst\u0103<\/a><\/p>\n<\/td>\n<td style=\"width: 33.3333%; background-color: #ffffff;\">\n<p style=\"text-align: center;\"><a href=\"https:\/\/www.youngliving.com\/ro_RO\/products\/c\/stare-de-bine\/produse-lichide-pentru-starea-de-bine?sponsorid=23138817&amp;enrollerid=23138817&amp;type=member\" target=\"_blank\" rel=\"noopener noreferrer\"><img loading=\"lazy\" class=\"aligncenter wp-image-784 size-full\" title=\"Produse lichide pentru starea de bine\" src=\"https:\/\/huiles-essentielles.pour-toi.fr\/wp-content\/uploads\/2020\/05\/Du-bien-\u00eatre-\u00e0-boire.jpg\" alt=\"\" width=\"373\" height=\"240\" srcset=\"https:\/\/huiles-essentielles.pour-toi.fr\/wp-content\/uploads\/2020\/05\/Du-bien-\u00eatre-\u00e0-boire.jpg 373w, https:\/\/huiles-essentielles.pour-toi.fr\/wp-content\/uploads\/2020\/05\/Du-bien-\u00eatre-\u00e0-boire-300x193.jpg 300w, https:\/\/huiles-essentielles.pour-toi.fr\/wp-content\/uploads\/2020\/05\/Du-bien-\u00eatre-\u00e0-boire-150x97.jpg 150w\" sizes=\"(max-width: 373px) 100vw, 373px\" \/><\/a><a href=\"https:\/\/www.youngliving.com\/ro_RO\/products\/c\/stare-de-bine\/produse-lichide-pentru-starea-de-bine?sponsorid=23138817&amp;enrollerid=23138817&amp;type=member\" target=\"_blank\" rel=\"noopener noreferrer\">Produse lichide pentru starea de bine<\/a><\/p>\n<\/td>\n<\/tr>\n<tr>\n<td style=\"width: 33.3333%; background-color: #ffffff;\">\n<p style=\"text-align: center;\"><a href=\"https:\/\/www.youngliving.com\/ro_RO\/products\/c\/stare-de-bine\/controlarea-greut%C4%83%C8%9Bii?sponsorid=23138817&amp;enrollerid=23138817&amp;type=member\" target=\"_blank\" rel=\"noopener noreferrer\"><img loading=\"lazy\" class=\"aligncenter wp-image-785 size-full\" title=\"Controlarea greut\u0103\u021bii\" src=\"https:\/\/huiles-essentielles.pour-toi.fr\/wp-content\/uploads\/2020\/05\/Contr\u00f4le-du-poids.jpg\" alt=\"\" width=\"373\" height=\"241\" srcset=\"https:\/\/huiles-essentielles.pour-toi.fr\/wp-content\/uploads\/2020\/05\/Contr\u00f4le-du-poids.jpg 373w, https:\/\/huiles-essentielles.pour-toi.fr\/wp-content\/uploads\/2020\/05\/Contr\u00f4le-du-poids-300x194.jpg 300w, https:\/\/huiles-essentielles.pour-toi.fr\/wp-content\/uploads\/2020\/05\/Contr\u00f4le-du-poids-150x97.jpg 150w\" sizes=\"(max-width: 373px) 100vw, 373px\" \/><\/a><a href=\"https:\/\/www.youngliving.com\/ro_RO\/products\/c\/stare-de-bine\/controlarea-greut%C4%83%C8%9Bii?sponsorid=23138817&amp;enrollerid=23138817&amp;type=member\" target=\"_blank\" rel=\"noopener noreferrer\">Controlarea greut\u0103\u021bii<\/a><\/p>\n<\/td>\n<td style=\"width: 33.3333%; background-color: #ffffff;\">\n<p style=\"text-align: center;\"><a href=\"https:\/\/www.youngliving.com\/ro_RO\/products\/c\/stare-de-bine\/articula%C8%9Bii-%C8%99i-mobilitate?sponsorid=23138817&amp;enrollerid=23138817&amp;type=member\"><img loading=\"lazy\" class=\"aligncenter wp-image-786 size-full\" title=\"Articula\u021bii \u0219i mobilitate\" src=\"https:\/\/huiles-essentielles.pour-toi.fr\/wp-content\/uploads\/2020\/05\/Mobilit\u00e9.jpg\" alt=\"\" width=\"372\" height=\"240\" srcset=\"https:\/\/huiles-essentielles.pour-toi.fr\/wp-content\/uploads\/2020\/05\/Mobilit\u00e9.jpg 372w, https:\/\/huiles-essentielles.pour-toi.fr\/wp-content\/uploads\/2020\/05\/Mobilit\u00e9-300x194.jpg 300w, https:\/\/huiles-essentielles.pour-toi.fr\/wp-content\/uploads\/2020\/05\/Mobilit\u00e9-150x97.jpg 150w\" sizes=\"(max-width: 372px) 100vw, 372px\" \/><\/a><a href=\"https:\/\/www.youngliving.com\/ro_RO\/products\/c\/stare-de-bine\/articula%C8%9Bii-%C8%99i-mobilitate?sponsorid=23138817&amp;enrollerid=23138817&amp;type=member\" target=\"_blank\" rel=\"noopener noreferrer\">Articula\u021bii \u0219i mobilitate<\/a><\/p>\n<\/td>\n<td style=\"width: 33.3333%; background-color: #ffffff;\">\n<p style=\"text-align: center;\"><a href=\"https:\/\/www.youngliving.com\/ro_RO\/products\/c\/stare-de-bine\/energie-%C8%99i-vitalitate?sponsorid=23138817&amp;enrollerid=23138817&amp;type=member\" target=\"_blank\" rel=\"noopener noreferrer\"><img loading=\"lazy\" class=\"aligncenter wp-image-787 size-full\" title=\"Energie \u0219i vitalitate\" src=\"https:\/\/huiles-essentielles.pour-toi.fr\/wp-content\/uploads\/2020\/05\/\u00c9nergie-et-r\u00e9sistance.jpg\" alt=\"\" width=\"373\" height=\"241\" srcset=\"https:\/\/huiles-essentielles.pour-toi.fr\/wp-content\/uploads\/2020\/05\/\u00c9nergie-et-r\u00e9sistance.jpg 373w, https:\/\/huiles-essentielles.pour-toi.fr\/wp-content\/uploads\/2020\/05\/\u00c9nergie-et-r\u00e9sistance-300x194.jpg 300w, https:\/\/huiles-essentielles.pour-toi.fr\/wp-content\/uploads\/2020\/05\/\u00c9nergie-et-r\u00e9sistance-150x97.jpg 150w\" sizes=\"(max-width: 373px) 100vw, 373px\" \/><\/a><a href=\"https:\/\/www.youngliving.com\/ro_RO\/products\/c\/stare-de-bine\/energie-%C8%99i-vitalitate?sponsorid=23138817&amp;enrollerid=23138817&amp;type=member\" target=\"_blank\" rel=\"noopener noreferrer\">Energie \u0219i vitalitate<\/a><\/p>\n<\/td>\n<\/tr>\n<tr>\n<td style=\"width: 33.3333%; background-color: #ffffff;\">\n<p style=\"text-align: center;\"><img loading=\"lazy\" class=\"aligncenter size-full wp-image-798\" src=\"https:\/\/huiles-essentielles.pour-toi.fr\/wp-content\/uploads\/2020\/05\/Soutien-cibl\u00e9.jpg\" alt=\"\" width=\"373\" height=\"241\" srcset=\"https:\/\/huiles-essentielles.pour-toi.fr\/wp-content\/uploads\/2020\/05\/Soutien-cibl\u00e9.jpg 373w, https:\/\/huiles-essentielles.pour-toi.fr\/wp-content\/uploads\/2020\/05\/Soutien-cibl\u00e9-300x194.jpg 300w, https:\/\/huiles-essentielles.pour-toi.fr\/wp-content\/uploads\/2020\/05\/Soutien-cibl\u00e9-150x97.jpg 150w\" sizes=\"(max-width: 373px) 100vw, 373px\" \/><a href=\"https:\/\/www.youngliving.com\/ro_RO\/products\/c\/stare-de-bine\/sus%C8%9Binere-specific%C4%83?sponsorid=23138817&amp;enrollerid=23138817&amp;type=member\" target=\"_blank\" rel=\"noopener noreferrer\">Sus\u021binere specific\u0103<\/a><\/p>\n<\/td>\n<td style=\"width: 33.3333%; background-color: #ffffff;\">\n<p style=\"text-align: center;\"><a href=\"https:\/\/www.youngliving.com\/ro_RO\/products\/c\/stare-de-bine\/gust%C4%83ri-s%C4%83n%C4%83toase?sponsorid=23138817&amp;enrollerid=23138817&amp;type=member\" target=\"_blank\" rel=\"noopener noreferrer\"><img loading=\"lazy\" class=\"aligncenter wp-image-789 size-full\" title=\"Gust\u0103ri s\u0103n\u0103toase\" src=\"https:\/\/huiles-essentielles.pour-toi.fr\/wp-content\/uploads\/2020\/05\/Collations-saines.jpg\" alt=\"\" width=\"373\" height=\"241\" srcset=\"https:\/\/huiles-essentielles.pour-toi.fr\/wp-content\/uploads\/2020\/05\/Collations-saines.jpg 373w, https:\/\/huiles-essentielles.pour-toi.fr\/wp-content\/uploads\/2020\/05\/Collations-saines-300x194.jpg 300w, https:\/\/huiles-essentielles.pour-toi.fr\/wp-content\/uploads\/2020\/05\/Collations-saines-150x97.jpg 150w\" sizes=\"(max-width: 373px) 100vw, 373px\" \/><\/a><a href=\"https:\/\/www.youngliving.com\/ro_RO\/products\/c\/stare-de-bine\/gust%C4%83ri-s%C4%83n%C4%83toase?sponsorid=23138817&amp;enrollerid=23138817&amp;type=member\" target=\"_blank\" rel=\"noopener noreferrer\">Gust\u0103ri s\u0103n\u0103toase<\/a><\/p>\n<\/td>\n<td style=\"width: 33.3333%; background-color: #ffffff;\">\n<p style=\"text-align: center;\"><a href=\"https:\/\/www.youngliving.com\/ro_RO\/products\/c\/stare-de-bine\/solu%C8%9Bii-pentru-organism?sponsorid=23138817&amp;enrollerid=23138817&amp;type=member\" target=\"_blank\" rel=\"noopener noreferrer\"><img loading=\"lazy\" class=\"aligncenter wp-image-788 size-full\" title=\"Sus\u021binere specific\u0103\" src=\"https:\/\/huiles-essentielles.pour-toi.fr\/wp-content\/uploads\/2020\/05\/Syst\u00e8mes-du-corps.jpg\" alt=\"\" width=\"373\" height=\"241\" srcset=\"https:\/\/huiles-essentielles.pour-toi.fr\/wp-content\/uploads\/2020\/05\/Syst\u00e8mes-du-corps.jpg 373w, https:\/\/huiles-essentielles.pour-toi.fr\/wp-content\/uploads\/2020\/05\/Syst\u00e8mes-du-corps-300x194.jpg 300w, https:\/\/huiles-essentielles.pour-toi.fr\/wp-content\/uploads\/2020\/05\/Syst\u00e8mes-du-corps-150x97.jpg 150w\" sizes=\"(max-width: 373px) 100vw, 373px\" \/><\/a><a href=\"https:\/\/www.youngliving.com\/ro_RO\/products\/c\/stare-de-bine\/solu%C8%9Bii-pentru-organism?sponsorid=23138817&amp;enrollerid=23138817&amp;type=member\" target=\"_blank\" rel=\"noopener noreferrer\">Solu\u021bii pentru organism<\/a><\/p>\n<\/td>\n<\/tr>\n<\/tbody>\n<\/table>\n","protected":false},"excerpt":{"rendered":"<p style=\"text-align: center;\"><a href=\"https:\/\/www.youngliving.com\/ro_RO\/products\/c\/stare-de-bine?sponsorid=23138817&amp;enrollerid=23138817&amp;type=member\" target=\"_blank\" rel=\"noopener noreferrer\"><span style=\"color: #ff0000; font-size: 18pt;\"><s... [...]\n<\/p>\n","protected":false},"author":1,"featured_media":0,"parent":0,"menu_order":0,"comment_status":"closed","ping_status":"closed","template":"","meta":[],"_links":{"self":[{"href":"https:\/\/huiles-essentielles.pour-toi.fr\/ro_RO\/wp-json\/wp\/v2\/pages\/584"}],"collection":[{"href":"https:\/\/huiles-essentielles.pour-toi.fr\/ro_RO\/wp-json\/wp\/v2\/pages"}],"about":[{"href":"https:\/\/huiles-essentielles.pour-toi.fr\/ro_RO\/wp-json\/wp\/v2\/types\/page"}],"author":[{"embeddable":true,"href":"https:\/\/huiles-essentielles.pour-toi.fr\/ro_RO\/wp-json\/wp\/v2\/users\/1"}],"replies":[{"embeddable":true,"href":"https:\/\/huiles-essentielles.pour-toi.fr\/ro_RO\/wp-json\/wp\/v2\/comments?post=584"}],"version-history":[{"count":45,"href":"https:\/\/huiles-essentielles.pour-toi.fr\/ro_RO\/wp-json\/wp\/v2\/pages\/584\/revisions"}],"predecessor-version":[{"id":831,"href":"https:\/\/huiles-essentielles.pour-toi.fr\/ro_RO\/wp-json\/wp\/v2\/pages\/584\/revisions\/831"}],"wp:attachment":[{"href":"https:\/\/huiles-essentielles.pour-toi.fr\/ro_RO\/wp-json\/wp\/v2\/media?parent=584"}],"curies":[{"name":"wp","href":"https:\/\/api.w.org\/{rel}","templated":true}]}}