{"id":520,"date":"2020-05-01T23:32:13","date_gmt":"2020-05-01T21:32:13","guid":{"rendered":"https:\/\/huiles-essentielles.pour-toi.fr\/?page_id=520"},"modified":"2020-05-05T10:16:44","modified_gmt":"2020-05-05T08:16:44","slug":"maison","status":"publish","type":"page","link":"https:\/\/huiles-essentielles.pour-toi.fr\/ro_RO\/maison\/","title":{"rendered":"Pentru Acas\u0103"},"content":{"rendered":"<p style=\"text-align: center;\"><a href=\"https:\/\/www.youngliving.com\/ro_RO\/products\/c\/pentru-acas%C4%83-?sponsorid=23138817&amp;enrollerid=23138817&amp;type=member\" target=\"_blank\" rel=\"noopener noreferrer\"><span style=\"color: #ff0000;\"><strong><span style=\"font-size: 18pt;\">Pentru Acas\u0103<\/span><\/strong><\/span><\/a><\/p>\n<hr \/>\n<p>C\u0103minul t\u0103u este un sanctuar, un loc unde \u00ee\u021bi petreci timpul cu familia \u0219i prietenii \u0219i v\u0103 bucura\u021bi \u00eempreun\u0103, de amintirile frumoase. Aici \u00eencerci s\u0103 ai o via\u021b\u0103 mai bun\u0103, s\u0103 sus\u021bii starea de bine \u0219i s\u0103 creezi un mediu optim de a tr\u0103i. Oferindu-\u021bi \u021bie \u0219i familiei tale tot ce este mai bun,\u00eenseamn\u0103 s\u0103 te \u00eenconjori de lucruri s\u0103n\u0103toase, naturale \u0219i netoxice. Young Living este partenerul t\u0103u \u00een aceast\u0103 c\u0103utare. De la produsele de cur\u0103\u021bat pe care le utilizezi p\u00e2n\u0103 la pasta de din\u021bi din dulap, c\u0103minul t\u0103u trebuie s\u0103 fie locul \u00een care se instaleaz\u0103 starea de bine absolut\u0103.<\/p>\n<table style=\"border-collapse: collapse; width: 100%;\">\n<tbody>\n<tr>\n<td style=\"width: 33.3333%; background-color: #ffffff; text-align: center;\"><a href=\"https:\/\/www.youngliving.com\/ro_RO\/products\/c\/pentru-acas%C4%83-\/cur%C4%83%C8%9Bare-natural%C4%83?sponsorid=23138817&amp;enrollerid=23138817&amp;type=member\" target=\"_blank\" rel=\"noopener noreferrer\"><img loading=\"lazy\" class=\"aligncenter wp-image-536 size-full\" title=\"Cur\u0103\u021bare natural\u0103\" src=\"https:\/\/huiles-essentielles.pour-toi.fr\/wp-content\/uploads\/2020\/05\/Natural-Cleaning.jpg\" alt=\"\" width=\"373\" height=\"241\" srcset=\"https:\/\/huiles-essentielles.pour-toi.fr\/wp-content\/uploads\/2020\/05\/Natural-Cleaning.jpg 373w, https:\/\/huiles-essentielles.pour-toi.fr\/wp-content\/uploads\/2020\/05\/Natural-Cleaning-300x194.jpg 300w, https:\/\/huiles-essentielles.pour-toi.fr\/wp-content\/uploads\/2020\/05\/Natural-Cleaning-150x97.jpg 150w\" sizes=\"(max-width: 373px) 100vw, 373px\" \/><\/a><a href=\"https:\/\/www.youngliving.com\/ro_RO\/products\/c\/pentru-acas%C4%83-\/cur%C4%83%C8%9Bare-natural%C4%83?sponsorid=23138817&amp;enrollerid=23138817&amp;type=member\" target=\"_blank\" rel=\"noopener noreferrer\">Cur\u0103\u021bare natural\u0103<\/a><\/td>\n<td style=\"width: 33.3333%; background-color: #ffffff; text-align: center;\"><a href=\"https:\/\/www.youngliving.com\/ro_RO\/products\/c\/pentru-acas%C4%83-\/protec%C8%9Bie-natural%C4%83?sponsorid=23138817&amp;enrollerid=23138817&amp;type=member\" target=\"_blank\" rel=\"noopener noreferrer\"><img loading=\"lazy\" class=\"aligncenter wp-image-559\" title=\"Protec\u021bie natural\u0103\" src=\"https:\/\/huiles-essentielles.pour-toi.fr\/wp-content\/uploads\/2020\/05\/Natural-Protection-e1588373834860.jpg\" alt=\"\" width=\"397\" height=\"241\" srcset=\"https:\/\/huiles-essentielles.pour-toi.fr\/wp-content\/uploads\/2020\/05\/Natural-Protection-e1588373834860.jpg 364w, https:\/\/huiles-essentielles.pour-toi.fr\/wp-content\/uploads\/2020\/05\/Natural-Protection-e1588373834860-300x182.jpg 300w, https:\/\/huiles-essentielles.pour-toi.fr\/wp-content\/uploads\/2020\/05\/Natural-Protection-e1588373834860-150x91.jpg 150w\" sizes=\"(max-width: 397px) 100vw, 397px\" \/><\/a><a href=\"https:\/\/www.youngliving.com\/ro_RO\/products\/c\/pentru-acas%C4%83-\/protec%C8%9Bie-natural%C4%83?sponsorid=23138817&amp;enrollerid=23138817&amp;type=member\" target=\"_blank\" rel=\"noopener noreferrer\">Protec\u021bie natural\u0103<\/a><\/td>\n<td style=\"width: 33.3333%; background-color: #ffffff; text-align: center;\"><a href=\"https:\/\/www.youngliving.com\/ro_RO\/products\/c\/pentru-acas%C4%83-\/aromatizatoare-%C8%99i-accesorii?sponsorid=23138817&amp;enrollerid=23138817&amp;type=member\" target=\"_blank\" rel=\"noopener noreferrer\"><img loading=\"lazy\" class=\"aligncenter wp-image-283\" title=\"Aromatizatoare \u0219i accesorii\" src=\"https:\/\/huiles-essentielles.pour-toi.fr\/wp-content\/uploads\/2020\/04\/Difuzor-e1588047067918.jpg\" alt=\"\" width=\"363\" height=\"241\" \/><\/a><a href=\"https:\/\/www.youngliving.com\/ro_RO\/products\/c\/pentru-acas%C4%83-\/aromatizatoare-%C8%99i-accesorii?sponsorid=23138817&amp;enrollerid=23138817&amp;type=member\" target=\"_blank\" rel=\"noopener noreferrer\">Aromatizatoare \u0219i accesorii<\/a><\/td>\n<\/tr>\n<tr>\n<td style=\"width: 33.3333%; background-color: #ffffff; text-align: center;\"><a href=\"https:\/\/www.youngliving.com\/ro_RO\/products\/c\/pentru-acas%C4%83-\/%C3%AEngrijire-oral%C4%83?sponsorid=23138817&amp;enrollerid=23138817&amp;type=member\" target=\"_blank\" rel=\"noopener noreferrer\"><img loading=\"lazy\" class=\"aligncenter wp-image-543 size-full\" title=\"\u00cengrijire oral\u0103\" src=\"https:\/\/huiles-essentielles.pour-toi.fr\/wp-content\/uploads\/2020\/05\/Oral-Care-e1588371859145.jpg\" alt=\"\" width=\"373\" height=\"241\" srcset=\"https:\/\/huiles-essentielles.pour-toi.fr\/wp-content\/uploads\/2020\/05\/Oral-Care-e1588371859145.jpg 373w, https:\/\/huiles-essentielles.pour-toi.fr\/wp-content\/uploads\/2020\/05\/Oral-Care-e1588371859145-300x194.jpg 300w, https:\/\/huiles-essentielles.pour-toi.fr\/wp-content\/uploads\/2020\/05\/Oral-Care-e1588371859145-150x97.jpg 150w\" sizes=\"(max-width: 373px) 100vw, 373px\" \/><\/a><a href=\"https:\/\/www.youngliving.com\/ro_RO\/products\/c\/pentru-acas%C4%83-\/%C3%AEngrijire-oral%C4%83?sponsorid=23138817&amp;enrollerid=23138817&amp;type=member\" target=\"_blank\" rel=\"noopener noreferrer\">\u00cengrijire oral\u0103<\/a><\/td>\n<td style=\"width: 33.3333%; background-color: #ffffff; text-align: center;\"><a href=\"https:\/\/www.youngliving.com\/ro_RO\/products\/c\/pentru-acas%C4%83-\/purificarea-casei?sponsorid=23138817&amp;enrollerid=23138817&amp;type=member\" target=\"_blank\" rel=\"noopener noreferrer\"><img loading=\"lazy\" class=\"aligncenter wp-image-546\" title=\"Purificarea casei\" src=\"https:\/\/huiles-essentielles.pour-toi.fr\/wp-content\/uploads\/2020\/05\/Purification-de-la-maison-e1588372086807.jpg\" alt=\"\" width=\"373\" height=\"241\" \/><\/a><a href=\"https:\/\/www.youngliving.com\/ro_RO\/products\/c\/pentru-acas%C4%83-\/purificarea-casei?sponsorid=23138817&amp;enrollerid=23138817&amp;type=member\" target=\"_blank\" rel=\"noopener noreferrer\">Purificarea casei<\/a><\/td>\n<td style=\"width: 33.3333%; background-color: #ffffff; text-align: center;\"><a href=\"https:\/\/www.youngliving.com\/ro_RO\/products\/c\/pentru-acas%C4%83-\/accesorii?sponsorid=23138817&amp;enrollerid=23138817&amp;type=member\" target=\"_blank\" rel=\"noopener noreferrer\"><img loading=\"lazy\" class=\"wp-image-549 aligncenter\" title=\"Accesorii\" src=\"https:\/\/huiles-essentielles.pour-toi.fr\/wp-content\/uploads\/2020\/05\/Accesories-e1588512399790.jpg\" alt=\"\" width=\"373\" height=\"241\" \/><\/a><a href=\"https:\/\/www.youngliving.com\/ro_RO\/products\/c\/pentru-acas%C4%83-\/accesorii?sponsorid=23138817&amp;enrollerid=23138817&amp;type=member\" target=\"_blank\" rel=\"noopener noreferrer\">Accesorii<\/a><\/td>\n<\/tr>\n<tr>\n<td style=\"width: 33.3333%; background-color: #ffffff; text-align: center;\"><a href=\"https:\/\/www.youngliving.com\/ro_RO\/products\/c\/pentru-acas%C4%83-\/produse-de-marc%C4%83?sponsorid=23138817&amp;enrollerid=23138817&amp;type=member\">Produse de marc\u0103<\/a><\/td>\n<td style=\"width: 33.3333%; background-color: #ffffff; text-align: center;\"><a href=\"https:\/\/www.youngliving.com\/ro_RO\/products\/c\/pentru-acas%C4%83-\/seedlings?sponsorid=23138817&amp;enrollerid=23138817&amp;type=member\" target=\"_blank\" rel=\"noopener noreferrer\">Seedlings<\/a><\/td>\n<td style=\"width: 33.3333%; background-color: #ffffff; text-align: center;\">\u00a0<\/td>\n<\/tr>\n<\/tbody>\n<\/table>\n","protected":false},"excerpt":{"rendered":"<p style=\"text-align: center;\"><a href=\"https:\/\/www.youngliving.com\/ro_RO\/products\/c\/pentru-acas%C4%83-?sponsorid=23138817&amp;enrollerid=23138817&amp;type=member\" target=\"_blank\" rel=\"noopener noreferrer\"><span style=\"color: #ff0000;\"><strong><span ... [...]\n<\/p>\n","protected":false},"author":1,"featured_media":0,"parent":0,"menu_order":0,"comment_status":"closed","ping_status":"closed","template":"","meta":[],"_links":{"self":[{"href":"https:\/\/huiles-essentielles.pour-toi.fr\/ro_RO\/wp-json\/wp\/v2\/pages\/520"}],"collection":[{"href":"https:\/\/huiles-essentielles.pour-toi.fr\/ro_RO\/wp-json\/wp\/v2\/pages"}],"about":[{"href":"https:\/\/huiles-essentielles.pour-toi.fr\/ro_RO\/wp-json\/wp\/v2\/types\/page"}],"author":[{"embeddable":true,"href":"https:\/\/huiles-essentielles.pour-toi.fr\/ro_RO\/wp-json\/wp\/v2\/users\/1"}],"replies":[{"embeddable":true,"href":"https:\/\/huiles-essentielles.pour-toi.fr\/ro_RO\/wp-json\/wp\/v2\/comments?post=520"}],"version-history":[{"count":100,"href":"https:\/\/huiles-essentielles.pour-toi.fr\/ro_RO\/wp-json\/wp\/v2\/pages\/520\/revisions"}],"predecessor-version":[{"id":923,"href":"https:\/\/huiles-essentielles.pour-toi.fr\/ro_RO\/wp-json\/wp\/v2\/pages\/520\/revisions\/923"}],"wp:attachment":[{"href":"https:\/\/huiles-essentielles.pour-toi.fr\/ro_RO\/wp-json\/wp\/v2\/media?parent=520"}],"curies":[{"name":"wp","href":"https:\/\/api.w.org\/{rel}","templated":true}]}}