{"id":480,"date":"2020-04-29T07:13:58","date_gmt":"2020-04-29T05:13:58","guid":{"rendered":"https:\/\/huiles-essentielles.pour-toi.fr\/?page_id=480"},"modified":"2020-07-25T04:13:38","modified_gmt":"2020-07-25T02:13:38","slug":"huiles-de-massage","status":"publish","type":"page","link":"https:\/\/huiles-essentielles.pour-toi.fr\/ro_RO\/huiles-de-massage\/","title":{"rendered":"Uleiuri pentru masaj"},"content":{"rendered":"<h3 style=\"text-align: center;\"><a href=\"https:\/\/www.youngliving.com\/ro_RO\/products\/c\/uleiuri-esen%C8%9Biale-%C8%99i-amestecuri\/uleiuri-pentru-masaj?sponsorid=23138817&amp;enrollerid=23138817&amp;type=member\" target=\"_blank\" rel=\"noopener noreferrer\"><span style=\"color: #ff0000;\"><strong>Uleiuri pentru masaj<\/strong><\/span><\/a><\/h3>\n<hr \/>\n<table style=\"border-collapse: collapse; width: 100%;\">\n<tbody>\n<tr>\n<td style=\"width: 33.3333%; background-color: #ffffff;\">\n<p style=\"text-align: center;\"><a href=\"https:\/\/www.youngliving.com\/ro_ro\/products\/uleiul-pentru-masaj-cel-lite-magic?sponsorid=23138817&amp;amp;enrollerid=23138817&amp;amp;type=member\" target=\"_blank\" rel=\"noopener noreferrer\"><img loading=\"lazy\" id=\"channelProductImage\" class=\"aligncenter\" title=\"Uleiul pentru masaj Cel-Lite Magic\" src=\"https:\/\/static.youngliving.com\/productimages\/large\/303508.jpg\" alt=\"\" width=\"65\" height=\"250\" \/><\/a><a href=\"https:\/\/www.youngliving.com\/ro_ro\/products\/uleiul-pentru-masaj-cel-lite-magic?sponsorid=23138817&amp;amp;enrollerid=23138817&amp;amp;type=member\" target=\"_blank\" rel=\"noopener noreferrer\">Uleiul pentru masaj Cel-Lite Magic<\/a><\/p>\n<\/td>\n<td style=\"width: 33.3333%; background-color: #ffffff;\">\n<p style=\"text-align: center;\"><a href=\"https:\/\/www.youngliving.com\/ro_ro\/products\/uleiul-de-masaj-dragon-time?sponsorid=23138817&amp;amp;enrollerid=23138817&amp;amp;type=member\" target=\"_blank\" rel=\"noopener noreferrer\"><img loading=\"lazy\" id=\"channelProductImage\" class=\"aligncenter\" title=\"Uleiul de masaj Dragon Time\" src=\"https:\/\/static.youngliving.com\/productimages\/large\/3034521.jpg\" alt=\"\" width=\"250\" height=\"250\" \/><\/a><a href=\"https:\/\/www.youngliving.com\/ro_ro\/products\/uleiul-de-masaj-dragon-time?sponsorid=23138817&amp;amp;enrollerid=23138817&amp;amp;type=member\" target=\"_blank\" rel=\"noopener noreferrer\">Uleiul de masaj Dragon Time<\/a><\/p>\n<\/td>\n<td style=\"width: 33.3333%; background-color: #ffffff; text-align: center;\"><a href=\"https:\/\/www.youngliving.com\/ro_ro\/products\/uleiul-pentru-masaj-ortho-ease?sponsorid=23138817&amp;amp;enrollerid=23138817&amp;amp;type=member\" target=\"_blank\" rel=\"noopener noreferrer\"><img loading=\"lazy\" id=\"channelProductImage\" class=\"aligncenter\" title=\"Uleiul pentru masaj Ortho Ease\" src=\"https:\/\/static.youngliving.com\/productimages\/large\/303308.jpg\" alt=\"\" width=\"72\" height=\"250\" \/>Uleiul pentru masaj Ortho Ease<\/a><\/td>\n<\/tr>\n<tr>\n<td style=\"width: 33.3333%; background-color: #ffffff;\">\n<p style=\"text-align: center;\"><a href=\"https:\/\/www.youngliving.com\/ro_RO\/products\/c\/uleiuri-esen%C8%9Biale-%C8%99i-amestecuri\/uleiuri-pentru-masaj?sponsorid=23138817&amp;amp;enrollerid=23138817&amp;amp;type=member\" target=\"_blank\" rel=\"noopener noreferrer\"><img loading=\"lazy\" id=\"channelProductImage\" class=\"aligncenter\" title=\"Uleiul pentru masaj Ortho Sport\" src=\"https:\/\/static.youngliving.com\/productimages\/large\/303208.jpg\" alt=\"\" width=\"65\" height=\"250\" \/><\/a><a href=\"https:\/\/www.youngliving.com\/ro_RO\/products\/c\/uleiuri-esen%C8%9Biale-%C8%99i-amestecuri\/uleiuri-pentru-masaj?sponsorid=23138817&amp;amp;enrollerid=23138817&amp;amp;type=member\" target=\"_blank\" rel=\"noopener noreferrer\">Uleiul pentru masaj Ortho Sport<\/a><\/p>\n<\/td>\n<td style=\"width: 33.3333%; background-color: #ffffff;\">\n<p style=\"text-align: center;\"><a href=\"https:\/\/www.youngliving.com\/ro_ro\/products\/colec%C8%9Bia-de-uleiuri-raindrop-technique?sponsorid=23138817&amp;amp;enrollerid=23138817&amp;amp;type=member\" target=\"_blank\" rel=\"noopener noreferrer\"><img loading=\"lazy\" id=\"channelProductImage\" class=\"aligncenter\" title=\"Colec\u021bia de uleiuri Raindrop Technique\" src=\"https:\/\/static.youngliving.com\/productimages\/large\/313708.jpg\" alt=\"\" width=\"250\" height=\"250\" \/><\/a><a href=\"https:\/\/www.youngliving.com\/ro_ro\/products\/colec%C8%9Bia-de-uleiuri-raindrop-technique?sponsorid=23138817&amp;amp;enrollerid=23138817&amp;amp;type=member\" target=\"_blank\" rel=\"noopener noreferrer\">Colec\u021bia de uleiuri Raindrop Technique<\/a><\/p>\n<\/td>\n<td style=\"width: 33.3333%; background-color: #ffffff; text-align: center;\"><a href=\"https:\/\/www.youngliving.com\/ro_ro\/products\/uleiul-pentru-masaj-relaxation?sponsorid=23138817&amp;amp;enrollerid=23138817&amp;amp;type=member\"><img loading=\"lazy\" id=\"channelProductImage\" class=\"aligncenter\" title=\"Uleiul pentru masaj Relaxation\" src=\"https:\/\/static.youngliving.com\/productimages\/large\/3037521.jpg\" alt=\"\" width=\"250\" height=\"250\" \/><\/a><a href=\"https:\/\/www.youngliving.com\/ro_ro\/products\/uleiul-pentru-masaj-relaxation?sponsorid=23138817&amp;amp;enrollerid=23138817&amp;amp;type=member\" target=\"_blank\" rel=\"noopener noreferrer\">Uleiul pentru masaj Relaxation<\/a><\/td>\n<\/tr>\n<tr>\n<td style=\"width: 33.3333%; background-color: #ffffff; text-align: center;\"><a href=\"https:\/\/www.youngliving.com\/ro_ro\/products\/uleiul-pentru-masaj-sensation?sponsorid=23138817&amp;amp;enrollerid=23138817&amp;amp;type=member\" target=\"_blank\" rel=\"noopener noreferrer\"><img loading=\"lazy\" id=\"channelProductImage\" class=\"aligncenter\" title=\"Uleiul pentru masaj Sensation\" src=\"https:\/\/static.youngliving.com\/productimages\/large\/3036521.jpg\" alt=\"\" width=\"72\" height=\"250\" \/><\/a><a href=\"https:\/\/www.youngliving.com\/ro_ro\/products\/uleiul-pentru-masaj-sensation?sponsorid=23138817&amp;amp;enrollerid=23138817&amp;amp;type=member\" target=\"_blank\" rel=\"noopener noreferrer\">Uleiul pentru masaj Sensation<\/a><\/td>\n<td style=\"width: 33.3333%; background-color: #ffffff; text-align: center;\"><a href=\"https:\/\/www.youngliving.com\/ro_ro\/products\/young-living-v-6-enhanced-vegetable-oil-complex?sponsorid=23138817&amp;amp;enrollerid=23138817&amp;amp;type=member\" target=\"_blank\" rel=\"noopener noreferrer\"><img loading=\"lazy\" id=\"channelProductImage\" class=\"aligncenter\" title=\"Young Living V-6\u00ae Enhanced Vegetable Oil Complex\" src=\"https:\/\/static.youngliving.com\/productimages\/large\/303108.jpg\" alt=\"\" width=\"65\" height=\"250\" \/><\/a><a href=\"https:\/\/www.youngliving.com\/ro_ro\/products\/young-living-v-6-enhanced-vegetable-oil-complex?sponsorid=23138817&amp;amp;enrollerid=23138817&amp;amp;type=member\" target=\"_blank\" rel=\"noopener noreferrer\">Young Living V-6\u00ae Enhanced Vegetable Oil Complex<\/a><\/td>\n<td style=\"width: 33.3333%; background-color: #ffffff;\">\n<p><img id=\"channelProductImage\" class=\"aligncenter\" title=\"Huile v\u00e9g\u00e9tale am\u00e9lior\u00e9e Young Living V-6\u00ae Recharge\" src=\"https:\/\/static.youngliving.com\/productimages\/large\/3030500.jpg\" alt=\"\" \/><\/p>\n<p style=\"text-align: center;\"><a href=\"https:\/\/www.youngliving.com\/ro_ro\/products\/young-living-v-6-enhanced-vegetable-oil-refill?sponsorid=23138817&amp;amp;enrollerid=23138817&amp;amp;type=member\" target=\"_blank\" rel=\"noopener noreferrer\">Young Living V-6\u00ae Enhanced Vegetable Oil Refill<\/a><\/p>\n<\/td>\n<\/tr>\n<\/tbody>\n<\/table>\n","protected":false},"excerpt":{"rendered":"<h3 style=\"text-align: center;\"><a href=\"https:\/\/www.youngliving.com\/ro_RO\/products\/c\/uleiuri-esen%C8%9Biale-%C8%99i-amestecuri\/uleiuri-pentru-masaj?sponsorid=23138817&amp;enrollerid=23138817&amp;type=member\" target=\"_blank\" rel=\"noopener noreferrer\"... [...]\n<\/p>\n","protected":false},"author":1,"featured_media":0,"parent":0,"menu_order":0,"comment_status":"closed","ping_status":"closed","template":"","meta":[],"_links":{"self":[{"href":"https:\/\/huiles-essentielles.pour-toi.fr\/ro_RO\/wp-json\/wp\/v2\/pages\/480"}],"collection":[{"href":"https:\/\/huiles-essentielles.pour-toi.fr\/ro_RO\/wp-json\/wp\/v2\/pages"}],"about":[{"href":"https:\/\/huiles-essentielles.pour-toi.fr\/ro_RO\/wp-json\/wp\/v2\/types\/page"}],"author":[{"embeddable":true,"href":"https:\/\/huiles-essentielles.pour-toi.fr\/ro_RO\/wp-json\/wp\/v2\/users\/1"}],"replies":[{"embeddable":true,"href":"https:\/\/huiles-essentielles.pour-toi.fr\/ro_RO\/wp-json\/wp\/v2\/comments?post=480"}],"version-history":[{"count":29,"href":"https:\/\/huiles-essentielles.pour-toi.fr\/ro_RO\/wp-json\/wp\/v2\/pages\/480\/revisions"}],"predecessor-version":[{"id":1232,"href":"https:\/\/huiles-essentielles.pour-toi.fr\/ro_RO\/wp-json\/wp\/v2\/pages\/480\/revisions\/1232"}],"wp:attachment":[{"href":"https:\/\/huiles-essentielles.pour-toi.fr\/ro_RO\/wp-json\/wp\/v2\/media?parent=480"}],"curies":[{"name":"wp","href":"https:\/\/api.w.org\/{rel}","templated":true}]}}