{"id":330,"date":"2020-04-28T16:40:34","date_gmt":"2020-04-28T14:40:34","guid":{"rendered":"https:\/\/huiles-essentielles.pour-toi.fr\/?page_id=330"},"modified":"2020-05-01T23:02:46","modified_gmt":"2020-05-01T21:02:46","slug":"produits","status":"publish","type":"page","link":"https:\/\/huiles-essentielles.pour-toi.fr\/ro_RO\/produits\/","title":{"rendered":"Produse"},"content":{"rendered":"<ul>\n<li><a href=\"https:\/\/www.youngliving.com\/ro_RO\/products\/c\/produse-noi-%C8%99i-sezoniere?sponsorid=23138817&amp;enrollerid=23138817&amp;type=member\" target=\"_blank\" rel=\"noopener noreferrer\">Produse noi \u0219i sezoniere<\/a><\/li>\n<li><a href=\"https:\/\/www.youngliving.com\/ro_RO\/products\/c\/uleiuri-esen%C8%9Biale-%C8%99i-amestecuri?sponsorid=23138817&amp;enrollerid=23138817&amp;type=member\" target=\"_blank\" rel=\"noopener noreferrer\">Uleiuri esen\u021biale \u0219i amestecuri<\/a> <span class=\"collapseomatic \" id=\"id69d595506e922\"  tabindex=\"0\"     >Afi\u015feaz\u0103\/Ascunde<\/span><div id=\"target-id69d595506e922\" class=\"collapseomatic_content \">\nUleiuri esen\u0163iale simple<br \/>\nAmestecuri de uleiuri esen\u0163iale<br \/>\nRoll-on-uri<br \/>\nUleiuri pentru masaj<br \/>\nColec\u0163ia de uleiuri Plus<br \/>\nAnimal Scents<br \/>\nColec\u021bii<br \/>\nAromatizatoare \u0219i accesorii<br \/>\nAccesorii<br \/>\nColec\u021bia Young Living Provence<\/div><\/li>\n<li><a href=\"https:\/\/www.youngliving.com\/ro_RO\/products\/c\/pentru-acas%C4%83-?sponsorid=23138817&amp;enrollerid=23138817&amp;type=member\" target=\"_blank\" rel=\"noopener noreferrer\">Pentru Acas\u0103<\/a> <span class=\"collapseomatic \" id=\"id69d595506e997\"  tabindex=\"0\"     >Afi\u015feaz\u0103\/Ascunde<\/span><div id=\"target-id69d595506e997\" class=\"collapseomatic_content \">\nCur\u0103\u021bare natural\u0103<br \/>\nProtec\u021bie natural\u0103<br \/>\nAromatizatoare \u0219i accesorii<br \/>\n\u00cengrijire oral\u0103<br \/>\nPurificarea casei<br \/>\nAccesorii<br \/>\nProduse de marc\u0103<br \/>\nSeedlings<\/div><\/li>\n<li><a href=\"https:\/\/www.youngliving.com\/ro_RO\/products\/c\/stare-de-bine?sponsorid=23138817&amp;enrollerid=23138817&amp;type=member\" target=\"_blank\" rel=\"noopener noreferrer\">Stare de bine<\/a> <span class=\"collapseomatic \" id=\"id69d595506eafe\"  tabindex=\"0\"     >Afi\u015feaz\u0103\/Ascunde<\/span><div id=\"target-id69d595506eafe\" class=\"collapseomatic_content \">\nMultivitamine<br \/>\nNutri\u021bie \u00een func\u021bie de v\u00e2rst\u0103<br \/>\nArticula\u021bii \u0219i mobilitate<br \/>\nSolu\u021bii pentru organism<br \/>\nProduse lichide pentru starea de bine<br \/>\nControlarea greut\u0103\u021bii<br \/>\nSus\u021binere specific\u0103<br \/>\nEnergie \u0219i vitalitate<br \/>\nGust\u0103ri s\u0103n\u0103toase<\/div><\/li>\n<li><a href=\"https:\/\/www.youngliving.com\/ro_RO\/products\/c\/frumuse%C8%9Be?sponsorid=23138817&amp;enrollerid=23138817&amp;type=member\" target=\"_blank\" rel=\"noopener noreferrer\">Frumuse\u021be<\/a> <span class=\"collapseomatic \" id=\"id69d595506eee1\"  tabindex=\"0\"     >Afi\u015feaz\u0103\/Ascunde<\/span><div id=\"target-id69d595506eee1\" class=\"collapseomatic_content \">\nProduse anti\u00eemb\u0103tr\u00e2nire<br \/>\n\u00cengrijire facial\u0103<br \/>\nProduse pentru baie \u0219i \u00eengrijire corporal\u0103<\/div><\/li>\n<li><a href=\"https:\/\/www.youngliving.com\/ro_RO\/products\/c\/echilibru?sponsorid=23138817&amp;enrollerid=23138817&amp;type=member\" target=\"_blank\" rel=\"noopener noreferrer\">Echilibru<\/a> <span class=\"collapseomatic \" id=\"id69d59550701a0\"  tabindex=\"0\"     >Afi\u015feaz\u0103\/Ascunde<\/span><div id=\"target-id69d59550701a0\" class=\"collapseomatic_content \">\nS\u0103n\u0103tate spiritual\u0103<br \/>\nStare de bine mental\u0103<br \/>\nStare de bine emo\u021bional\u0103<br \/>\nSolu\u021bii pentru somn<\/div><\/li>\n<li><a href=\"https:\/\/www.youngliving.com\/ro_RO\/products\/c\/savvy-minerals?sponsorid=23138817&amp;enrollerid=23138817&amp;type=member\" target=\"_blank\" rel=\"noopener noreferrer\">Savvy Minerals<\/a> <span class=\"collapseomatic \" id=\"id69d5955071527\"  tabindex=\"0\"     >Afi\u015feaz\u0103\/Ascunde<\/span><div id=\"target-id69d5955071527\" class=\"collapseomatic_content \">\nFarduri pentru ochi<br \/>\nMascara<br \/>\nEyeliner<br \/>\nMultiTasker<br \/>\nLipstick<br \/>\nLip Gloss<br \/>\nLip Scrub<br \/>\nBronzer<br \/>\nBlush<br \/>\nFoundation<br \/>\nVeil<br \/>\nMisting Spray<br \/>\nBrushes<\/div><\/li>\n<li><a href=\"https:\/\/www.youngliving.com\/en_GB\/opportunity\/products?sponsorid=23138817&amp;enrollerid=23138817&amp;type=member\">Opportunity Products<\/a> <span class=\"collapseomatic \" id=\"id69d59550728af\"  tabindex=\"0\"     >Afi\u015feaz\u0103\/Ascunde<\/span><div id=\"target-id69d59550728af\" class=\"collapseomatic_content \">\nStarter Kits<br \/>\nEssential Rewards Kits<br \/>\nBusiness Tools &amp; Aids<br \/>\nYoung Living Merchand<\/div><\/li>\n<\/ul>\n","protected":false},"excerpt":{"rendered":"<ul>\n<li><a href=\"https:\/\/www.youngliving.com\/ro_RO\/products\/c\/produse-noi-%C8%99i-sezoniere?sponsorid=23138817&amp;enrollerid=23138817&amp;type=member\" target=\"_blank\" rel=\"noopener noreferrer\">Produse noi \u0219i sezoniere<\/a><\/li>\n<li><a href=\"ht... [...] \n<br \/>\n","protected":false},"author":1,"featured_media":0,"parent":0,"menu_order":0,"comment_status":"closed","ping_status":"closed","template":"","meta":[],"_links":{"self":[{"href":"https:\/\/huiles-essentielles.pour-toi.fr\/ro_RO\/wp-json\/wp\/v2\/pages\/330"}],"collection":[{"href":"https:\/\/huiles-essentielles.pour-toi.fr\/ro_RO\/wp-json\/wp\/v2\/pages"}],"about":[{"href":"https:\/\/huiles-essentielles.pour-toi.fr\/ro_RO\/wp-json\/wp\/v2\/types\/page"}],"author":[{"embeddable":true,"href":"https:\/\/huiles-essentielles.pour-toi.fr\/ro_RO\/wp-json\/wp\/v2\/users\/1"}],"replies":[{"embeddable":true,"href":"https:\/\/huiles-essentielles.pour-toi.fr\/ro_RO\/wp-json\/wp\/v2\/comments?post=330"}],"version-history":[{"count":84,"href":"https:\/\/huiles-essentielles.pour-toi.fr\/ro_RO\/wp-json\/wp\/v2\/pages\/330\/revisions"}],"predecessor-version":[{"id":518,"href":"https:\/\/huiles-essentielles.pour-toi.fr\/ro_RO\/wp-json\/wp\/v2\/pages\/330\/revisions\/518"}],"wp:attachment":[{"href":"https:\/\/huiles-essentielles.pour-toi.fr\/ro_RO\/wp-json\/wp\/v2\/media?parent=330"}],"curies":[{"name":"wp","href":"https:\/\/api.w.org\/{rel}","templated":true}]}}