{"id":2,"date":"2020-04-26T20:13:25","date_gmt":"2020-04-26T18:13:25","guid":{"rendered":"http:\/\/huiles-essentielles.pour-toi.fr\/?page_id=2"},"modified":"2020-05-04T03:40:37","modified_gmt":"2020-05-04T01:40:37","slug":"home","status":"publish","type":"page","link":"https:\/\/huiles-essentielles.pour-toi.fr\/ro_RO\/","title":{"rendered":"Acas\u0103"},"content":{"rendered":"<p style=\"text-align: center;\"><span style=\"font-size: 18pt; color: #ff0000;\"><strong>10 utiliz\u0103ri moderne pentru colec\u021bia noastr\u0103 Oils of Ancient Scripture.<\/strong><\/span><a href=\"https:\/\/www.youngliving.com\/ro_RO\/products\/oils-of-ancient-scripture-kit?sponsorid=23138817&amp;enrollerid=23138817&amp;type=member\" target=\"_blank\" rel=\"noopener noreferrer\"><img loading=\"lazy\" class=\"aligncenter wp-image-896 size-full\" title=\"Oils of Ancient Scripture\" src=\"https:\/\/huiles-essentielles.pour-toi.fr\/wp-content\/uploads\/2020\/05\/Oils-of-Ancient-Scripture-ro.jpg\" alt=\"\" width=\"1080\" height=\"529\" srcset=\"https:\/\/huiles-essentielles.pour-toi.fr\/wp-content\/uploads\/2020\/05\/Oils-of-Ancient-Scripture-ro.jpg 1080w, https:\/\/huiles-essentielles.pour-toi.fr\/wp-content\/uploads\/2020\/05\/Oils-of-Ancient-Scripture-ro-300x147.jpg 300w, https:\/\/huiles-essentielles.pour-toi.fr\/wp-content\/uploads\/2020\/05\/Oils-of-Ancient-Scripture-ro-1024x502.jpg 1024w, https:\/\/huiles-essentielles.pour-toi.fr\/wp-content\/uploads\/2020\/05\/Oils-of-Ancient-Scripture-ro-768x376.jpg 768w, https:\/\/huiles-essentielles.pour-toi.fr\/wp-content\/uploads\/2020\/05\/Oils-of-Ancient-Scripture-ro-150x73.jpg 150w, https:\/\/huiles-essentielles.pour-toi.fr\/wp-content\/uploads\/2020\/05\/Oils-of-Ancient-Scripture-ro-400x196.jpg 400w\" sizes=\"(max-width: 1080px) 100vw, 1080px\" \/><\/a><\/p>\n<p>Culturile antice precum egiptenii, per\u0219ii, romanii \u0219i israeli\u021bii, foloseau uleiurile esen\u021biale. Apropo, \u0219tiai c\u0103 putem g\u0103si anumite uleiuri esen\u021biale chiar \u00een Biblie? Colec\u021bia noastr\u0103 <a href=\"https:\/\/www.youngliving.com\/ro_RO\/products\/oils-of-ancient-scripture-kit?sponsorid=23138817&amp;enrollerid=23138817&amp;type=member\" target=\"_blank\" rel=\"noopener noreferrer\">Oils of Ancient Scripture<\/a> con\u021bine 10 din aceste uleiuri, fiecare cu beneficii moderne pe care le po\u021bi folosi \u00een casa ta. Nu uita s\u0103 verifici \u00eentotdeauna eticheta pentru instruc\u021biuni de utilizare \u00eenainte de a folosi uleiul.<\/p>\n","protected":false},"excerpt":{"rendered":"<p style=\"text-align: center;\"><span style=\"font-size: 18pt; color: #ff0000;\"><strong>10 utiliz\u0103ri moderne pentru colec\u021bia noastr\u0103 Oils of Ancient Scripture.<\/strong><\/span><a href=\"https:\/\/www.youngliving.com\/ro_RO\/products\/oils-of-ancient-scripture... [...]\n<\/p>\n","protected":false},"author":1,"featured_media":0,"parent":0,"menu_order":0,"comment_status":"closed","ping_status":"open","template":"","meta":[],"_links":{"self":[{"href":"https:\/\/huiles-essentielles.pour-toi.fr\/ro_RO\/wp-json\/wp\/v2\/pages\/2"}],"collection":[{"href":"https:\/\/huiles-essentielles.pour-toi.fr\/ro_RO\/wp-json\/wp\/v2\/pages"}],"about":[{"href":"https:\/\/huiles-essentielles.pour-toi.fr\/ro_RO\/wp-json\/wp\/v2\/types\/page"}],"author":[{"embeddable":true,"href":"https:\/\/huiles-essentielles.pour-toi.fr\/ro_RO\/wp-json\/wp\/v2\/users\/1"}],"replies":[{"embeddable":true,"href":"https:\/\/huiles-essentielles.pour-toi.fr\/ro_RO\/wp-json\/wp\/v2\/comments?post=2"}],"version-history":[{"count":35,"href":"https:\/\/huiles-essentielles.pour-toi.fr\/ro_RO\/wp-json\/wp\/v2\/pages\/2\/revisions"}],"predecessor-version":[{"id":904,"href":"https:\/\/huiles-essentielles.pour-toi.fr\/ro_RO\/wp-json\/wp\/v2\/pages\/2\/revisions\/904"}],"wp:attachment":[{"href":"https:\/\/huiles-essentielles.pour-toi.fr\/ro_RO\/wp-json\/wp\/v2\/media?parent=2"}],"curies":[{"name":"wp","href":"https:\/\/api.w.org\/{rel}","templated":true}]}}