{"id":146,"date":"2020-04-27T02:59:41","date_gmt":"2020-04-27T00:59:41","guid":{"rendered":"http:\/\/huiles-essentielles.pour-toi.fr\/?page_id=146"},"modified":"2020-04-28T21:07:47","modified_gmt":"2020-04-28T19:07:47","slug":"huiles-essentielles-et-melanges","status":"publish","type":"page","link":"https:\/\/huiles-essentielles.pour-toi.fr\/ro_RO\/huiles-essentielles-et-melanges\/","title":{"rendered":"Uleiuri esen\u021biale \u0219i amestecuri"},"content":{"rendered":"<h4 class=\"upper\" style=\"text-align: center;\"><span style=\"font-size: 14pt; color: #0000ff;\">Categorii<\/span><\/h4>\n<div class=\"category-block row-fluid product left\">\n<div class=\"content span7\">\n<div class=\"catpad\">\n<hr \/>\n<\/div>\n<\/div>\n<div class=\"product-catimg offset7\" style=\"background-image: url('\/app\/optimize\/img\/768w.80k\/sites\/en_GB\/images\/wimg.hxmGlWMT21vj28491gB.jpg');\">\n<div class=\"category-block row-fluid product left\">\n<div class=\"content span7\">\n<div class=\"catpad\">\n<table style=\"border-collapse: collapse; width: 100%;\">\n<tbody>\n<tr>\n<td style=\"width: 100%;\"><a href=\"https:\/\/www.youngliving.com\/ro_RO\/products\/essential-oils\/singles?sponsorid=23138817&amp;enrollerid=23138817&amp;type=member\" target=\"_blank\" rel=\"noopener noreferrer\"><img loading=\"lazy\" class=\"alignleft wp-image-221 size-full\" src=\"https:\/\/huiles-essentielles.pour-toi.fr\/wp-content\/uploads\/2020\/04\/Uleiuri-esentiale-simple-si-melanj-e1588035809805.jpg\" alt=\"\" width=\"312\" height=\"222\" \/><\/a><\/p>\n<h3><a href=\"https:\/\/www.youngliving.com\/ro_RO\/products\/essential-oils\/singles?sponsorid=23138817&amp;enrollerid=23138817&amp;type=member\" target=\"_blank\" rel=\"noopener noreferrer\"><span style=\"font-size: 12pt;\">Uleiuri Esen\u0163iale Simple<\/span><\/a><\/h3>\n<div class=\"text\"><span style=\"font-size: 12pt;\">Experimenteaz\u0103 note individuale de fericire pur\u0103. Aceste uleiuri esen\u021biale concentrate, atent ob\u021binute din plante \u0219i ierburi cultivate la ferm\u0103, \u00ee\u021bi vor eviden\u021bia zilnic calit\u0103\u021bile excelente.<\/span><\/div>\n<\/td>\n<\/tr>\n<\/tbody>\n<\/table>\n<\/div>\n<div class=\"text\"><\/div>\n<\/div>\n<\/div>\n<div class=\"product-catimg offset7\" style=\"background-image: url('\/app\/optimize\/img\/768w.80k\/sites\/en_GB\/images\/wimg.hxmGlWMT21vj28491gB.jpg');\">\n<div class=\"category-block row-fluid product left\">\n<div class=\"content span7\">\n<div class=\"catpad\">\n<table style=\"border-collapse: collapse; width: 100%;\">\n<tbody>\n<tr>\n<td style=\"width: 100%;\"><a href=\"https:\/\/www.youngliving.com\/ro_RO\/products\/essential-oils\/blends?sponsorid=23138817&amp;enrollerid=23138817&amp;type=member\" target=\"_blank\" rel=\"noopener noreferrer\"><img loading=\"lazy\" class=\"wp-image-221 size-full alignright\" src=\"https:\/\/huiles-essentielles.pour-toi.fr\/wp-content\/uploads\/2020\/04\/Uleiuri-esentiale-simple-si-melanj-e1588035809805.jpg\" alt=\"\" width=\"312\" height=\"222\" \/><\/a><\/p>\n<h3><a href=\"https:\/\/www.youngliving.com\/ro_RO\/products\/essential-oils\/blends?sponsorid=23138817&amp;enrollerid=23138817&amp;type=member\" target=\"_blank\" rel=\"noopener noreferrer\"><span style=\"font-size: 12pt;\">Uleiuri Esen\u0163iale Simple<\/span><\/a><\/h3>\n<div class=\"text\"><span style=\"font-size: 12pt;\">Experimenteaz\u0103 note individuale de fericire pur\u0103. Aceste uleiuri esen\u021biale concentrate, atent ob\u021binute din plante \u0219i ierburi cultivate la ferm\u0103, \u00ee\u021bi vor eviden\u021bia zilnic calit\u0103\u021bile excelente.<\/span><\/div>\n<\/td>\n<\/tr>\n<\/tbody>\n<\/table>\n<\/div>\n<div class=\"text\"><\/div>\n<\/div>\n<\/div>\n<div class=\"product-catimg offset7\" style=\"background-image: url('\/app\/optimize\/img\/768w.80k\/sites\/en_GB\/images\/wimg.hxmGlWMT21vj28491gB.jpg');\">\n<div class=\"category-block row-fluid product left\">\n<div class=\"content span7\">\n<div class=\"catpad\">\n<table style=\"border-collapse: collapse; width: 100%;\">\n<tbody>\n<tr>\n<td style=\"width: 100%;\"><a href=\"https:\/\/www.youngliving.com\/ro_RO\/products\/essential-oils\/roll-ons?sponsorid=23138817&amp;enrollerid=23138817&amp;type=member\" target=\"_blank\" rel=\"noopener noreferrer\"><img loading=\"lazy\" class=\"alignleft wp-image-221 size-full\" src=\"https:\/\/huiles-essentielles.pour-toi.fr\/wp-content\/uploads\/2020\/04\/Uleiuri-esentiale-simple-si-melanj-e1588035809805.jpg\" alt=\"\" width=\"312\" height=\"222\" \/><\/a><\/p>\n<h3><a href=\"https:\/\/www.youngliving.com\/ro_RO\/products\/essential-oils\/roll-ons?sponsorid=23138817&amp;enrollerid=23138817&amp;type=member\" target=\"_blank\" rel=\"noopener noreferrer\"><span style=\"font-size: 12pt;\">Roll-on-uri<\/span><\/a><\/h3>\n<div class=\"text\"><span style=\"font-size: 12pt;\">Te po\u021bi bucura de uleiurile esen\u021biale naturale \u00een orice moment \u0219i \u00een orice loc. Datorit\u0103 formulelor combinate \u00een mod \u0219tiin\u021bific, \u00eentr-un ambalaj practic cu roll-on, po\u021bi purta cu tine esen\u021ba pur\u0103 Young Living oriunde mergi.<\/span><\/div>\n<\/td>\n<\/tr>\n<\/tbody>\n<\/table>\n<\/div>\n<div class=\"text\"><\/div>\n<\/div>\n<\/div>\n<div class=\"product-catimg offset7\" style=\"background-image: url('\/app\/optimize\/img\/768w.80k\/sites\/en_GB\/images\/wimg.hxmGlWMT21vj28491gB.jpg');\">\n<div class=\"category-block row-fluid product left\">\n<div class=\"content span7\">\n<div class=\"catpad\">\n<table style=\"border-collapse: collapse; width: 100%;\">\n<tbody>\n<tr>\n<td style=\"width: 100%;\"><a href=\"https:\/\/www.youngliving.com\/ro_RO\/products\/essential-oils\/massage-oils?sponsorid=23138817&amp;enrollerid=23138817&amp;type=member\" target=\"_blank\" rel=\"noopener noreferrer\"><img loading=\"lazy\" class=\"wp-image-221 size-full alignright\" src=\"https:\/\/huiles-essentielles.pour-toi.fr\/wp-content\/uploads\/2020\/04\/Uleiuri-esentiale-simple-si-melanj-e1588035809805.jpg\" alt=\"\" width=\"312\" height=\"222\" \/><\/a><\/p>\n<h3><a href=\"https:\/\/www.youngliving.com\/ro_RO\/products\/essential-oils\/massage-oils?sponsorid=23138817&amp;enrollerid=23138817&amp;type=member\" target=\"_blank\" rel=\"noopener noreferrer\"><span style=\"font-size: 12pt;\">Uleiuri pentru Masaj<\/span><\/a><\/h3>\n<div class=\"text\"><span style=\"font-size: 12pt;\">\u00cembun\u0103t\u0103\u021be\u0219te puterea masajului prin intermediul amestecurilor de uleiuri esen\u021biale din uleiurile noastre pentru masaj.<\/span><\/div>\n<\/td>\n<\/tr>\n<\/tbody>\n<\/table>\n<\/div>\n<div class=\"text\"><\/div>\n<\/div>\n<\/div>\n<div class=\"product-catimg offset7\" style=\"background-image: url('\/app\/optimize\/img\/768w.80k\/sites\/en_GB\/images\/wimg.hxmGlWMT21vj28491gB.jpg');\">\n<div class=\"category-block row-fluid product left\">\n<div class=\"content span7\">\n<div class=\"catpad\">\n<table style=\"border-collapse: collapse; width: 100%;\">\n<tbody>\n<tr>\n<td style=\"width: 100%;\"><a href=\"https:\/\/www.youngliving.com\/ro_RO\/products\/essential-oils\/collections?sponsorid=23138817&amp;enrollerid=23138817&amp;type=member\" target=\"_blank\" rel=\"noopener noreferrer\"><img loading=\"lazy\" class=\"alignleft wp-image-221 size-full\" src=\"https:\/\/huiles-essentielles.pour-toi.fr\/wp-content\/uploads\/2020\/04\/Uleiuri-esentiale-simple-si-melanj-e1588035809805.jpg\" alt=\"\" width=\"312\" height=\"222\" \/><\/a><\/p>\n<h3><a href=\"https:\/\/www.youngliving.com\/ro_RO\/products\/essential-oils\/collections?sponsorid=23138817&amp;enrollerid=23138817&amp;type=member\" target=\"_blank\" rel=\"noopener noreferrer\"><span style=\"font-size: 12pt;\">Colec\u021bii<\/span><\/a><\/h3>\n<div class=\"text\"><span style=\"font-size: 12pt;\">Permite colec\u021biilor selectate de exper\u021bi s\u0103 te \u00eendrume spre armonie \u0219i stare de bine. Fiind armonios selectate, amestecurile \u0219i uleiurile esen\u021biale \u00ee\u021bi permit s\u0103 alegi mai u\u0219or cele mai bune produse Young Living pentru nevoile tale unice.<\/span><\/div>\n<\/td>\n<\/tr>\n<\/tbody>\n<\/table>\n<\/div>\n<div class=\"text\"><\/div>\n<\/div>\n<\/div>\n<div class=\"product-catimg offset7\" style=\"background-image: url('\/app\/optimize\/img\/768w.80k\/sites\/en_GB\/images\/wimg.hxmGlWMT21vj28491gB.jpg');\">\n<div class=\"category-block row-fluid product left\">\n<div class=\"content span7\">\n<div class=\"catpad\">\n<table style=\"border-collapse: collapse; width: 100%;\">\n<tbody>\n<tr>\n<td style=\"width: 100%;\"><a href=\"https:\/\/www.youngliving.com\/ro_RO\/products\/essential-oils\/tools?sponsorid=23138817&amp;enrollerid=23138817&amp;type=member\" target=\"_blank\" rel=\"noopener noreferrer\"><img loading=\"lazy\" class=\"wp-image-221 size-full alignright\" src=\"https:\/\/huiles-essentielles.pour-toi.fr\/wp-content\/uploads\/2020\/04\/Uleiuri-esentiale-simple-si-melanj-e1588035809805.jpg\" alt=\"\" width=\"312\" height=\"222\" \/><\/a><\/p>\n<h3><a href=\"https:\/\/www.youngliving.com\/ro_RO\/products\/essential-oils\/tools?sponsorid=23138817&amp;enrollerid=23138817&amp;type=member\" target=\"_blank\" rel=\"noopener noreferrer\"><span style=\"font-size: 12pt;\">Instrumente pentru Uleiuri Esen\u0163iale<\/span><\/a><\/h3>\n<div class=\"text\"><span style=\"font-size: 12pt;\">Transform\u0103-\u021bi casa, biroul sau camera de hotel \u00eentr-o oaz\u0103 personal\u0103. Cu ajutorul aromatizatoarelor noastre elegante, po\u021bi difuza uleiurile esen\u021biale \u00een orice mediu \u0219i po\u021bi crea o experien\u021b\u0103 plin\u0103 de relaxare oriunde te duce via\u021ba.<\/span><\/div>\n<\/td>\n<\/tr>\n<\/tbody>\n<\/table>\n<\/div>\n<div class=\"text\"><\/div>\n<\/div>\n<\/div>\n<div class=\"product-catimg offset7\" style=\"background-image: url('\/app\/optimize\/img\/768w.80k\/sites\/en_GB\/images\/wimg.hxmGlWMT21vj28491gB.jpg');\">\n<div class=\"category-block row-fluid product left\">\n<div class=\"content span7\">\n<div class=\"catpad\">\n<table style=\"border-collapse: collapse; width: 100%;\">\n<tbody>\n<tr>\n<td style=\"width: 100%;\"><a href=\"https:\/\/www.youngliving.com\/ro_RO\/products\/essential-oils\/accessories?sponsorid=23138817&amp;enrollerid=23138817&amp;type=member\" target=\"_blank\" rel=\"noopener noreferrer\"><img loading=\"lazy\" class=\"alignleft wp-image-221 size-full\" src=\"https:\/\/huiles-essentielles.pour-toi.fr\/wp-content\/uploads\/2020\/04\/Uleiuri-esentiale-simple-si-melanj-e1588035809805.jpg\" alt=\"\" width=\"312\" height=\"222\" \/><\/a><\/p>\n<h3><a href=\"https:\/\/www.youngliving.com\/ro_RO\/products\/essential-oils\/accessories?sponsorid=23138817&amp;enrollerid=23138817&amp;type=member\" target=\"_blank\" rel=\"noopener noreferrer\"><span style=\"font-size: 12pt;\">Accesorii<\/span><\/a><\/h3>\n<div class=\"text\"><span style=\"font-size: 12pt;\">Experimenteaz\u0103 un echilibru complet cu uleiurile tale esen\u021biale. Accesoriile noastre includ o mul\u021bime de lucruri, de la gen\u021bi de transportare rezistente, la etichete pentru sticlu\u021be, prev\u0103zute cu coduri de culori pentru a-\u021bi facilita modul de organizare a acestora.<\/span><\/div>\n<\/td>\n<\/tr>\n<\/tbody>\n<\/table>\n<\/div>\n<\/div>\n<\/div>\n<\/div>\n<\/div>\n<\/div>\n<\/div>\n<\/div>\n<\/div>\n<\/div>\n<\/div>\n","protected":false},"excerpt":{"rendered":"<h4 class=\"upper\" style=\"text-align: center;\"><span style=\"font-size: 14pt; color: #0000ff;\">Categorii<\/span><\/h4>\n<div class=\"category-block row-fluid product left\">\n<div class=\"content span7\">\n<div class=\"catpad\">\n<hr \/><\/div>\n<\/p><\/div>\n<p> <d... [...]\n<\/p>\n","protected":false},"author":1,"featured_media":0,"parent":0,"menu_order":0,"comment_status":"closed","ping_status":"closed","template":"","meta":[],"_links":{"self":[{"href":"https:\/\/huiles-essentielles.pour-toi.fr\/ro_RO\/wp-json\/wp\/v2\/pages\/146"}],"collection":[{"href":"https:\/\/huiles-essentielles.pour-toi.fr\/ro_RO\/wp-json\/wp\/v2\/pages"}],"about":[{"href":"https:\/\/huiles-essentielles.pour-toi.fr\/ro_RO\/wp-json\/wp\/v2\/types\/page"}],"author":[{"embeddable":true,"href":"https:\/\/huiles-essentielles.pour-toi.fr\/ro_RO\/wp-json\/wp\/v2\/users\/1"}],"replies":[{"embeddable":true,"href":"https:\/\/huiles-essentielles.pour-toi.fr\/ro_RO\/wp-json\/wp\/v2\/comments?post=146"}],"version-history":[{"count":114,"href":"https:\/\/huiles-essentielles.pour-toi.fr\/ro_RO\/wp-json\/wp\/v2\/pages\/146\/revisions"}],"predecessor-version":[{"id":396,"href":"https:\/\/huiles-essentielles.pour-toi.fr\/ro_RO\/wp-json\/wp\/v2\/pages\/146\/revisions\/396"}],"wp:attachment":[{"href":"https:\/\/huiles-essentielles.pour-toi.fr\/ro_RO\/wp-json\/wp\/v2\/media?parent=146"}],"curies":[{"name":"wp","href":"https:\/\/api.w.org\/{rel}","templated":true}]}}