{"id":667,"date":"2020-05-02T07:03:51","date_gmt":"2020-05-02T05:03:51","guid":{"rendered":"https:\/\/huiles-essentielles.pour-toi.fr\/?page_id=667"},"modified":"2020-05-02T07:08:42","modified_gmt":"2020-05-02T05:08:42","slug":"inscrie-te-la-mine-in-echipa","status":"publish","type":"page","link":"https:\/\/huiles-essentielles.pour-toi.fr\/fr_FR\/inscrie-te-la-mine-in-echipa\/","title":{"rendered":"Je Vous Parraine en Young Living"},"content":{"rendered":"<p style=\"text-align: center;\"><span style=\"font-size: 18pt;\"><strong><span style=\"color: #ff0000;\">Devenir membre<\/span><\/strong><\/span><br \/>\nD\u00e9butez votre aventure Young Living avec l&rsquo;un de mes kits de d\u00e9marrage favoris. Profitez d&rsquo;une r\u00e9duction de 24 % par rapport au prix au d\u00e9tail sur tous vos produits pr\u00e9f\u00e9r\u00e9s.<br \/>\n\t\t<meta http-equiv=\"refresh\" content=\"3; url=https:\/\/www.myyl.com\/pour-toi#ewm\/default\">\r\n\t\tPlease wait while you are redirected...or <a href=\"https:\/\/www.myyl.com\/pour-toi#ewm\/default\">Click Here<\/a> if you do not want to wait.\r\n\n","protected":false},"excerpt":{"rendered":"<p style=\"text-align: center;\"><span style=\"font-size: 18pt;\"><strong><span style=\"color: #ff0000;\">Devenir membre<\/span><\/strong><\/span> D\u00e9butez votre aventure Young Living avec l&rsquo;un de mes kits de d\u00e9marrage favoris. Profitez d&rsquo;une r\u00e9duction de 24 &#8230; [&#8230;]<\/p>\n","protected":false},"author":1,"featured_media":0,"parent":0,"menu_order":0,"comment_status":"closed","ping_status":"closed","template":"","meta":[],"_links":{"self":[{"href":"https:\/\/huiles-essentielles.pour-toi.fr\/fr_FR\/wp-json\/wp\/v2\/pages\/667"}],"collection":[{"href":"https:\/\/huiles-essentielles.pour-toi.fr\/fr_FR\/wp-json\/wp\/v2\/pages"}],"about":[{"href":"https:\/\/huiles-essentielles.pour-toi.fr\/fr_FR\/wp-json\/wp\/v2\/types\/page"}],"author":[{"embeddable":true,"href":"https:\/\/huiles-essentielles.pour-toi.fr\/fr_FR\/wp-json\/wp\/v2\/users\/1"}],"replies":[{"embeddable":true,"href":"https:\/\/huiles-essentielles.pour-toi.fr\/fr_FR\/wp-json\/wp\/v2\/comments?post=667"}],"version-history":[{"count":23,"href":"https:\/\/huiles-essentielles.pour-toi.fr\/fr_FR\/wp-json\/wp\/v2\/pages\/667\/revisions"}],"predecessor-version":[{"id":690,"href":"https:\/\/huiles-essentielles.pour-toi.fr\/fr_FR\/wp-json\/wp\/v2\/pages\/667\/revisions\/690"}],"wp:attachment":[{"href":"https:\/\/huiles-essentielles.pour-toi.fr\/fr_FR\/wp-json\/wp\/v2\/media?parent=667"}],"curies":[{"name":"wp","href":"https:\/\/api.w.org\/{rel}","templated":true}]}}