{"id":650,"date":"2020-05-02T03:26:58","date_gmt":"2020-05-02T01:26:58","guid":{"rendered":"https:\/\/huiles-essentielles.pour-toi.fr\/?page_id=650"},"modified":"2020-07-25T04:45:54","modified_gmt":"2020-07-25T02:45:54","slug":"temoignages","status":"publish","type":"page","link":"https:\/\/huiles-essentielles.pour-toi.fr\/fr_FR\/temoignages\/","title":{"rendered":"T\u00e9moignages"},"content":{"rendered":"<p><!--StartFragment--><\/p>\n<div class=\"section systext\">\n<div class=\"bodycopy\" align=\"left\">\n<hr \/>\n<p><em>\u00ab J&rsquo;aime et appr\u00e9cie les nombreux liens d&rsquo;amiti\u00e9 que j&rsquo;ai \u00e9tablis gr\u00e2ce \u00e0 cette entreprise. \u00bb<\/em><\/p>\n<\/div>\n<\/div>\n<div class=\"section sysheading\">\n<h6 style=\"text-align: right;\">&#8211; Anna Maya Powell, Membre YOUNG LIVING Platinum<\/h6>\n<\/div>\n<div class=\"section syshrule\" style=\"margin-bottom: 15px;\">\n<div class=\"hrule\">\n<hr \/>\n<\/div>\n<\/div>\n<div class=\"section systext\">\n<div class=\"bodycopy\" align=\"left\"><em>\u00ab J&rsquo;\u00e9tais tellement heureuse le jour o\u00f9 j&rsquo;ai d\u00e9couvert que les huiles essentielles de Young Living donnaient vraiment des r\u00e9sultats. Mes clients savent qu&rsquo;ils peuvent me faire confiance, et je sais que je peux faire confiance aux produits Young Living. \u00bb<\/em><\/div>\n<\/div>\n<div class=\"section sysheading\">\n<h6 style=\"text-align: right;\">&#8211; Carol Pliska, MEMBRE YOUNG LIVING Gold<\/h6>\n<\/div>\n<div class=\"section syshrule\" style=\"margin-bottom: 15px;\">\n<div class=\"hrule\">\n<hr \/>\n<\/div>\n<\/div>\n<div class=\"section systext\">\n<div class=\"bodycopy\" align=\"left\"><em>\u00ab Je per\u00e7ois Young Living comme un v\u00e9hicule commercial avec beaucoup de potentiel inexploit\u00e9. \u00bb<\/em><\/div>\n<\/div>\n<div class=\"section sysheading\">\n<h6 style=\"text-align: right;\">&#8211; Carl Janicek, MEMBRE YOUNG LIVING Platinum<\/h6>\n<\/div>\n<div class=\"section syshrule\" style=\"margin-bottom: 15px;\">\n<div class=\"hrule\">\n<hr \/>\n<\/div>\n<\/div>\n<div class=\"section systext\">\n<div class=\"bodycopy\" align=\"left\"><em>\u00ab Aujourd&rsquo;hui, notre organisation compte plus de 1 600 personnes et nous sommes heureux de savoir que la vie et la sant\u00e9 d&rsquo;autres personnes se sont am\u00e9lior\u00e9es gr\u00e2ce notre rayonnement. \u00bb<\/em><\/div>\n<\/div>\n<div class=\"section sysheading\">\n<h6 style=\"text-align: right;\">&#8211; Benjamin Perkus, MEMBRE YOUNG LIVING Platinum<\/h6>\n<\/div>\n<div class=\"section syshrule\" style=\"margin-bottom: 15px;\">\n<div class=\"hrule\">\n<hr \/>\n<\/div>\n<\/div>\n<div class=\"section systext\">\n<div class=\"bodycopy\" align=\"left\"><em>\u00ab La r\u00e9ussite vient quand vous aimez suffisamment les gens pour vous concentrer sur leur succ\u00e8s plut\u00f4t que sur le v\u00f4tre. Mon objectif est d&rsquo;aider des milliers de personnes \u00e0 gagner un revenu important, ainsi qu&rsquo;\u00e0 profiter d&rsquo;une ind\u00e9pendance financi\u00e8re et d&rsquo;une meilleure sant\u00e9. J&rsquo;aide les gens \u00e0 prendre en main leur propre vie. \u00bb<\/em><\/div>\n<\/div>\n<div class=\"section sysheading\">\n<h6 style=\"text-align: right;\">&#8211; Jeffrey Lewis, MEMBRE YOUNG LIVING Platinum<\/h6>\n<\/div>\n<div class=\"section syshrule\" style=\"margin-bottom: 15px;\">\n<div class=\"hrule\">\n<hr \/>\n<\/div>\n<\/div>\n<div class=\"section systext\">\n<div class=\"bodycopy\" align=\"left\"><em>\u00ab Vous pouvez surpasser la moyenne gr\u00e2ce \u00e0 Young Living. Si vous \u00eates pr\u00eat \u00e0 participer en y mettant tout votre c\u0153ur et toute votre \u00e2me, Young Living peut vous aider \u00e0 r\u00e9aliser vos r\u00eaves. \u00bb<\/em><\/div>\n<\/div>\n<div class=\"section sysheading\">\n<h6 style=\"text-align: right;\">&#8211; Jodi Mainwaring, MEMBRE YOUNG LIVING silver<\/h6>\n<\/div>\n<div class=\"section syshrule\" style=\"margin-bottom: 15px;\">\n<div class=\"hrule\">\n<hr \/>\n<\/div>\n<\/div>\n<div class=\"section systext\">\n<div class=\"bodycopy\" align=\"left\"><em>\u00ab Nous partageons nos connaissances du fond du c\u0153ur, car nous croyons sinc\u00e8rement en le pouvoir bienfaiteur des huiles et constatons des r\u00e9sultats. [Les] produits se vendent tout seul. \u00bb<\/em><\/div>\n<\/div>\n<div class=\"section sysheading\">\n<h6 style=\"text-align: right;\">&#8211; Julie Ingman, MEMBRE YOUNG LIVING Silver<\/h6>\n<\/div>\n<div class=\"section syshrule\" style=\"margin-bottom: 15px;\">\n<div class=\"hrule\">\n<hr \/>\n<\/div>\n<\/div>\n<div class=\"section systext\">\n<div class=\"bodycopy\" align=\"left\"><em>\u00ab J&rsquo;ai d\u00e9couvert qu&rsquo;il n&rsquo;y a aucune limite \u00e0 ce qu&rsquo;on peut accomplir gr\u00e2ce \u00e0 Young Living. Le succ\u00e8s vient de l&rsquo;aide que nous apportons aux autres dans leur r\u00e9ussite. \u00bb<\/em><\/div>\n<\/div>\n<div class=\"section sysheading\">\n<h6 style=\"text-align: right;\">&#8211; Kathy Farmer, MEMBRE YOUNG LIVING Crown Diamond<\/h6>\n<\/div>\n<div class=\"section syshrule\" style=\"margin-bottom: 15px;\">\n<div class=\"hrule\">\n<hr \/>\n<\/div>\n<\/div>\n<div class=\"section systext\">\n<div class=\"bodycopy\" align=\"left\"><em>\u00ab J&rsquo;ai partag\u00e9 mes connaissances de tout mon c\u0153ur avec quiconque \u00e9tait pr\u00eat \u00e0 \u00e9couter. \u00bb<\/em><\/div>\n<\/div>\n<div class=\"section sysheading\">\n<h6 style=\"text-align: right;\">&#8211; Kim Rinaldi, MEMBRE YOUNG LIVING Gold<\/h6>\n<\/div>\n<div class=\"section syshrule\" style=\"margin-bottom: 15px;\">\n<div class=\"hrule\">\n<hr \/>\n<\/div>\n<\/div>\n<div class=\"section systext\">\n<div class=\"bodycopy\" align=\"left\"><em>\u00ab Young Living ce n&rsquo;est pas un m\u00e9tier, c&rsquo;est notre identit\u00e9. Cette entreprise est devenue un mode de vie ; il n&rsquo;y a aucune forme de vie dans ce monde qui n&rsquo;ait pas besoin de nos produits. \u00bb<\/em><\/div>\n<\/div>\n<div class=\"section sysheading\">\n<h6 style=\"text-align: right;\">&#8211; Marilee Tolen, MEMBRE YOUNG LIVING Gold<\/h6>\n<\/div>\n<div class=\"section syshrule\" style=\"margin-bottom: 15px;\">\n<div class=\"hrule\">\n<hr \/>\n<\/div>\n<\/div>\n<div class=\"section systext\">\n<div class=\"bodycopy\" align=\"left\"><em>\u00ab Une de mes plus grandes joies est d&rsquo;\u00eatre associ\u00e9e \u00e0 cette entreprise fantastique, j&rsquo;en suis profond\u00e9ment honor\u00e9e. \u00bb<\/em><\/div>\n<\/div>\n<div class=\"section sysheading\">\n<h6 style=\"text-align: right;\">&#8211; Carol Pliska, MEMBRE YOUNG LIVING Gold<\/h6>\n<\/div>\n<div class=\"section syshrule\" style=\"margin-bottom: 15px;\">\n<div class=\"hrule\">\n<hr \/>\n<\/div>\n<\/div>\n<div class=\"section systext\">\n<div class=\"bodycopy\" align=\"left\"><em>\u00ab Si vous avez besoin de faire le plein d&rsquo;\u00e9nergie, de force et de vigueur, vous devez int\u00e9grer NingXia Red\u00ae \u00e0 votre vie \u00bb<\/em><\/div>\n<\/div>\n<div class=\"section sysheading\">\n<h6 style=\"text-align: right;\">&#8211; Emmanuel Redding, MEMBRE YOUNG LIVING Silver<\/h6>\n<\/div>\n<div class=\"section syshrule\" style=\"margin-bottom: 15px;\">\n<div class=\"hrule\">\n<hr \/>\n<\/div>\n<\/div>\n<div class=\"section systext\">\n<div class=\"bodycopy\" align=\"left\"><em>\u00ab J&rsquo;adore cette entreprise. \u00bb<\/em><\/div>\n<\/div>\n<div class=\"section sysheading\">\n<h6 style=\"text-align: right;\">&#8211; Karen Balistreri, MEMBRE YOUNG LIVING Platinum<\/h6>\n<\/div>\n<div class=\"section syshrule\" style=\"margin-bottom: 15px;\">\n<div class=\"hrule\">\n<hr \/>\n<\/div>\n<\/div>\n<div class=\"section systext\">\n<div class=\"bodycopy\" align=\"left\"><em>\u00ab D\u00e9couvrir Young Living peut changer votre vie et offre la possibilit\u00e9 d&rsquo;adopter un mode de vie plus sain. Son r\u00e9gime de r\u00e9mun\u00e9ration est LE nouveau mod\u00e8le de revenu du XXIe si\u00e8cle et il s&rsquo;agit d&rsquo;une fa\u00e7on incroyable de mener une vie de bien-\u00eatre et d&rsquo;abondance. \u00bb<\/em><\/div>\n<\/div>\n<div class=\"section sysheading\">\n<h6 style=\"text-align: right;\">&#8211; Linda Scott, MEMBRE YOUNG LIVING Silver<\/h6>\n<\/div>\n<div class=\"section syshrule\" style=\"margin-bottom: 15px;\">\n<div class=\"hrule\">\n<hr \/>\n<\/div>\n<\/div>\n<div class=\"section systext\">\n<div class=\"bodycopy\" align=\"left\"><em>\u00ab Nous sommes profond\u00e9ment convaincus que ce n&rsquo;est que le d\u00e9but d&rsquo;un merveilleux voyage. \u00bb<\/em><\/div>\n<\/div>\n<div class=\"section sysheading\">\n<h6 style=\"text-align: right;\">&#8211; Nida Gonzales, MEMBRE YOUNG LIVING Gold<\/h6>\n<\/div>\n<div class=\"section syshrule\" style=\"margin-bottom: 15px;\">\n<div class=\"hrule\">\n<hr \/>\n<\/div>\n<\/div>\n<div class=\"section systext\">\n<div class=\"bodycopy\" align=\"left\">\u00ab Le partage de nos exp\u00e9riences communes a donn\u00e9 lieu \u00e0 une communaut\u00e9 grandissante d&rsquo;amis qui apprenent, prennent soin d&rsquo;eux et, pour certains, se lancent dans une aventure commerciale inesp\u00e9r\u00e9e. \u00bb<\/div>\n<\/div>\n<div class=\"section sysheading\">\n<h6 style=\"text-align: right;\">&#8211; Sophie Ann Aoki, MEMBRE YOUNG LIVING Platinum<\/h6>\n<\/div>\n<div class=\"section syshrule\" style=\"margin-bottom: 15px;\">\n<div class=\"hrule\">\n<hr \/>\n<\/div>\n<\/div>\n<div class=\"section systext\">\n<div class=\"bodycopy\" align=\"left\">\u00ab Nous sommes privil\u00e9gi\u00e9s de pouvoir travailler avec des gens remarquables et de pouvoir expliquer \u00e0 d&rsquo;autres qu&rsquo;ils ont le choix : ils n&rsquo;ont pas \u00e0 vivre sans le sou, \u00e9puis\u00e9s et d\u00e9go\u00fbt\u00e9s. \u00bb<\/div>\n<\/div>\n<div class=\"section sysheading\">\n<h6 style=\"text-align: right;\">&#8211; Karen Douglas, MEMBRE YOUNG LIVING Gold<\/h6>\n<\/div>\n<div class=\"section syshrule\" style=\"margin-bottom: 15px;\">\n<div class=\"hrule\">\n<hr \/>\n<\/div>\n<\/div>\n<div class=\"section systext\">\n<div class=\"bodycopy\" align=\"left\"><em>\u00ab Young Living est une entreprise de haut niveau qui surpasse toujours toutes mes attentes. \u00bb<\/em><\/div>\n<\/div>\n<div class=\"section sysheading\">\n<h6 style=\"text-align: right;\">&#8211; April Johnson, MEMBRE YOUNG LIVING Executive<\/h6>\n<\/div>\n<div class=\"section syshrule\" style=\"margin-bottom: 15px;\">\n<div class=\"hrule\">\n<hr \/>\n<\/div>\n<\/div>\n<div class=\"section systext\">\n<div class=\"bodycopy\" align=\"left\"><em>\u00ab Alors que Wall Street tremble, vacille et s&rsquo;\u00e9croule comme un jeu de dominos, nos ch\u00e8ques de Young Living nous assurent un revenu en cette p\u00e9riode crise, et ma commission continue d&rsquo;augmenter ! \u00bb<\/em><\/div>\n<\/div>\n<div class=\"section sysheading\">\n<h6 style=\"text-align: right;\">&#8211; Susan Hall, MEMBRE YOUNG LIVING Gold<\/h6>\n<\/div>\n<div class=\"section syshrule\" style=\"margin-bottom: 15px;\">\n<div class=\"hrule\">\n<hr \/>\n<\/div>\n<\/div>\n<div class=\"section systext\">\n<div class=\"bodycopy\" align=\"left\"><em>\u00ab Mon r\u00eave est tout simplement de continuer \u00e0 profiter de la vie et de m&rsquo;amuser avec mes huiles toute la journ\u00e9e. \u00bb<\/em><\/div>\n<\/div>\n<div class=\"section sysheading\">\n<h6 style=\"text-align: right;\">&#8211; Annette Qeyquep, MEMBRE YOUNG LIVING Executive<\/h6>\n<\/div>\n<div class=\"section syshrule\" style=\"margin-bottom: 15px;\">\n<div class=\"hrule\">\n<hr \/>\n<\/div>\n<\/div>\n<div class=\"section systext\">\n<div class=\"bodycopy\" align=\"left\"><em>\u00ab J&rsquo;ai \u00e9t\u00e9 impressionn\u00e9e par l&rsquo;impact multidimensionnel des huiles essentielles et j&rsquo;ai compris que cela n&rsquo;\u00e9tait possible qu&rsquo;\u00e0 partir d&rsquo;essences de qualit\u00e9, 100 % pures et authentiques. \u00bb<\/em><\/div>\n<\/div>\n<div class=\"section sysheading\">\n<h6 style=\"text-align: right;\">&#8211; Cecilia Castelino, MEMBRE YOUNG LIVING Executive<\/h6>\n<\/div>\n<div class=\"section syshrule\" style=\"margin-bottom: 15px;\">\n<div class=\"hrule\">\n<hr \/>\n<\/div>\n<\/div>\n<div class=\"section systext\">\n<div class=\"bodycopy\" align=\"left\"><em>\u00ab Ce qui est fantastique avec les huiles essentielles, c&rsquo;est [\u00e0 quel point il est facile] de les faire d\u00e9couvrir aux autres. Il suffit de les avoir avec soi et de les utiliser. Le reste vient tout seul.<\/em> \u00bb<\/div>\n<\/div>\n<div class=\"section sysheading\">\n<h6 style=\"text-align: right;\">&#8211; Michael Dyda, MEMBRE YOUNG LIVING Executive<\/h6>\n<\/div>\n<div class=\"section syshrule\" style=\"margin-bottom: 15px;\">\n<div class=\"hrule\">\n<hr \/>\n<\/div>\n<\/div>\n<div class=\"section systext\">\n<div class=\"bodycopy\" align=\"left\"><em>\u00ab J&rsquo;ai chang\u00e9 une vie aujourd&rsquo;hui parce que j&rsquo;ai eu le courage de faire d\u00e9couvrir les bienfaits des produits Young Living ! \u00bb<\/em><\/div>\n<\/div>\n<div class=\"section sysheading\">\n<h6 style=\"text-align: right;\">&#8211; April Travis, MEMBRE YOUNG LIVING Gold<\/h6>\n<\/div>\n<div class=\"section syshrule\" style=\"margin-bottom: 15px;\">\n<div class=\"hrule\">\n<\/div>\n<\/div>\n","protected":false},"excerpt":{"rendered":"<p><!--StartFragment--> <\/p>\n<div class=\"section systext\">\n<div class=\"bodycopy\" align=\"left\">\n<hr \/>\n<p> <em>\u00ab J&rsquo;aime et appr\u00e9cie les nombreux liens d&rsquo;amiti\u00e9 que j&rsquo;ai \u00e9tablis gr\u00e2ce \u00e0 cette entreprise. \u00bb<\/em> <\/div>\n<\/p><\/div>\n<div class=\"section sysheading\"> <h6... [...] \n\n","protected":false},"author":1,"featured_media":0,"parent":0,"menu_order":0,"comment_status":"closed","ping_status":"closed","template":"","meta":[],"_links":{"self":[{"href":"https:\/\/huiles-essentielles.pour-toi.fr\/fr_FR\/wp-json\/wp\/v2\/pages\/650"}],"collection":[{"href":"https:\/\/huiles-essentielles.pour-toi.fr\/fr_FR\/wp-json\/wp\/v2\/pages"}],"about":[{"href":"https:\/\/huiles-essentielles.pour-toi.fr\/fr_FR\/wp-json\/wp\/v2\/types\/page"}],"author":[{"embeddable":true,"href":"https:\/\/huiles-essentielles.pour-toi.fr\/fr_FR\/wp-json\/wp\/v2\/users\/1"}],"replies":[{"embeddable":true,"href":"https:\/\/huiles-essentielles.pour-toi.fr\/fr_FR\/wp-json\/wp\/v2\/comments?post=650"}],"version-history":[{"count":22,"href":"https:\/\/huiles-essentielles.pour-toi.fr\/fr_FR\/wp-json\/wp\/v2\/pages\/650\/revisions"}],"predecessor-version":[{"id":1245,"href":"https:\/\/huiles-essentielles.pour-toi.fr\/fr_FR\/wp-json\/wp\/v2\/pages\/650\/revisions\/1245"}],"wp:attachment":[{"href":"https:\/\/huiles-essentielles.pour-toi.fr\/fr_FR\/wp-json\/wp\/v2\/media?parent=650"}],"curies":[{"name":"wp","href":"https:\/\/api.w.org\/{rel}","templated":true}]}}