{"id":65,"date":"2020-04-27T00:24:24","date_gmt":"2020-04-26T22:24:24","guid":{"rendered":"http:\/\/huiles-essentielles.pour-toi.fr\/?page_id=65"},"modified":"2020-05-02T06:42:39","modified_gmt":"2020-05-02T04:42:39","slug":"parraine-en-young-living","status":"publish","type":"page","link":"https:\/\/huiles-essentielles.pour-toi.fr\/fr_FR\/parraine-en-young-living\/","title":{"rendered":"Parraine en Young Living"},"content":{"rendered":"<hr \/>\n<p style=\"text-align: center;\"><span style=\"font-size: 14pt; color: #ff0000;\"><strong>Je Vous Parraine<\/strong><\/span><\/p>\n<p style=\"text-align: center;\">Devenez membre aujourd\u2019hui en achetant un kit de d\u00e9marrage Young Living Premium Starter Kit et en souscrivant \u00e0 une offre de commande mensuelle (facultatif).<\/p>\n<table style=\"border-collapse: collapse; width: 100%;\">\n<tbody>\n<tr>\n<td style=\"width: 50.0363%; border-style: hidden; background-color: #ffffff;\"><a href=\"https:\/\/www.myyl.com\/pour-toi#ewm\/default\"><img loading=\"lazy\" class=\"wp-image-68 size-full\" src=\"https:\/\/huiles-essentielles.pour-toi.fr\/wp-content\/uploads\/2020\/04\/Je-Vous-Parraine.jpg\" alt=\"\" width=\"623\" height=\"397\" srcset=\"https:\/\/huiles-essentielles.pour-toi.fr\/wp-content\/uploads\/2020\/04\/Je-Vous-Parraine.jpg 623w, https:\/\/huiles-essentielles.pour-toi.fr\/wp-content\/uploads\/2020\/04\/Je-Vous-Parraine-300x191.jpg 300w, https:\/\/huiles-essentielles.pour-toi.fr\/wp-content\/uploads\/2020\/04\/Je-Vous-Parraine-150x96.jpg 150w, https:\/\/huiles-essentielles.pour-toi.fr\/wp-content\/uploads\/2020\/04\/Je-Vous-Parraine-400x255.jpg 400w\" sizes=\"(max-width: 623px) 100vw, 623px\" \/><\/a><\/td>\n<td style=\"width: 50.0363%; border-style: hidden; background-color: #ffffff; text-align: center;\">\n<p><strong><span style=\"font-size: 14pt;\">Devenir membre<\/span><\/strong><\/p>\n<p><a href=\"https:\/\/www.myyl.com\/pour-toi#ewm\/default\">S&rsquo;inscrire aujourd&rsquo;hui<\/a><\/p>\n<\/td>\n<\/tr>\n<\/tbody>\n<\/table>\n<table style=\"border-collapse: collapse; width: 100%; height: 24px;\">\n<tbody>\n<tr style=\"height: 24px;\">\n<td style=\"width: 100%; border-style: hidden; text-align: center; height: 24px;\"><strong>Avantages membres:<\/strong><\/td>\n<\/tr>\n<\/tbody>\n<\/table>\n<table style=\"border-collapse: collapse; width: 100%; height: 123px;\">\n<tbody>\n<tr style=\"height: 123px;\">\n<td style=\"width: 50%; height: 115px; border-style: hidden;\">\n<ul>\n<li>Profitez d&rsquo;une r\u00e9duction de 24 % par rapport au prix au d\u00e9tail sur tous vos produits pr\u00e9f\u00e9r\u00e9s.<\/li>\n<li>Utilisez votre Kit de d\u00e9marrage Premium pour vous qualifier et vous inscrire au programme Essential Rewards.<\/li>\n<li>Gagnez des commissions en faisant d\u00e9couvrir Young Living autour de vous.<\/li>\n<\/ul>\n<\/td>\n<td style=\"width: 50%; height: 115px; border-style: hidden;\">\n<ul>\n<li>Participez \u00e0 des \u00e9v\u00e9nements Young Living r\u00e9serv\u00e9s aux membres dans le monde entier.<\/li>\n<li>Profitez des avantages offerts par le programme Essential Rewards.<br \/>Le formulaire d\u2019inscription et la mise en place d\u2019une commande mensuelle facultative ne prend que quelques minutes.<\/li>\n<\/ul>\n<\/td>\n<\/tr>\n<\/tbody>\n<\/table>\n","protected":false},"excerpt":{"rendered":"<hr \/>\n<p style=\"text-align: center;\"><span style=\"font-size: 14pt; color: #ff0000;\"><strong>Je Vous Parraine<\/strong><\/span><\/p>\n<p style=\"text-align: center;\">Devenez membre aujourd\u2019hui en achetant un kit de d\u00e9marrage Young Living Premium Starter Kit&#8230; [&#8230;]<\/p>\n","protected":false},"author":1,"featured_media":0,"parent":0,"menu_order":0,"comment_status":"closed","ping_status":"closed","template":"","meta":[],"_links":{"self":[{"href":"https:\/\/huiles-essentielles.pour-toi.fr\/fr_FR\/wp-json\/wp\/v2\/pages\/65"}],"collection":[{"href":"https:\/\/huiles-essentielles.pour-toi.fr\/fr_FR\/wp-json\/wp\/v2\/pages"}],"about":[{"href":"https:\/\/huiles-essentielles.pour-toi.fr\/fr_FR\/wp-json\/wp\/v2\/types\/page"}],"author":[{"embeddable":true,"href":"https:\/\/huiles-essentielles.pour-toi.fr\/fr_FR\/wp-json\/wp\/v2\/users\/1"}],"replies":[{"embeddable":true,"href":"https:\/\/huiles-essentielles.pour-toi.fr\/fr_FR\/wp-json\/wp\/v2\/comments?post=65"}],"version-history":[{"count":42,"href":"https:\/\/huiles-essentielles.pour-toi.fr\/fr_FR\/wp-json\/wp\/v2\/pages\/65\/revisions"}],"predecessor-version":[{"id":666,"href":"https:\/\/huiles-essentielles.pour-toi.fr\/fr_FR\/wp-json\/wp\/v2\/pages\/65\/revisions\/666"}],"wp:attachment":[{"href":"https:\/\/huiles-essentielles.pour-toi.fr\/fr_FR\/wp-json\/wp\/v2\/media?parent=65"}],"curies":[{"name":"wp","href":"https:\/\/api.w.org\/{rel}","templated":true}]}}