{"id":620,"date":"2020-05-02T02:35:11","date_gmt":"2020-05-02T00:35:11","guid":{"rendered":"https:\/\/huiles-essentielles.pour-toi.fr\/?page_id=620"},"modified":"2020-05-03T21:05:46","modified_gmt":"2020-05-03T19:05:46","slug":"outils-professionnels","status":"publish","type":"page","link":"https:\/\/huiles-essentielles.pour-toi.fr\/fr_FR\/outils-professionnels\/","title":{"rendered":"Opportunity Products"},"content":{"rendered":"<hr \/>\n<p class=\"upper\" style=\"text-align: justify;\"><strong>Imaginez d\u00e9velopper votre activit\u00e9 au sein d&rsquo;une communaut\u00e9 o\u00f9 le bien-\u00eatre est un mode de vie, et o\u00f9 faire les choses que vous aimez vous conduit tout naturellement \u00e0 la r\u00e9ussite. Emploi de leurs r\u00eaves et ind\u00e9pendance financi\u00e8re&#8230; ces objectifs sont \u00e0 la port\u00e9e des distributeurs Young Living qui travaillent dur.<\/strong><br \/><em>Avec l&rsquo;aide personnalis\u00e9e de Young Living et de votre \u00e9quipe et gr\u00e2ce \u00e0 un r\u00e9gime de r\u00e9mun\u00e9ration parmi les meilleurs de l&rsquo;industrie, prenez votre avenir en main et mettez sur pied une entreprise florissante. Toute la famille Young Living se tiendra \u00e0 vos c\u00f4t\u00e9s pour vous encourager tout au long de votre \u00e9volution.<\/em><\/p>\n<hr \/>\n<table style=\"border-collapse: collapse; width: 100%;\">\n<tbody>\n<tr>\n<td style=\"width: 50%; background-color: #ffffff;\">\n<p style=\"text-align: center;\"><a href=\"https:\/\/www.youngliving.com\/fr_FR\/opportunity\/products\/starter-kits?sponsorid=23138817&amp;enrollerid=23138817&amp;type=member\" target=\"_blank\" rel=\"noopener noreferrer\">Kits de d\u00e9marrage<\/a><\/p>\n<p style=\"text-align: center;\">En route pour la r\u00e9ussite gr\u00e2ce \u00e0 nos kits de d\u00e9marrage ! Ces coffrets d&rsquo;initiation enti\u00e8rement revisit\u00e9s proposent plus d&rsquo;outils professionnels et d&rsquo;\u00e9chantillons que jamais. Ils constituent la solution id\u00e9ale pour d\u00e9couvrir le mode de vie Young Living et les opportunit\u00e9s qu&rsquo;il peut offrir.<\/p>\n<\/td>\n<td style=\"width: 50%; background-color: #ffffff;\"><a href=\"https:\/\/www.youngliving.com\/fr_FR\/opportunity\/products\/starter-kits?sponsorid=23138817&amp;enrollerid=23138817&amp;type=member\" target=\"_blank\" rel=\"Kits de d\u00e9marrage noopener noreferrer\"><img loading=\"lazy\" class=\"alignright wp-image-621 size-full\" title=\"Kits de d\u00e9marrage\" src=\"https:\/\/huiles-essentielles.pour-toi.fr\/wp-content\/uploads\/2020\/05\/Kits-de-d\u00e9marrage-e1588380613385.jpg\" alt=\"\" width=\"373\" height=\"242\" srcset=\"https:\/\/huiles-essentielles.pour-toi.fr\/wp-content\/uploads\/2020\/05\/Kits-de-d\u00e9marrage-e1588380613385.jpg 373w, https:\/\/huiles-essentielles.pour-toi.fr\/wp-content\/uploads\/2020\/05\/Kits-de-d\u00e9marrage-e1588380613385-300x195.jpg 300w, https:\/\/huiles-essentielles.pour-toi.fr\/wp-content\/uploads\/2020\/05\/Kits-de-d\u00e9marrage-e1588380613385-150x97.jpg 150w\" sizes=\"(max-width: 373px) 100vw, 373px\" \/><\/a><\/td>\n<\/tr>\n<tr>\n<td style=\"width: 50%; background-color: #ffffff;\">\n<p style=\"text-align: center;\"><a href=\"https:\/\/www.youngliving.com\/fr_FR\/opportunity\/products\/essential-rewards-kits?sponsorid=23138817&amp;enrollerid=23138817&amp;type=member\" target=\"_blank\" rel=\"noopener noreferrer\">Kits Essential Rewards<\/a><\/p>\n<div class=\"text\">\n<p style=\"text-align: center;\">Faites votre choix parmi nos collections D\u00e9couverte con\u00e7ues autour de cat\u00e9gories sp\u00e9cifiques. Gr\u00e2ce \u00e0 elles, vous aurez toujours vos produits Young Living pr\u00e9f\u00e9r\u00e9s \u00e0 port\u00e9e de main !<\/p>\n<\/div>\n<\/td>\n<td style=\"width: 50%; background-color: #ffffff;\"><a href=\"https:\/\/www.youngliving.com\/fr_FR\/opportunity\/products\/essential-rewards-kits?sponsorid=23138817&amp;enrollerid=23138817&amp;type=member\" target=\"_blank\" rel=\"Essential Kits Rewards noopener noreferrer\"><img loading=\"lazy\" class=\"alignright wp-image-630 size-full\" title=\"Kits Essential Rewards\" src=\"https:\/\/huiles-essentielles.pour-toi.fr\/wp-content\/uploads\/2020\/05\/Kits-Essential-Rewards.jpg\" alt=\"\" width=\"373\" height=\"241\" srcset=\"https:\/\/huiles-essentielles.pour-toi.fr\/wp-content\/uploads\/2020\/05\/Kits-Essential-Rewards.jpg 373w, https:\/\/huiles-essentielles.pour-toi.fr\/wp-content\/uploads\/2020\/05\/Kits-Essential-Rewards-300x194.jpg 300w, https:\/\/huiles-essentielles.pour-toi.fr\/wp-content\/uploads\/2020\/05\/Kits-Essential-Rewards-150x97.jpg 150w\" sizes=\"(max-width: 373px) 100vw, 373px\" \/><\/a><\/td>\n<\/tr>\n<tr>\n<td style=\"width: 50%; background-color: #ffffff;\">\n<p style=\"text-align: center;\"><a href=\"https:\/\/www.youngliving.com\/fr_FR\/opportunity\/products\/business-tools?sponsorid=23138817&amp;enrollerid=23138817&amp;type=member\" target=\"_blank\" rel=\"noopener noreferrer\">Ressources professionnelles et p\u00e9dagogiques<\/a><\/p>\n<p class=\"text\" style=\"text-align: center;\">Devenez un sp\u00e9cialiste des huiles essentielles, du bien-\u00eatre et du mode de vie Young Living. Nos outils complets regroupant des catalogues d\u00e9taill\u00e9s, des brochures informatives et des DVD pleins d&rsquo;id\u00e9e vous aideront \u00e0 d\u00e9velopper une activit\u00e9 prosp\u00e8re.<\/p>\n<\/td>\n<td style=\"width: 50%; background-color: #ffffff; text-align: center;\"><a href=\"https:\/\/www.youngliving.com\/fr_FR\/opportunity\/products\/business-tools?sponsorid=23138817&amp;enrollerid=23138817&amp;type=member\" target=\"_blank\" rel=\"Ressources et noopener professionnelles p\u00e9dagogiques noreferrer\"><img loading=\"lazy\" class=\"alignright wp-image-638 size-full\" title=\"Ressources professionnelles et p\u00e9dagogiques\" src=\"https:\/\/huiles-essentielles.pour-toi.fr\/wp-content\/uploads\/2020\/05\/Ressources-professionnelles-et-p\u00e9dagogiques.jpg\" alt=\"\" width=\"373\" height=\"241\" srcset=\"https:\/\/huiles-essentielles.pour-toi.fr\/wp-content\/uploads\/2020\/05\/Ressources-professionnelles-et-p\u00e9dagogiques.jpg 373w, https:\/\/huiles-essentielles.pour-toi.fr\/wp-content\/uploads\/2020\/05\/Ressources-professionnelles-et-p\u00e9dagogiques-300x194.jpg 300w, https:\/\/huiles-essentielles.pour-toi.fr\/wp-content\/uploads\/2020\/05\/Ressources-professionnelles-et-p\u00e9dagogiques-150x97.jpg 150w\" sizes=\"(max-width: 373px) 100vw, 373px\" \/><\/a><\/td>\n<\/tr>\n<tr>\n<td style=\"width: 50%; background-color: #ffffff;\">\n<p style=\"text-align: center;\"><a href=\"https:\/\/www.youngliving.com\/fr_FR\/opportunity\/products\/branded-merchandise?sponsorid=23138817&amp;enrollerid=23138817&amp;type=member\" target=\"_blank\" rel=\"noopener noreferrer\">Produits d\u00e9riv\u00e9s<\/a><\/p>\n<p class=\"text\" style=\"text-align: center;\">Vous \u00eates fiers de Young Living ? Alors montrez-le gr\u00e2ce \u00e0 nos housses de transport, bouteilles et sacs aux couleurs de la marque.<\/p>\n<\/td>\n<td style=\"width: 50%; background-color: #ffffff;\"><a href=\"https:\/\/www.youngliving.com\/fr_FR\/opportunity\/products\/branded-merchandise?sponsorid=23138817&amp;enrollerid=23138817&amp;type=member\" target=\"_blank\" rel=\"Produits d\u00e9riv\u00e9s noopener noreferrer\"><img loading=\"lazy\" class=\"alignright wp-image-634 size-full\" title=\"Produits d\u00e9riv\u00e9s\" src=\"https:\/\/huiles-essentielles.pour-toi.fr\/wp-content\/uploads\/2020\/05\/Produits-d\u00e9riv\u00e9s.jpg\" alt=\"\" width=\"372\" height=\"241\" srcset=\"https:\/\/huiles-essentielles.pour-toi.fr\/wp-content\/uploads\/2020\/05\/Produits-d\u00e9riv\u00e9s.jpg 372w, https:\/\/huiles-essentielles.pour-toi.fr\/wp-content\/uploads\/2020\/05\/Produits-d\u00e9riv\u00e9s-300x194.jpg 300w, https:\/\/huiles-essentielles.pour-toi.fr\/wp-content\/uploads\/2020\/05\/Produits-d\u00e9riv\u00e9s-150x97.jpg 150w\" sizes=\"(max-width: 372px) 100vw, 372px\" \/><\/a><\/td>\n<\/tr>\n<\/tbody>\n<\/table>\n","protected":false},"excerpt":{"rendered":"<hr \/>\n<p class=\"upper\" style=\"text-align: justify;\"><strong>Imaginez d\u00e9velopper votre activit\u00e9 au sein d&rsquo;une communaut\u00e9 o\u00f9 le bien-\u00eatre est un mode de vie, et o\u00f9 faire les choses que vous aimez vous conduit tout naturellement \u00e0 la r\u00e9ussite. Emploi de&#8230; [&#8230;]<\/p>\n","protected":false},"author":1,"featured_media":0,"parent":0,"menu_order":0,"comment_status":"closed","ping_status":"closed","template":"","meta":[],"_links":{"self":[{"href":"https:\/\/huiles-essentielles.pour-toi.fr\/fr_FR\/wp-json\/wp\/v2\/pages\/620"}],"collection":[{"href":"https:\/\/huiles-essentielles.pour-toi.fr\/fr_FR\/wp-json\/wp\/v2\/pages"}],"about":[{"href":"https:\/\/huiles-essentielles.pour-toi.fr\/fr_FR\/wp-json\/wp\/v2\/types\/page"}],"author":[{"embeddable":true,"href":"https:\/\/huiles-essentielles.pour-toi.fr\/fr_FR\/wp-json\/wp\/v2\/users\/1"}],"replies":[{"embeddable":true,"href":"https:\/\/huiles-essentielles.pour-toi.fr\/fr_FR\/wp-json\/wp\/v2\/comments?post=620"}],"version-history":[{"count":56,"href":"https:\/\/huiles-essentielles.pour-toi.fr\/fr_FR\/wp-json\/wp\/v2\/pages\/620\/revisions"}],"predecessor-version":[{"id":869,"href":"https:\/\/huiles-essentielles.pour-toi.fr\/fr_FR\/wp-json\/wp\/v2\/pages\/620\/revisions\/869"}],"wp:attachment":[{"href":"https:\/\/huiles-essentielles.pour-toi.fr\/fr_FR\/wp-json\/wp\/v2\/media?parent=620"}],"curies":[{"name":"wp","href":"https:\/\/api.w.org\/{rel}","templated":true}]}}