{"id":608,"date":"2020-05-02T02:09:35","date_gmt":"2020-05-02T00:09:35","guid":{"rendered":"https:\/\/huiles-essentielles.pour-toi.fr\/?page_id=608"},"modified":"2020-05-03T19:49:03","modified_gmt":"2020-05-03T17:49:03","slug":"equilibre","status":"publish","type":"page","link":"https:\/\/huiles-essentielles.pour-toi.fr\/fr_FR\/equilibre\/","title":{"rendered":"\u00c9quilibre"},"content":{"rendered":"<p style=\"text-align: center;\"><a href=\"https:\/\/www.youngliving.com\/fr_FR\/products\/c\/%C3%A9quilibre?sponsorid=23138817&amp;enrollerid=23138817&amp;type=member\" target=\"_blank\" rel=\"noopener noreferrer\"><span style=\"color: #ff0000; font-size: 18pt;\"><strong>\u00c9quilibre<\/strong><\/span><\/a><\/p>\n<hr \/>\n<p><strong>Le monde bouge \u00e0 un rythme effarant. Red\u00e9couvrez le calme lorsque vous ralentissez et recherchez les petits moments de qui\u00e9tude qui assurent votre \u00e9quilibre spirituel, intellectuel et \u00e9motionnel.<\/strong><br \/>\n<em>Puisez dans votre \u00e9nergie vitale avec des huiles essentielles pures et leurs m\u00e9langes reconnus pour leur capacit\u00e9 \u00e0 favoriser la paix int\u00e9rieure et le bien-\u00eatre \u00e9motionnel. Nos produits \u00c9quilibre peuvent vous guider vers votre c\u0153ur spirituel et \u00e9motionnel, vous aider \u00e0 vivre pleinement le moment pr\u00e9sent.<\/em><\/p>\n<hr \/>\n<table style=\"border-collapse: collapse; width: 100%;\">\n<tbody>\n<tr>\n<td style=\"width: 50%;\"><a href=\"https:\/\/www.youngliving.com\/fr_FR\/products\/c\/%C3%A9quilibre\/sant%C3%A9-spirituelle?sponsorid=23138817&amp;enrollerid=23138817&amp;type=member\" target=\"_blank\" rel=\"noopener noreferrer\">Sant\u00e9 spirituelle<\/a><br \/>\nAvec les huiles essentielles bibliques telles que l&rsquo;encens et la myrrhe, notre ligne Sant\u00e9 spirituelle am\u00e9liore les moments de d\u00e9votion et de respect.<\/td>\n<td style=\"width: 50%;\"><a href=\"https:\/\/www.youngliving.com\/fr_FR\/products\/c\/%C3%A9quilibre\/sant%C3%A9-spirituelle?sponsorid=23138817&amp;enrollerid=23138817&amp;type=member\" target=\"_blank\" rel=\"noopener noreferrer\"><img loading=\"lazy\" class=\"aligncenter wp-image-832 size-full\" title=\"Sant\u00e9 spirituelle\" src=\"https:\/\/huiles-essentielles.pour-toi.fr\/wp-content\/uploads\/2020\/05\/Sant\u00e9-spirituelle.jpg\" alt=\"\" width=\"373\" height=\"241\" srcset=\"https:\/\/huiles-essentielles.pour-toi.fr\/wp-content\/uploads\/2020\/05\/Sant\u00e9-spirituelle.jpg 373w, https:\/\/huiles-essentielles.pour-toi.fr\/wp-content\/uploads\/2020\/05\/Sant\u00e9-spirituelle-300x194.jpg 300w, https:\/\/huiles-essentielles.pour-toi.fr\/wp-content\/uploads\/2020\/05\/Sant\u00e9-spirituelle-150x97.jpg 150w\" sizes=\"(max-width: 373px) 100vw, 373px\" \/><\/a><\/td>\n<\/tr>\n<tr>\n<td style=\"width: 50%;\"><a href=\"https:\/\/www.youngliving.com\/fr_FR\/products\/c\/%C3%A9quilibre\/bien-%C3%AAtre-mental?sponsorid=23138817&amp;enrollerid=23138817&amp;type=member\" target=\"_blank\" rel=\"noopener noreferrer\">Bien-\u00eatre mental<\/a><br \/>\nD\u00e9couvrez le chemin naturel vers la clart\u00e9 et la force mentale. Avec les produits Young Living sp\u00e9cialement formul\u00e9s pour soutenir la sant\u00e9 mentale, vous pouvez vous lib\u00e9rer des angoisses occasionnelles et embrasser une paix durable.<\/td>\n<td style=\"width: 50%;\"><a href=\"https:\/\/www.youngliving.com\/fr_FR\/products\/c\/%C3%A9quilibre\/bien-%C3%AAtre-mental?sponsorid=23138817&amp;enrollerid=23138817&amp;type=member\" target=\"_blank\" rel=\"noopener noreferrer\"><img loading=\"lazy\" class=\"aligncenter wp-image-833 size-full\" title=\"Bien-\u00eatre mental\" src=\"https:\/\/huiles-essentielles.pour-toi.fr\/wp-content\/uploads\/2020\/05\/Bien-\u00eatre-mental.jpg\" alt=\"\" width=\"373\" height=\"241\" srcset=\"https:\/\/huiles-essentielles.pour-toi.fr\/wp-content\/uploads\/2020\/05\/Bien-\u00eatre-mental.jpg 373w, https:\/\/huiles-essentielles.pour-toi.fr\/wp-content\/uploads\/2020\/05\/Bien-\u00eatre-mental-300x194.jpg 300w, https:\/\/huiles-essentielles.pour-toi.fr\/wp-content\/uploads\/2020\/05\/Bien-\u00eatre-mental-150x97.jpg 150w\" sizes=\"(max-width: 373px) 100vw, 373px\" \/><\/a><\/td>\n<\/tr>\n<tr>\n<td style=\"width: 50%;\"><a href=\"https:\/\/www.youngliving.com\/fr_FR\/products\/c\/%C3%A9quilibre\/bien-%C3%AAtre-%C3%A9motionnel?sponsorid=23138817&amp;enrollerid=23138817&amp;type=member\" target=\"_blank\" rel=\"noopener noreferrer\">Bien-\u00eatre \u00e9motionnel<\/a><br \/>\nApportez la s\u00e9r\u00e9nit\u00e9 \u00e0 votre rituel du coucher avec les propri\u00e9t\u00e9s uniques, qui favorisent le repos, des huiles essentielles pures comme la val\u00e9riane. Go\u00fbtez au repos d&rsquo;une bonne nuit, naturellement.<\/td>\n<td style=\"width: 50%;\"><a href=\"https:\/\/www.youngliving.com\/fr_FR\/products\/c\/%C3%A9quilibre\/bien-%C3%AAtre-%C3%A9motionnel?sponsorid=23138817&amp;enrollerid=23138817&amp;type=member\" target=\"_blank\" rel=\"noopener noreferrer\"><img loading=\"lazy\" class=\"aligncenter wp-image-835 size-full\" title=\"Bien-\u00eatre \u00e9motionnel\" src=\"https:\/\/huiles-essentielles.pour-toi.fr\/wp-content\/uploads\/2020\/05\/\u00c9quilibre-\u00e9motionnel.jpg\" alt=\"\" width=\"373\" height=\"241\" srcset=\"https:\/\/huiles-essentielles.pour-toi.fr\/wp-content\/uploads\/2020\/05\/\u00c9quilibre-\u00e9motionnel.jpg 373w, https:\/\/huiles-essentielles.pour-toi.fr\/wp-content\/uploads\/2020\/05\/\u00c9quilibre-\u00e9motionnel-300x194.jpg 300w, https:\/\/huiles-essentielles.pour-toi.fr\/wp-content\/uploads\/2020\/05\/\u00c9quilibre-\u00e9motionnel-150x97.jpg 150w\" sizes=\"(max-width: 373px) 100vw, 373px\" \/><\/a><\/td>\n<\/tr>\n<tr>\n<td style=\"width: 50%;\"><a href=\"https:\/\/www.youngliving.com\/fr_FR\/products\/c\/%C3%A9quilibre\/troubles-du-sommeil?sponsorid=23138817&amp;enrollerid=23138817&amp;type=member\" target=\"_blank\" rel=\"noopener noreferrer\">Troubles du sommeil<\/a><br \/>\nR\u00e9veillez votre cr\u00e9ativit\u00e9 et votre passion pour la vie ! Avec nos douzaines d&rsquo;huiles essentielles et leurs m\u00e9langes Young Living qui stimulent la force \u00e9motionnelle, vous pouvez atteindre vos objectifs les plus \u00e9lev\u00e9s.<\/td>\n<td style=\"width: 50%;\"><a href=\"https:\/\/www.youngliving.com\/fr_FR\/products\/c\/%C3%A9quilibre\/troubles-du-sommeil?sponsorid=23138817&amp;enrollerid=23138817&amp;type=member\"><img loading=\"lazy\" class=\"aligncenter wp-image-834 size-full\" title=\"Troubles du sommeil\" src=\"https:\/\/huiles-essentielles.pour-toi.fr\/wp-content\/uploads\/2020\/05\/Troubles-du-sommeil.jpg\" alt=\"\" width=\"373\" height=\"241\" srcset=\"https:\/\/huiles-essentielles.pour-toi.fr\/wp-content\/uploads\/2020\/05\/Troubles-du-sommeil.jpg 373w, https:\/\/huiles-essentielles.pour-toi.fr\/wp-content\/uploads\/2020\/05\/Troubles-du-sommeil-300x194.jpg 300w, https:\/\/huiles-essentielles.pour-toi.fr\/wp-content\/uploads\/2020\/05\/Troubles-du-sommeil-150x97.jpg 150w\" sizes=\"(max-width: 373px) 100vw, 373px\" \/><\/a><\/td>\n<\/tr>\n<\/tbody>\n<\/table>\n","protected":false},"excerpt":{"rendered":"<p style=\"text-align: center;\"><a href=\"https:\/\/www.youngliving.com\/fr_FR\/products\/c\/%C3%A9quilibre?sponsorid=23138817&amp;enrollerid=23138817&amp;type=member\" target=\"_blank\" rel=\"noopener noreferrer\"><span style=\"color: #ff0000; font-size: 18pt;\"><... [...]\n<\/p>\n","protected":false},"author":1,"featured_media":0,"parent":0,"menu_order":0,"comment_status":"closed","ping_status":"closed","template":"","meta":[],"_links":{"self":[{"href":"https:\/\/huiles-essentielles.pour-toi.fr\/fr_FR\/wp-json\/wp\/v2\/pages\/608"}],"collection":[{"href":"https:\/\/huiles-essentielles.pour-toi.fr\/fr_FR\/wp-json\/wp\/v2\/pages"}],"about":[{"href":"https:\/\/huiles-essentielles.pour-toi.fr\/fr_FR\/wp-json\/wp\/v2\/types\/page"}],"author":[{"embeddable":true,"href":"https:\/\/huiles-essentielles.pour-toi.fr\/fr_FR\/wp-json\/wp\/v2\/users\/1"}],"replies":[{"embeddable":true,"href":"https:\/\/huiles-essentielles.pour-toi.fr\/fr_FR\/wp-json\/wp\/v2\/comments?post=608"}],"version-history":[{"count":11,"href":"https:\/\/huiles-essentielles.pour-toi.fr\/fr_FR\/wp-json\/wp\/v2\/pages\/608\/revisions"}],"predecessor-version":[{"id":843,"href":"https:\/\/huiles-essentielles.pour-toi.fr\/fr_FR\/wp-json\/wp\/v2\/pages\/608\/revisions\/843"}],"wp:attachment":[{"href":"https:\/\/huiles-essentielles.pour-toi.fr\/fr_FR\/wp-json\/wp\/v2\/media?parent=608"}],"curies":[{"name":"wp","href":"https:\/\/api.w.org\/{rel}","templated":true}]}}