{"id":605,"date":"2020-05-02T02:07:37","date_gmt":"2020-05-02T00:07:37","guid":{"rendered":"https:\/\/huiles-essentielles.pour-toi.fr\/?page_id=605"},"modified":"2020-05-03T18:46:21","modified_gmt":"2020-05-03T16:46:21","slug":"beaute","status":"publish","type":"page","link":"https:\/\/huiles-essentielles.pour-toi.fr\/fr_FR\/beaute\/","title":{"rendered":"Beaut\u00e9"},"content":{"rendered":"<p style=\"text-align: center;\"><a href=\"https:\/\/www.youngliving.com\/fr_FR\/products\/c\/beaut%C3%A9?sponsorid=23138817&#038;enrollerid=23138817&#038;type=member\" target=\"_blank\" rel=\"noopener noreferrer\"><span style=\"color: #ff0000; font-size: 18pt;\"><strong>Beaut\u00e9<\/strong><\/span><\/a><\/p>\n<hr \/>\n<p><strong>La vraie beaut\u00e9 r\u00e9side en chacun de nous. Pr\u00e9parez-vous \u00e0 rayonner int\u00e9rieurement et ext\u00e9rieurement gr\u00e2ce \u00e0 nos produits authentiques qui r\u00e9v\u00e8leront votre \u00e9clat naturel.<\/strong><br \/>\n<em>Contrairement \u00e0 de nombreux produits de beaut\u00e9 classiques, les soins pour la peau et les cheveux de Young Living ne contiennent aucun compos\u00e9 chimique, seulement des ingr\u00e9dients naturels \u00e0 base d&rsquo;huiles essentielles. Ces pr\u00e9cieuses essences constituent un secret cosm\u00e9tique ancestral qui redonnera tout son \u00e9clat \u00e0 votre teint.<\/em><\/p>\n<hr \/>\n<table style=\"border-collapse: collapse; width: 100%;\">\n<tbody>\n<tr>\n<td style=\"width: 50%;\">\n<p style=\"text-align: left;\"><a href=\"https:\/\/www.youngliving.com\/fr_FR\/products\/c\/beaut%C3%A9\/anti-%C3%A2ge?sponsorid=23138817&#038;enrollerid=23138817&#038;type=member\" target=\"_blank\" rel=\"noopener noreferrer\">Anti-\u00e2ge<\/a><\/p>\n<p style=\"text-align: left;\">On ne peut pas revenir en arri\u00e8re, mais on peut toujours combattre les signes du vieillissement. Formul\u00e9 avec la puissance naturelle des huiles essentielles, notre ligne anti\u00e2ge prot\u00e8ge et revitalise votre peau pour vous rendre plus resplendissante.<\/p>\n<\/td>\n<td style=\"width: 50%;\"><a href=\"https:\/\/www.youngliving.com\/fr_FR\/products\/c\/beaut%C3%A9\/anti-%C3%A2ge?sponsorid=23138817&#038;enrollerid=23138817&#038;type=member\" target=\"_blank\" rel=\"noopener noreferrer\"><img loading=\"lazy\" class=\"wp-image-800 size-full aligncenter\" title=\"Anti-\u00e2ge\" src=\"https:\/\/huiles-essentielles.pour-toi.fr\/wp-content\/uploads\/2020\/05\/Anti\u00e2ge.jpg\" alt=\"\" width=\"373\" height=\"241\" srcset=\"https:\/\/huiles-essentielles.pour-toi.fr\/wp-content\/uploads\/2020\/05\/Anti\u00e2ge.jpg 373w, https:\/\/huiles-essentielles.pour-toi.fr\/wp-content\/uploads\/2020\/05\/Anti\u00e2ge-300x194.jpg 300w, https:\/\/huiles-essentielles.pour-toi.fr\/wp-content\/uploads\/2020\/05\/Anti\u00e2ge-150x97.jpg 150w\" sizes=\"(max-width: 373px) 100vw, 373px\" \/><\/a><\/td>\n<\/tr>\n<tr>\n<td style=\"width: 50%;\"><a href=\"https:\/\/www.youngliving.com\/fr_FR\/products\/c\/beaut%C3%A9\/soins-du-visage?sponsorid=23138817&#038;enrollerid=23138817&#038;type=member\" target=\"_blank\" rel=\"noopener noreferrer\">Soins du visage<\/a><\/p>\n<p>Oubliez les produits chimiques qui peuvent ass\u00e9cher et endommager votre peau. Nos s\u00e9rums et nos cr\u00e8mes enti\u00e8rement naturels nettoient, hydratent et nourrissent votre peau, la laissant douce, souple, propre et rafra\u00eechie.<\/td>\n<td style=\"width: 50%;\"><a href=\"https:\/\/www.youngliving.com\/fr_FR\/products\/c\/beaut%C3%A9\/soins-du-visage?sponsorid=23138817&#038;enrollerid=23138817&#038;type=member\" target=\"_blank\" rel=\"noopener noreferrer\"><img loading=\"lazy\" class=\"aligncenter wp-image-801 size-full\" title=\"Soins du visage\" src=\"https:\/\/huiles-essentielles.pour-toi.fr\/wp-content\/uploads\/2020\/05\/Soins-du-visage.jpg\" alt=\"\" width=\"373\" height=\"241\" srcset=\"https:\/\/huiles-essentielles.pour-toi.fr\/wp-content\/uploads\/2020\/05\/Soins-du-visage.jpg 373w, https:\/\/huiles-essentielles.pour-toi.fr\/wp-content\/uploads\/2020\/05\/Soins-du-visage-300x194.jpg 300w, https:\/\/huiles-essentielles.pour-toi.fr\/wp-content\/uploads\/2020\/05\/Soins-du-visage-150x97.jpg 150w\" sizes=\"(max-width: 373px) 100vw, 373px\" \/><\/a><\/td>\n<\/tr>\n<tr>\n<td style=\"width: 50%;\"><a href=\"https:\/\/www.youngliving.com\/fr_FR\/products\/c\/beaut%C3%A9\/bain-et-corps?sponsorid=23138817&#038;enrollerid=23138817&#038;type=member\" target=\"_blank\" rel=\"noopener noreferrer\">Bain et corps<\/a><\/p>\n<p>Commencez et terminez la journ\u00e9e en profitant des bienfaits des huiles essentielles pour le bain et le corps. Profitez de gels douche, de soins pour les cheveux, de lotions et de savons somptueux pour apaiser ou dynamiser le corps et l&rsquo;esprit et repartir du bon pied.<\/td>\n<td style=\"width: 50%;\"><a href=\"https:\/\/www.youngliving.com\/fr_FR\/products\/c\/beaut%C3%A9\/bain-et-corps?sponsorid=23138817&#038;enrollerid=23138817&#038;type=member\" target=\"_blank\" rel=\"noopener noreferrer\"><img loading=\"lazy\" class=\"aligncenter wp-image-802 size-full\" title=\"Bain et corps\" src=\"https:\/\/huiles-essentielles.pour-toi.fr\/wp-content\/uploads\/2020\/05\/Bain-et-corps.jpg\" alt=\"\" width=\"373\" height=\"241\" srcset=\"https:\/\/huiles-essentielles.pour-toi.fr\/wp-content\/uploads\/2020\/05\/Bain-et-corps.jpg 373w, https:\/\/huiles-essentielles.pour-toi.fr\/wp-content\/uploads\/2020\/05\/Bain-et-corps-300x194.jpg 300w, https:\/\/huiles-essentielles.pour-toi.fr\/wp-content\/uploads\/2020\/05\/Bain-et-corps-150x97.jpg 150w\" sizes=\"(max-width: 373px) 100vw, 373px\" \/><\/a><\/td>\n<\/tr>\n<\/tbody>\n<\/table>\n","protected":false},"excerpt":{"rendered":"<p style=\"text-align: center;\"><a href=\"https:\/\/www.youngliving.com\/fr_FR\/products\/c\/beaut%C3%A9?sponsorid=23138817&#038;enrollerid=23138817&#038;type=member\" target=\"_blank\" rel=\"noopener noreferrer\"><span style=\"color: #ff0000; font-size: 18pt;\"><strong>Beau&#8230; [&#8230;]<\/p>\n","protected":false},"author":1,"featured_media":0,"parent":0,"menu_order":0,"comment_status":"closed","ping_status":"closed","template":"","meta":[],"_links":{"self":[{"href":"https:\/\/huiles-essentielles.pour-toi.fr\/fr_FR\/wp-json\/wp\/v2\/pages\/605"}],"collection":[{"href":"https:\/\/huiles-essentielles.pour-toi.fr\/fr_FR\/wp-json\/wp\/v2\/pages"}],"about":[{"href":"https:\/\/huiles-essentielles.pour-toi.fr\/fr_FR\/wp-json\/wp\/v2\/types\/page"}],"author":[{"embeddable":true,"href":"https:\/\/huiles-essentielles.pour-toi.fr\/fr_FR\/wp-json\/wp\/v2\/users\/1"}],"replies":[{"embeddable":true,"href":"https:\/\/huiles-essentielles.pour-toi.fr\/fr_FR\/wp-json\/wp\/v2\/comments?post=605"}],"version-history":[{"count":21,"href":"https:\/\/huiles-essentielles.pour-toi.fr\/fr_FR\/wp-json\/wp\/v2\/pages\/605\/revisions"}],"predecessor-version":[{"id":819,"href":"https:\/\/huiles-essentielles.pour-toi.fr\/fr_FR\/wp-json\/wp\/v2\/pages\/605\/revisions\/819"}],"wp:attachment":[{"href":"https:\/\/huiles-essentielles.pour-toi.fr\/fr_FR\/wp-json\/wp\/v2\/media?parent=605"}],"curies":[{"name":"wp","href":"https:\/\/api.w.org\/{rel}","templated":true}]}}