{"id":584,"date":"2020-05-02T01:34:29","date_gmt":"2020-05-01T23:34:29","guid":{"rendered":"https:\/\/huiles-essentielles.pour-toi.fr\/?page_id=584"},"modified":"2020-05-03T19:13:27","modified_gmt":"2020-05-03T17:13:27","slug":"bien-etre","status":"publish","type":"page","link":"https:\/\/huiles-essentielles.pour-toi.fr\/fr_FR\/bien-etre\/","title":{"rendered":"Bien-\u00eatre"},"content":{"rendered":"<p style=\"text-align: center;\"><a href=\"https:\/\/www.youngliving.com\/fr_FR\/products\/c\/bien-%C3%AAtre?sponsorid=23138817&amp;enrollerid=23138817&amp;type=member\" target=\"_blank\" rel=\"noopener noreferrer\"><span style=\"color: #ff0000; font-size: 18pt;\"><strong>Bien-\u00eatre<\/strong><\/span><\/a><\/p>\n<hr \/>\n<p><strong>Semer une graine et la regarder grandir est une exp\u00e9rience presque magique. Tout comme les plantes \u00e0 l&rsquo;origine de nos huiles essentielles ont \u00e9t\u00e9 cultiv\u00e9es avec soin, les ingr\u00e9dients de nos produits ont \u00e9t\u00e9 con\u00e7us pour favoriser la sant\u00e9 totale de l&rsquo;esprit et du corps.<\/strong> <em>Pour vous aider \u00e0 atteindre un bien-\u00eatre complet, nous avons mis au point une gamme d&rsquo;huiles essentielles, de vitamines naturelles et de produits visant \u00e0 vous aider \u00e0 mener une vie saine et \u00e9quilibr\u00e9e.<\/em><\/p>\n<hr \/>\n<table style=\"border-collapse: collapse; width: 100%;\">\n<tbody>\n<tr>\n<td style=\"width: 33.3333%; background-color: #ffffff;\">\n<p style=\"text-align: center;\"><a href=\"https:\/\/www.youngliving.com\/fr_FR\/products\/c\/bien-%C3%AAtre\/multivitamines?sponsorid=23138817&amp;enrollerid=23138817&amp;type=member\" target=\"_blank\" rel=\"noopener noreferrer\"><img loading=\"lazy\" class=\"aligncenter wp-image-782 size-full\" title=\"Multivitamines\" src=\"https:\/\/huiles-essentielles.pour-toi.fr\/wp-content\/uploads\/2020\/05\/Multivitamines.jpg\" alt=\"\" width=\"373\" height=\"241\" srcset=\"https:\/\/huiles-essentielles.pour-toi.fr\/wp-content\/uploads\/2020\/05\/Multivitamines.jpg 373w, https:\/\/huiles-essentielles.pour-toi.fr\/wp-content\/uploads\/2020\/05\/Multivitamines-300x194.jpg 300w, https:\/\/huiles-essentielles.pour-toi.fr\/wp-content\/uploads\/2020\/05\/Multivitamines-150x97.jpg 150w\" sizes=\"(max-width: 373px) 100vw, 373px\" \/><\/a><a href=\"https:\/\/www.youngliving.com\/fr_FR\/products\/c\/bien-%C3%AAtre\/multivitamines?sponsorid=23138817&amp;enrollerid=23138817&amp;type=member\" target=\"_blank\" rel=\"noopener noreferrer\">Multivitamines<\/a><\/p>\n<\/td>\n<td style=\"width: 33.3333%; background-color: #ffffff;\">\n<p style=\"text-align: center;\"><a href=\"https:\/\/www.youngliving.com\/fr_FR\/products\/c\/bien-%C3%AAtre\/compl%C3%A9ments-adapt%C3%A9s-%C3%A0-l%C3%A2ge?sponsorid=23138817&amp;enrollerid=23138817&amp;type=member\" target=\"_blank\" rel=\"noopener noreferrer\"><img loading=\"lazy\" class=\"aligncenter wp-image-780 size-full\" title=\"Compl\u00e9ments adapt\u00e9s \u00e0 l'\u00e2ge\" src=\"https:\/\/huiles-essentielles.pour-toi.fr\/wp-content\/uploads\/2020\/05\/Compl\u00e9ments-adapt\u00e9s-\u00e0-l\u00e2ge.jpg\" alt=\"\" width=\"373\" height=\"241\" srcset=\"https:\/\/huiles-essentielles.pour-toi.fr\/wp-content\/uploads\/2020\/05\/Compl\u00e9ments-adapt\u00e9s-\u00e0-l\u00e2ge.jpg 373w, https:\/\/huiles-essentielles.pour-toi.fr\/wp-content\/uploads\/2020\/05\/Compl\u00e9ments-adapt\u00e9s-\u00e0-l\u00e2ge-300x194.jpg 300w, https:\/\/huiles-essentielles.pour-toi.fr\/wp-content\/uploads\/2020\/05\/Compl\u00e9ments-adapt\u00e9s-\u00e0-l\u00e2ge-150x97.jpg 150w\" sizes=\"(max-width: 373px) 100vw, 373px\" \/><\/a><a href=\"https:\/\/www.youngliving.com\/fr_FR\/products\/c\/bien-%C3%AAtre\/compl%C3%A9ments-adapt%C3%A9s-%C3%A0-l%C3%A2ge?sponsorid=23138817&amp;enrollerid=23138817&amp;type=member\" target=\"_blank\" rel=\"noopener noreferrer\">Compl\u00e9ments adapt\u00e9s \u00e0 l&rsquo;\u00e2ge<\/a><\/p>\n<\/td>\n<td style=\"width: 33.3333%; background-color: #ffffff;\">\n<p style=\"text-align: center;\"><a href=\"https:\/\/www.youngliving.com\/fr_FR\/products\/c\/bien-%C3%AAtre\/du-bien-%C3%AAtre-%C3%A0-boire?sponsorid=23138817&amp;enrollerid=23138817&amp;type=member\" target=\"_blank\" rel=\"noopener noreferrer\"><img loading=\"lazy\" class=\"aligncenter wp-image-784 size-full\" title=\"Du bien-\u00eatre \u00e0 boire\" src=\"https:\/\/huiles-essentielles.pour-toi.fr\/wp-content\/uploads\/2020\/05\/Du-bien-\u00eatre-\u00e0-boire.jpg\" alt=\"\" width=\"373\" height=\"240\" srcset=\"https:\/\/huiles-essentielles.pour-toi.fr\/wp-content\/uploads\/2020\/05\/Du-bien-\u00eatre-\u00e0-boire.jpg 373w, https:\/\/huiles-essentielles.pour-toi.fr\/wp-content\/uploads\/2020\/05\/Du-bien-\u00eatre-\u00e0-boire-300x193.jpg 300w, https:\/\/huiles-essentielles.pour-toi.fr\/wp-content\/uploads\/2020\/05\/Du-bien-\u00eatre-\u00e0-boire-150x97.jpg 150w\" sizes=\"(max-width: 373px) 100vw, 373px\" \/><\/a><a href=\"https:\/\/www.youngliving.com\/fr_FR\/products\/c\/bien-%C3%AAtre\/du-bien-%C3%AAtre-%C3%A0-boire?sponsorid=23138817&amp;enrollerid=23138817&amp;type=member\" target=\"_blank\" rel=\"noopener noreferrer\">Du bien-\u00eatre \u00e0 boire<\/a><\/p>\n<\/td>\n<\/tr>\n<tr>\n<td style=\"width: 33.3333%; background-color: #ffffff;\">\n<p style=\"text-align: center;\"><a href=\"https:\/\/www.youngliving.com\/fr_FR\/products\/c\/bien-%C3%AAtre\/contr%C3%B4le-du-poids?sponsorid=23138817&amp;enrollerid=23138817&amp;type=member\" target=\"_blank\" rel=\"noopener noreferrer\"><img loading=\"lazy\" class=\"aligncenter wp-image-785 size-full\" title=\"Contr\u00f4le du poids\" src=\"https:\/\/huiles-essentielles.pour-toi.fr\/wp-content\/uploads\/2020\/05\/Contr\u00f4le-du-poids.jpg\" alt=\"\" width=\"373\" height=\"241\" srcset=\"https:\/\/huiles-essentielles.pour-toi.fr\/wp-content\/uploads\/2020\/05\/Contr\u00f4le-du-poids.jpg 373w, https:\/\/huiles-essentielles.pour-toi.fr\/wp-content\/uploads\/2020\/05\/Contr\u00f4le-du-poids-300x194.jpg 300w, https:\/\/huiles-essentielles.pour-toi.fr\/wp-content\/uploads\/2020\/05\/Contr\u00f4le-du-poids-150x97.jpg 150w\" sizes=\"(max-width: 373px) 100vw, 373px\" \/><\/a><a href=\"https:\/\/www.youngliving.com\/fr_FR\/products\/c\/bien-%C3%AAtre\/contr%C3%B4le-du-poids?sponsorid=23138817&amp;enrollerid=23138817&amp;type=member\" target=\"_blank\" rel=\"noopener noreferrer\">Contr\u00f4le du poids<\/a><\/p>\n<\/td>\n<td style=\"width: 33.3333%; background-color: #ffffff;\">\n<p style=\"text-align: center;\"><a href=\"https:\/\/www.youngliving.com\/fr_FR\/products\/c\/bien-%C3%AAtre\/mobilit%C3%A9?sponsorid=23138817&amp;enrollerid=23138817&amp;type=member\"><img loading=\"lazy\" class=\"aligncenter wp-image-786 size-full\" title=\"Mobilit\u00e9\" src=\"https:\/\/huiles-essentielles.pour-toi.fr\/wp-content\/uploads\/2020\/05\/Mobilit\u00e9.jpg\" alt=\"\" width=\"372\" height=\"240\" srcset=\"https:\/\/huiles-essentielles.pour-toi.fr\/wp-content\/uploads\/2020\/05\/Mobilit\u00e9.jpg 372w, https:\/\/huiles-essentielles.pour-toi.fr\/wp-content\/uploads\/2020\/05\/Mobilit\u00e9-300x194.jpg 300w, https:\/\/huiles-essentielles.pour-toi.fr\/wp-content\/uploads\/2020\/05\/Mobilit\u00e9-150x97.jpg 150w\" sizes=\"(max-width: 372px) 100vw, 372px\" \/><\/a><a href=\"https:\/\/www.youngliving.com\/fr_FR\/products\/c\/bien-%C3%AAtre\/mobilit%C3%A9?sponsorid=23138817&amp;enrollerid=23138817&amp;type=member\" target=\"_blank\" rel=\"noopener noreferrer\">Mobilit\u00e9<\/a><\/p>\n<\/td>\n<td style=\"width: 33.3333%; background-color: #ffffff;\">\n<p style=\"text-align: center;\"><a href=\"https:\/\/www.youngliving.com\/fr_FR\/products\/c\/bien-%C3%AAtre\/%C3%A9nergie-et-r%C3%A9sistance?sponsorid=23138817&amp;enrollerid=23138817&amp;type=member\" target=\"_blank\" rel=\"noopener noreferrer\"><img loading=\"lazy\" class=\"aligncenter wp-image-787 size-full\" title=\"\u00c9nergie et r\u00e9sistance\" src=\"https:\/\/huiles-essentielles.pour-toi.fr\/wp-content\/uploads\/2020\/05\/\u00c9nergie-et-r\u00e9sistance.jpg\" alt=\"\" width=\"373\" height=\"241\" srcset=\"https:\/\/huiles-essentielles.pour-toi.fr\/wp-content\/uploads\/2020\/05\/\u00c9nergie-et-r\u00e9sistance.jpg 373w, https:\/\/huiles-essentielles.pour-toi.fr\/wp-content\/uploads\/2020\/05\/\u00c9nergie-et-r\u00e9sistance-300x194.jpg 300w, https:\/\/huiles-essentielles.pour-toi.fr\/wp-content\/uploads\/2020\/05\/\u00c9nergie-et-r\u00e9sistance-150x97.jpg 150w\" sizes=\"(max-width: 373px) 100vw, 373px\" \/><\/a><a href=\"https:\/\/www.youngliving.com\/fr_FR\/products\/c\/bien-%C3%AAtre\/%C3%A9nergie-et-r%C3%A9sistance?sponsorid=23138817&amp;enrollerid=23138817&amp;type=member\" target=\"_blank\" rel=\"noopener noreferrer\">\u00c9nergie et r\u00e9sistance<\/a><\/p>\n<\/td>\n<\/tr>\n<tr>\n<td style=\"width: 33.3333%; background-color: #ffffff;\">\n<p style=\"text-align: center;\"><a href=\"https:\/\/www.youngliving.com\/fr_FR\/products\/c\/bien-%C3%AAtre\/soutien-cibl%C3%A9?sponsorid=23138817&amp;enrollerid=23138817&amp;type=member\"><img loading=\"lazy\" class=\"aligncenter wp-image-798 size-full\" title=\"Soutien cibl\u00e9\" src=\"https:\/\/huiles-essentielles.pour-toi.fr\/wp-content\/uploads\/2020\/05\/Soutien-cibl\u00e9.jpg\" alt=\"\" width=\"373\" height=\"241\" srcset=\"https:\/\/huiles-essentielles.pour-toi.fr\/wp-content\/uploads\/2020\/05\/Soutien-cibl\u00e9.jpg 373w, https:\/\/huiles-essentielles.pour-toi.fr\/wp-content\/uploads\/2020\/05\/Soutien-cibl\u00e9-300x194.jpg 300w, https:\/\/huiles-essentielles.pour-toi.fr\/wp-content\/uploads\/2020\/05\/Soutien-cibl\u00e9-150x97.jpg 150w\" sizes=\"(max-width: 373px) 100vw, 373px\" \/><\/a><a href=\"https:\/\/www.youngliving.com\/fr_FR\/products\/c\/bien-%C3%AAtre\/soutien-cibl%C3%A9?sponsorid=23138817&amp;enrollerid=23138817&amp;type=member\" target=\"_blank\" rel=\"noopener noreferrer\">Soutien cibl\u00e9<\/a><\/p>\n<\/td>\n<td style=\"width: 33.3333%; background-color: #ffffff;\">\n<p style=\"text-align: center;\"><a href=\"https:\/\/www.youngliving.com\/fr_FR\/products\/c\/bien-%C3%AAtre\/collations-saines?sponsorid=23138817&amp;enrollerid=23138817&amp;type=member\" target=\"_blank\" rel=\"noopener noreferrer\"><img loading=\"lazy\" class=\"aligncenter wp-image-789 size-full\" title=\"Collations saines\" src=\"https:\/\/huiles-essentielles.pour-toi.fr\/wp-content\/uploads\/2020\/05\/Collations-saines.jpg\" alt=\"\" width=\"373\" height=\"241\" srcset=\"https:\/\/huiles-essentielles.pour-toi.fr\/wp-content\/uploads\/2020\/05\/Collations-saines.jpg 373w, https:\/\/huiles-essentielles.pour-toi.fr\/wp-content\/uploads\/2020\/05\/Collations-saines-300x194.jpg 300w, https:\/\/huiles-essentielles.pour-toi.fr\/wp-content\/uploads\/2020\/05\/Collations-saines-150x97.jpg 150w\" sizes=\"(max-width: 373px) 100vw, 373px\" \/><\/a><a href=\"https:\/\/www.youngliving.com\/fr_FR\/products\/c\/bien-%C3%AAtre\/collations-saines?sponsorid=23138817&amp;enrollerid=23138817&amp;type=member\" target=\"_blank\" rel=\"noopener noreferrer\">Collations saines<\/a><\/p>\n<\/td>\n<td style=\"width: 33.3333%; background-color: #ffffff;\">\n<p style=\"text-align: center;\"><a href=\"https:\/\/www.youngliving.com\/fr_FR\/products\/c\/bien-%C3%AAtre\/syst%C3%A8mes-du-corps?sponsorid=23138817&amp;enrollerid=23138817&amp;type=member\" target=\"_blank\" rel=\"noopener noreferrer\"><img loading=\"lazy\" class=\"aligncenter wp-image-788 size-full\" title=\"Syst\u00e8mes du corps\" src=\"https:\/\/huiles-essentielles.pour-toi.fr\/wp-content\/uploads\/2020\/05\/Syst\u00e8mes-du-corps.jpg\" alt=\"\" width=\"373\" height=\"241\" srcset=\"https:\/\/huiles-essentielles.pour-toi.fr\/wp-content\/uploads\/2020\/05\/Syst\u00e8mes-du-corps.jpg 373w, https:\/\/huiles-essentielles.pour-toi.fr\/wp-content\/uploads\/2020\/05\/Syst\u00e8mes-du-corps-300x194.jpg 300w, https:\/\/huiles-essentielles.pour-toi.fr\/wp-content\/uploads\/2020\/05\/Syst\u00e8mes-du-corps-150x97.jpg 150w\" sizes=\"(max-width: 373px) 100vw, 373px\" \/><\/a><a href=\"https:\/\/www.youngliving.com\/fr_FR\/products\/c\/bien-%C3%AAtre\/syst%C3%A8mes-du-corps?sponsorid=23138817&amp;enrollerid=23138817&amp;type=member\" target=\"_blank\" rel=\"noopener noreferrer\">Syst\u00e8mes du corps<\/a><\/p>\n<\/td>\n<\/tr>\n<\/tbody>\n<\/table>\n","protected":false},"excerpt":{"rendered":"<p style=\"text-align: center;\"><a href=\"https:\/\/www.youngliving.com\/fr_FR\/products\/c\/bien-%C3%AAtre?sponsorid=23138817&amp;enrollerid=23138817&amp;type=member\" target=\"_blank\" rel=\"noopener noreferrer\"><span style=\"color: #ff0000; font-size: 18pt;\"><... [...]\n<\/p>\n","protected":false},"author":1,"featured_media":0,"parent":0,"menu_order":0,"comment_status":"closed","ping_status":"closed","template":"","meta":[],"_links":{"self":[{"href":"https:\/\/huiles-essentielles.pour-toi.fr\/fr_FR\/wp-json\/wp\/v2\/pages\/584"}],"collection":[{"href":"https:\/\/huiles-essentielles.pour-toi.fr\/fr_FR\/wp-json\/wp\/v2\/pages"}],"about":[{"href":"https:\/\/huiles-essentielles.pour-toi.fr\/fr_FR\/wp-json\/wp\/v2\/types\/page"}],"author":[{"embeddable":true,"href":"https:\/\/huiles-essentielles.pour-toi.fr\/fr_FR\/wp-json\/wp\/v2\/users\/1"}],"replies":[{"embeddable":true,"href":"https:\/\/huiles-essentielles.pour-toi.fr\/fr_FR\/wp-json\/wp\/v2\/comments?post=584"}],"version-history":[{"count":45,"href":"https:\/\/huiles-essentielles.pour-toi.fr\/fr_FR\/wp-json\/wp\/v2\/pages\/584\/revisions"}],"predecessor-version":[{"id":831,"href":"https:\/\/huiles-essentielles.pour-toi.fr\/fr_FR\/wp-json\/wp\/v2\/pages\/584\/revisions\/831"}],"wp:attachment":[{"href":"https:\/\/huiles-essentielles.pour-toi.fr\/fr_FR\/wp-json\/wp\/v2\/media?parent=584"}],"curies":[{"name":"wp","href":"https:\/\/api.w.org\/{rel}","templated":true}]}}