{"id":520,"date":"2020-05-01T23:32:13","date_gmt":"2020-05-01T21:32:13","guid":{"rendered":"https:\/\/huiles-essentielles.pour-toi.fr\/?page_id=520"},"modified":"2020-05-05T10:16:44","modified_gmt":"2020-05-05T08:16:44","slug":"maison","status":"publish","type":"page","link":"https:\/\/huiles-essentielles.pour-toi.fr\/fr_FR\/maison\/","title":{"rendered":"Maison"},"content":{"rendered":"<p style=\"text-align: center;\"><a href=\"https:\/\/www.youngliving.com\/fr_FR\/products\/c\/maison?sponsorid=23138817&amp;enrollerid=23138817&amp;type=member\"><span style=\"font-size: 18pt; color: #ff0000;\"><strong>Maison<\/strong><\/span><\/a><\/p>\n<hr \/>\n<p>Votre maison est un sanctuaire o\u00f9 vous forgez vos souvenirs entour\u00e9s de votre famille et de vos proches. C&rsquo;est l&rsquo;endroit id\u00e9al o\u00f9 mener et promouvoir une vie bas\u00e9e sur le bien-\u00eatre et l&rsquo;harmonie. Pour offrir le meilleur \u00e0 votre famille, vous devez vous entourer de produits sains, naturels et non toxiques. Young Living est l\u00e0 pour vous aider dans cette mission. Des produits d&rsquo;entretien au dentifrice en passant par les accessoires que vous utilisez, votre foyer doit \u00eatre la premi\u00e8re \u00e9tape dans votre qu\u00eate du bien-\u00eatre.<\/p>\n<table style=\"border-collapse: collapse; width: 100%;\">\n<tbody>\n<tr>\n<td style=\"width: 33.3333%; background-color: #ffffff;\">\n<div id=\"attachment_536\" style=\"width: 383px\" class=\"wp-caption aligncenter\"><a href=\"https:\/\/www.youngliving.com\/fr_FR\/products\/c\/maison\/entretien-de-la-maison?sponsorid=23138817&amp;enrollerid=23138817&amp;type=member\" target=\"_blank\" rel=\"Entretien de la maison noopener noreferrer\"><img aria-describedby=\"caption-attachment-536\" loading=\"lazy\" class=\"wp-image-536 size-full\" title=\"Entretien de la maison\" src=\"https:\/\/huiles-essentielles.pour-toi.fr\/wp-content\/uploads\/2020\/05\/Natural-Cleaning.jpg\" alt=\"\" width=\"373\" height=\"241\" srcset=\"https:\/\/huiles-essentielles.pour-toi.fr\/wp-content\/uploads\/2020\/05\/Natural-Cleaning.jpg 373w, https:\/\/huiles-essentielles.pour-toi.fr\/wp-content\/uploads\/2020\/05\/Natural-Cleaning-300x194.jpg 300w, https:\/\/huiles-essentielles.pour-toi.fr\/wp-content\/uploads\/2020\/05\/Natural-Cleaning-150x97.jpg 150w\" sizes=\"(max-width: 373px) 100vw, 373px\" \/><\/a><p id=\"caption-attachment-536\" class=\"wp-caption-text\">Entretien de la maison<\/p><\/div><\/td>\n<td style=\"width: 33.3333%; background-color: #ffffff;\">\n<div id=\"attachment_543\" style=\"width: 383px\" class=\"wp-caption aligncenter\"><a href=\"https:\/\/www.youngliving.com\/fr_FR\/products\/c\/maison\/soins-buccaux-dentaires?sponsorid=23138817&amp;enrollerid=23138817&amp;type=member\" target=\"_blank\" rel=\"Soins buccaux-dentaires noopener noreferrer\"><img aria-describedby=\"caption-attachment-543\" loading=\"lazy\" class=\"wp-image-543 size-full\" title=\"Soins buccaux-dentaires\" src=\"https:\/\/huiles-essentielles.pour-toi.fr\/wp-content\/uploads\/2020\/05\/Oral-Care-e1588371859145.jpg\" alt=\"\" width=\"373\" height=\"241\" srcset=\"https:\/\/huiles-essentielles.pour-toi.fr\/wp-content\/uploads\/2020\/05\/Oral-Care-e1588371859145.jpg 373w, https:\/\/huiles-essentielles.pour-toi.fr\/wp-content\/uploads\/2020\/05\/Oral-Care-e1588371859145-300x194.jpg 300w, https:\/\/huiles-essentielles.pour-toi.fr\/wp-content\/uploads\/2020\/05\/Oral-Care-e1588371859145-150x97.jpg 150w\" sizes=\"(max-width: 373px) 100vw, 373px\" \/><\/a><p id=\"caption-attachment-543\" class=\"wp-caption-text\">Soins buccaux-dentaires<\/p><\/div><\/td>\n<td style=\"width: 33.3333%; background-color: #ffffff;\">\n<div id=\"attachment_546\" style=\"width: 382px\" class=\"wp-caption aligncenter\"><a href=\"https:\/\/www.youngliving.com\/fr_FR\/products\/c\/maison\/purification-de-la-maison?sponsorid=23138817&amp;enrollerid=23138817&amp;type=member\" target=\"_blank\" rel=\"Purification de la maison noopener noreferrer\"><img aria-describedby=\"caption-attachment-546\" loading=\"lazy\" class=\"wp-image-546 size-full\" title=\"Purification de la maison\" src=\"https:\/\/huiles-essentielles.pour-toi.fr\/wp-content\/uploads\/2020\/05\/Purification-de-la-maison-e1588372086807.jpg\" alt=\"Purification de la maison\" width=\"372\" height=\"240\" \/><\/a><p id=\"caption-attachment-546\" class=\"wp-caption-text\">Purification de la maison<\/p><\/div><\/td>\n<\/tr>\n<tr>\n<td style=\"width: 33.3333%; background-color: #ffffff;\">\n<div id=\"attachment_552\" style=\"width: 383px\" class=\"wp-caption aligncenter\"><a href=\"https:\/\/www.youngliving.com\/fr_FR\/products\/c\/maison\/diffuseurs-et-outils?sponsorid=23138817&amp;enrollerid=23138817&amp;type=member\" target=\"_blank\" rel=\"Diffuseurs et noopener outils noreferrer\"><img aria-describedby=\"caption-attachment-552\" loading=\"lazy\" class=\"wp-image-552 size-full\" title=\"Diffuseurs et outils\" src=\"https:\/\/huiles-essentielles.pour-toi.fr\/wp-content\/uploads\/2020\/05\/Difuzor-e1588372817880.jpg\" alt=\"Diffuseurs et outils\" width=\"373\" height=\"248\" \/><\/a><p id=\"caption-attachment-552\" class=\"wp-caption-text\">Diffuseurs et outils<\/p><\/div><\/td>\n<td style=\"width: 33.3333%; background-color: #ffffff;\">\n<div id=\"attachment_559\" style=\"width: 383px\" class=\"wp-caption aligncenter\"><a href=\"https:\/\/www.youngliving.com\/fr_FR\/products\/c\/maison\/d%C3%A9fenses-naturelles?sponsorid=23138817&amp;enrollerid=23138817&amp;type=member\" target=\"_blank\" rel=\"D\u00e9fenses naturelles noopener noreferrer\"><img aria-describedby=\"caption-attachment-559\" loading=\"lazy\" class=\"D\u00e9fenses naturelles wp-image-559\" title=\"D\u00e9fenses naturelles\" src=\"https:\/\/huiles-essentielles.pour-toi.fr\/wp-content\/uploads\/2020\/05\/Natural-Protection-e1588373834860.jpg\" alt=\"D\u00e9fenses naturelles\" width=\"373\" height=\"249\" \/><\/a><p id=\"caption-attachment-559\" class=\"wp-caption-text\">D\u00e9fenses naturelles<\/p><\/div><\/td>\n<td style=\"width: 33.3333%; background-color: #ffffff; text-align: center;\">\n<div id=\"attachment_921\" style=\"width: 383px\" class=\"wp-caption aligncenter\"><a href=\"https:\/\/www.youngliving.com\/fr_FR\/products\/c\/maison\/articles-d%C3%A9riv%C3%A9s?sponsorid=23138817&amp;amp;enrollerid=23138817&amp;amp;type=member\" target=\"_blank\" rel=\"noopener noreferrer\"><img aria-describedby=\"caption-attachment-921\" loading=\"lazy\" class=\"wp-image-921 size-full\" title=\"Articles d\u00e9riv\u00e9s\" src=\"https:\/\/huiles-essentielles.pour-toi.fr\/wp-content\/uploads\/2020\/05\/Articles_d\u00e9riv\u00e9s.jpg\" alt=\"\" width=\"373\" height=\"249\" srcset=\"https:\/\/huiles-essentielles.pour-toi.fr\/wp-content\/uploads\/2020\/05\/Articles_d\u00e9riv\u00e9s.jpg 373w, https:\/\/huiles-essentielles.pour-toi.fr\/wp-content\/uploads\/2020\/05\/Articles_d\u00e9riv\u00e9s-300x200.jpg 300w, https:\/\/huiles-essentielles.pour-toi.fr\/wp-content\/uploads\/2020\/05\/Articles_d\u00e9riv\u00e9s-150x100.jpg 150w\" sizes=\"(max-width: 373px) 100vw, 373px\" \/><\/a><p id=\"caption-attachment-921\" class=\"wp-caption-text\">Articles d\u00e9riv\u00e9s<\/p><\/div><\/td>\n<\/tr>\n<tr>\n<td style=\"width: 33.3333%; background-color: #ffffff;\">\n<div id=\"attachment_549\" style=\"width: 383px\" class=\"wp-caption aligncenter\"><a href=\"https:\/\/www.youngliving.com\/fr_FR\/products\/c\/maison\/accessoires?sponsorid=23138817&amp;enrollerid=23138817&amp;type=member\" target=\"_blank\" rel=\"Accessoires noopener noreferrer\"><img aria-describedby=\"caption-attachment-549\" loading=\"lazy\" class=\"wp-image-549 size-full\" title=\"Accessoires\" src=\"https:\/\/huiles-essentielles.pour-toi.fr\/wp-content\/uploads\/2020\/05\/Accesories.jpg\" alt=\"Accessoires\" width=\"373\" height=\"221\" srcset=\"https:\/\/huiles-essentielles.pour-toi.fr\/wp-content\/uploads\/2020\/05\/Accesories.jpg 373w, https:\/\/huiles-essentielles.pour-toi.fr\/wp-content\/uploads\/2020\/05\/Accesories-300x178.jpg 300w, https:\/\/huiles-essentielles.pour-toi.fr\/wp-content\/uploads\/2020\/05\/Accesories-150x89.jpg 150w\" sizes=\"(max-width: 373px) 100vw, 373px\" \/><\/a><p id=\"caption-attachment-549\" class=\"wp-caption-text\">Accessoires<\/p><\/div><\/td>\n<td style=\"width: 33.3333%; background-color: #ffffff; text-align: center;\"><a href=\"https:\/\/www.youngliving.com\/fr_FR\/products\/c\/maison\/yl-seedlings?sponsorid=23138817&amp;enrollerid=23138817&amp;type=member\" target=\"_blank\" rel=\"noopener noreferrer\">YL Seedlings<\/a><\/td>\n<td style=\"width: 33.3333%; background-color: #ffffff; text-align: center;\"><a href=\"https:\/\/www.youngliving.com\/fr_FR\/products\/c\/maison\/ressources-professionnelles-et-p%C3%A9dagogiques?sponsorid=23138817&amp;enrollerid=23138817&amp;type=member\" target=\"_blank\" rel=\"noopener noreferrer\">Ressources professionnelles et p\u00e9dagogiques<\/a><\/td>\n<\/tr>\n<\/tbody>\n<\/table>\n<p>\u200b<\/p>\n","protected":false},"excerpt":{"rendered":"<p style=\"text-align: center;\"><a href=\"https:\/\/www.youngliving.com\/fr_FR\/products\/c\/maison?sponsorid=23138817&amp;enrollerid=23138817&amp;type=member\"><span style=\"font-size: 18pt; color: #ff0000;\"><strong>Maison<\/strong><\/span><\/a><\/p>\n<hr \/>\n<p> &#8230; [&#8230;]<\/p>\n","protected":false},"author":1,"featured_media":0,"parent":0,"menu_order":0,"comment_status":"closed","ping_status":"closed","template":"","meta":[],"_links":{"self":[{"href":"https:\/\/huiles-essentielles.pour-toi.fr\/fr_FR\/wp-json\/wp\/v2\/pages\/520"}],"collection":[{"href":"https:\/\/huiles-essentielles.pour-toi.fr\/fr_FR\/wp-json\/wp\/v2\/pages"}],"about":[{"href":"https:\/\/huiles-essentielles.pour-toi.fr\/fr_FR\/wp-json\/wp\/v2\/types\/page"}],"author":[{"embeddable":true,"href":"https:\/\/huiles-essentielles.pour-toi.fr\/fr_FR\/wp-json\/wp\/v2\/users\/1"}],"replies":[{"embeddable":true,"href":"https:\/\/huiles-essentielles.pour-toi.fr\/fr_FR\/wp-json\/wp\/v2\/comments?post=520"}],"version-history":[{"count":100,"href":"https:\/\/huiles-essentielles.pour-toi.fr\/fr_FR\/wp-json\/wp\/v2\/pages\/520\/revisions"}],"predecessor-version":[{"id":923,"href":"https:\/\/huiles-essentielles.pour-toi.fr\/fr_FR\/wp-json\/wp\/v2\/pages\/520\/revisions\/923"}],"wp:attachment":[{"href":"https:\/\/huiles-essentielles.pour-toi.fr\/fr_FR\/wp-json\/wp\/v2\/media?parent=520"}],"curies":[{"name":"wp","href":"https:\/\/api.w.org\/{rel}","templated":true}]}}