{"id":480,"date":"2020-04-29T07:13:58","date_gmt":"2020-04-29T05:13:58","guid":{"rendered":"https:\/\/huiles-essentielles.pour-toi.fr\/?page_id=480"},"modified":"2020-07-25T04:13:38","modified_gmt":"2020-07-25T02:13:38","slug":"huiles-de-massage","status":"publish","type":"page","link":"https:\/\/huiles-essentielles.pour-toi.fr\/fr_FR\/huiles-de-massage\/","title":{"rendered":"Huiles de massage"},"content":{"rendered":"<h3 style=\"text-align: center;\"><a href=\"https:\/\/www.youngliving.com\/fr_FR\/products\/c\/huiles-essentielles-et-m%C3%A9langes\/huiles-de-massage?sponsorid=23138817&amp;enrollerid=23138817&amp;type=member\" target=\"_blank\" rel=\"noopener noreferrer\"><span style=\"color: #ff0000;\"><strong>Huiles de massage<\/strong><\/span><\/a><\/h3>\n<hr \/>\n<table style=\"border-collapse: collapse; width: 100%;\">\n<tbody>\n<tr>\n<td style=\"width: 33.3333%; background-color: #ffffff;\">\n<p style=\"text-align: center;\"><a href=\"https:\/\/www.youngliving.com\/fr_fr\/products\/cel-lite-magic-massage-oil?sponsorid=23138817&amp;enrollerid=23138817&amp;type=member\" target=\"_blank\" rel=\"noopener noreferrer\"><img loading=\"lazy\" id=\"channelProductImage\" class=\"aligncenter\" title=\"Huiles de Massage Cel-Lite Magic\" src=\"https:\/\/static.youngliving.com\/productimages\/large\/303508.jpg\" alt=\"\" width=\"65\" height=\"250\" \/><\/a><a href=\"https:\/\/www.youngliving.com\/fr_fr\/products\/cel-lite-magic-massage-oil?sponsorid=23138817&amp;enrollerid=23138817&amp;type=member\" target=\"_blank\" rel=\"noopener noreferrer\">Huiles de Massage Cel-Lite Magic<\/a><\/p>\n<\/td>\n<td style=\"width: 33.3333%; background-color: #ffffff;\">\n<p style=\"text-align: center;\"><a href=\"https:\/\/www.youngliving.com\/fr_fr\/products\/dragon-time-massage-oil?sponsorid=23138817&amp;enrollerid=23138817&amp;type=member\" target=\"_blank\" rel=\"noopener noreferrer\"><img loading=\"lazy\" id=\"channelProductImage\" class=\"aligncenter\" title=\"Huiles de Massage Dragon Time\" src=\"https:\/\/static.youngliving.com\/productimages\/large\/3034521.jpg\" alt=\"\" width=\"250\" height=\"250\" \/><\/a><a href=\"https:\/\/www.youngliving.com\/fr_fr\/products\/dragon-time-massage-oil?sponsorid=23138817&amp;enrollerid=23138817&amp;type=member\" target=\"_blank\" rel=\"noopener noreferrer\">Huiles de Massage Dragon Time<\/a><\/p>\n<\/td>\n<td style=\"width: 33.3333%; background-color: #ffffff; text-align: center;\"><a href=\"https:\/\/www.youngliving.com\/fr_fr\/products\/ortho-ease-massage-oil?sponsorid=23138817&amp;amp;enrollerid=23138817&amp;amp;type=member\" target=\"_blank\" rel=\"noopener noreferrer\"><img loading=\"lazy\" class=\"aligncenter wp-image-1230\" title=\"Huiles de Massage Ortho Ease\" src=\"https:\/\/huiles-essentielles.pour-toi.fr\/wp-content\/uploads\/2020\/07\/Ortho-Ease-Massage-Oil.jpg\" alt=\"\" width=\"250\" height=\"250\" srcset=\"https:\/\/huiles-essentielles.pour-toi.fr\/wp-content\/uploads\/2020\/07\/Ortho-Ease-Massage-Oil.jpg 500w, https:\/\/huiles-essentielles.pour-toi.fr\/wp-content\/uploads\/2020\/07\/Ortho-Ease-Massage-Oil-300x300.jpg 300w, https:\/\/huiles-essentielles.pour-toi.fr\/wp-content\/uploads\/2020\/07\/Ortho-Ease-Massage-Oil-150x150.jpg 150w, https:\/\/huiles-essentielles.pour-toi.fr\/wp-content\/uploads\/2020\/07\/Ortho-Ease-Massage-Oil-400x400.jpg 400w\" sizes=\"(max-width: 250px) 100vw, 250px\" \/><\/a><a href=\"https:\/\/www.youngliving.com\/fr_fr\/products\/ortho-ease-massage-oil?sponsorid=23138817&amp;amp;enrollerid=23138817&amp;amp;type=member\" target=\"_blank\" rel=\"noopener noreferrer\">Huiles de Massage Ortho Ease<\/a><\/td>\n<\/tr>\n<tr>\n<td style=\"width: 33.3333%; background-color: #ffffff;\"><img id=\"channelProductImage\" class=\"aligncenter\" title=\"Huiles de Massage Ortho Sport\" src=\"https:\/\/static.youngliving.com\/productimages\/large\/303208.jpg\" alt=\"Huiles de Massage Ortho Sport\" \/><\/td>\n<td style=\"width: 33.3333%; background-color: #ffffff;\"><img id=\"channelProductImage\" class=\"aligncenter\" title=\"Collection d'huiles essentielles Raindrop Technique\" src=\"https:\/\/static.youngliving.com\/productimages\/large\/313708.jpg\" alt=\"Collection d'huiles essentielles Raindrop Technique\" \/><\/td>\n<td style=\"width: 33.3333%; background-color: #ffffff;\"><img id=\"channelProductImage\" class=\"aligncenter\" title=\"Huiles de Massage Relaxation\" src=\"https:\/\/static.youngliving.com\/productimages\/large\/3037521.jpg\" alt=\"Huiles de Massage Relaxation\" \/><\/td>\n<\/tr>\n<tr>\n<td style=\"width: 33.3333%; background-color: #ffffff;\"><img id=\"channelProductImage\" class=\"aligncenter\" title=\"Huiles de Massage Sensation\" src=\"https:\/\/static.youngliving.com\/productimages\/large\/3036521.jpg\" alt=\"Huiles de Massage Sensation\" \/><\/td>\n<td style=\"width: 33.3333%; background-color: #ffffff;\"><img id=\"channelProductImage\" class=\"aligncenter\" title=\"Complexe d'huile v\u00e9g\u00e9tale am\u00e9lior\u00e9 Young Living V-6\u00ae\" src=\"https:\/\/static.youngliving.com\/productimages\/large\/303108.jpg\" alt=\"Complexe d'huile v\u00e9g\u00e9tale am\u00e9lior\u00e9 Young Living V-6\u00ae\" \/><\/td>\n<td style=\"width: 33.3333%; background-color: #ffffff;\"><img id=\"channelProductImage\" class=\"aligncenter\" title=\"Huile v\u00e9g\u00e9tale am\u00e9lior\u00e9e Young Living V-6\u00ae Recharge\" src=\"https:\/\/static.youngliving.com\/productimages\/large\/3030500.jpg\" alt=\"Huile v\u00e9g\u00e9tale am\u00e9lior\u00e9e Young Living V-6\u00ae Recharge\" \/><\/td>\n<\/tr>\n<\/tbody>\n<\/table>\n","protected":false},"excerpt":{"rendered":"<h3 style=\"text-align: center;\"><a href=\"https:\/\/www.youngliving.com\/fr_FR\/products\/c\/huiles-essentielles-et-m%C3%A9langes\/huiles-de-massage?sponsorid=23138817&amp;enrollerid=23138817&amp;type=member\" target=\"_blank\" rel=\"noopener noreferrer\"><span s... [...]\n<\/p>\n","protected":false},"author":1,"featured_media":0,"parent":0,"menu_order":0,"comment_status":"closed","ping_status":"closed","template":"","meta":[],"_links":{"self":[{"href":"https:\/\/huiles-essentielles.pour-toi.fr\/fr_FR\/wp-json\/wp\/v2\/pages\/480"}],"collection":[{"href":"https:\/\/huiles-essentielles.pour-toi.fr\/fr_FR\/wp-json\/wp\/v2\/pages"}],"about":[{"href":"https:\/\/huiles-essentielles.pour-toi.fr\/fr_FR\/wp-json\/wp\/v2\/types\/page"}],"author":[{"embeddable":true,"href":"https:\/\/huiles-essentielles.pour-toi.fr\/fr_FR\/wp-json\/wp\/v2\/users\/1"}],"replies":[{"embeddable":true,"href":"https:\/\/huiles-essentielles.pour-toi.fr\/fr_FR\/wp-json\/wp\/v2\/comments?post=480"}],"version-history":[{"count":29,"href":"https:\/\/huiles-essentielles.pour-toi.fr\/fr_FR\/wp-json\/wp\/v2\/pages\/480\/revisions"}],"predecessor-version":[{"id":1232,"href":"https:\/\/huiles-essentielles.pour-toi.fr\/fr_FR\/wp-json\/wp\/v2\/pages\/480\/revisions\/1232"}],"wp:attachment":[{"href":"https:\/\/huiles-essentielles.pour-toi.fr\/fr_FR\/wp-json\/wp\/v2\/media?parent=480"}],"curies":[{"name":"wp","href":"https:\/\/api.w.org\/{rel}","templated":true}]}}