{"id":39,"date":"2020-04-26T23:06:57","date_gmt":"2020-04-26T21:06:57","guid":{"rendered":"http:\/\/huiles-essentielles.pour-toi.fr\/?p=39"},"modified":"2020-04-26T23:16:39","modified_gmt":"2020-04-26T21:16:39","slug":"produktkatalog-2019-de","status":"publish","type":"page","link":"https:\/\/huiles-essentielles.pour-toi.fr\/fr_FR\/produktkatalog-2019-de\/","title":{"rendered":"Produktkatalog 2019 &#8211; DE"},"content":{"rendered":"<p>Ver\u00f6ffentlicht auf Jan 19, 2019<\/p>\n<p>Der Produktkatalog ist die ultimative Guide zu Young Living und allen Produkten. Enth\u00e4lt eine besondere Nachricht von Mit-Gr\u00fcnderin und CEO Mary Young, eine detaillierte Guide zur Nutzung von \u00e4therischen \u00d6len, Informationen zu unserem gesch\u00fctzen Seed to Seal Prozess, einen tiefgehenden Blick auf unsere weltweiten Farmen und noch viel mehr.<\/p>\n<p style=\"text-align: center;\"><iframe loading=\"lazy\" src=\"https:\/\/issuu.com\/yleurope\/docs\/productguide2019_fr\/1?ff\" width=\"1200\" height=\"777\" frameborder=\"0\" scrolling=\"no\"><\/iframe><\/p>\n<p style=\"text-align: center;\"><span style=\"color: #0000ff;\">Unterst\u00fctzt von <strong>Young Living<\/strong> &amp; <a href=\"https:\/\/www.myyl.com\/pour-toi\"><strong>Huiles Essentielles Pour Toi<\/strong><\/a><\/span><\/p>\n","protected":false},"excerpt":{"rendered":"<p>&#8230; [&#8230;]<\/p>\n","protected":false},"author":1,"featured_media":0,"parent":0,"menu_order":0,"comment_status":"open","ping_status":"open","template":"","meta":[],"_links":{"self":[{"href":"https:\/\/huiles-essentielles.pour-toi.fr\/fr_FR\/wp-json\/wp\/v2\/pages\/39"}],"collection":[{"href":"https:\/\/huiles-essentielles.pour-toi.fr\/fr_FR\/wp-json\/wp\/v2\/pages"}],"about":[{"href":"https:\/\/huiles-essentielles.pour-toi.fr\/fr_FR\/wp-json\/wp\/v2\/types\/page"}],"author":[{"embeddable":true,"href":"https:\/\/huiles-essentielles.pour-toi.fr\/fr_FR\/wp-json\/wp\/v2\/users\/1"}],"replies":[{"embeddable":true,"href":"https:\/\/huiles-essentielles.pour-toi.fr\/fr_FR\/wp-json\/wp\/v2\/comments?post=39"}],"version-history":[{"count":2,"href":"https:\/\/huiles-essentielles.pour-toi.fr\/fr_FR\/wp-json\/wp\/v2\/pages\/39\/revisions"}],"predecessor-version":[{"id":42,"href":"https:\/\/huiles-essentielles.pour-toi.fr\/fr_FR\/wp-json\/wp\/v2\/pages\/39\/revisions\/42"}],"wp:attachment":[{"href":"https:\/\/huiles-essentielles.pour-toi.fr\/fr_FR\/wp-json\/wp\/v2\/media?parent=39"}],"curies":[{"name":"wp","href":"https:\/\/api.w.org\/{rel}","templated":true}]}}