{"id":330,"date":"2020-04-28T16:40:34","date_gmt":"2020-04-28T14:40:34","guid":{"rendered":"https:\/\/huiles-essentielles.pour-toi.fr\/?page_id=330"},"modified":"2020-05-01T23:02:46","modified_gmt":"2020-05-01T21:02:46","slug":"produits","status":"publish","type":"page","link":"https:\/\/huiles-essentielles.pour-toi.fr\/fr_FR\/produits\/","title":{"rendered":"Produits"},"content":{"rendered":"<ul>\n<li><a href=\"https:\/\/www.youngliving.com\/fr_FR\/products\/c\/nouveaut%C3%A9s-et-produits-saisonniers?sponsorid=23138817&amp;enrollerid=23138817&amp;type=member\" target=\"_blank\" rel=\"noopener noreferrer\">Nouveaut\u00e9s et produits saisonniers<\/a><\/li>\n<li><a href=\"https:\/\/www.youngliving.com\/fr_FR\/products\/c\/huiles-essentielles-et-m%C3%A9langes?sponsorid=23138817&amp;enrollerid=23138817&amp;type=member\" target=\"_blank\" rel=\"noopener noreferrer\">Huiles essentielles et m\u00e9langes<\/a> <span class=\"collapseomatic \" id=\"id69d5813634808\"  tabindex=\"0\"     >Afficher\/Cacher<\/span><div id=\"target-id69d5813634808\" class=\"collapseomatic_content \">\nHuiles essentielles individuelles<br \/>\nM\u00e9langes d&rsquo;huiles essentielles<br \/>\nApplicateurs \u00e0 bille<br \/>\nHuiles de massage<br \/>\nGamme d&rsquo;huiles Plus<br \/>\nAnimal Scents<br \/>\nCollections<br \/>\nDiffuseurs et outils<br \/>\nAccessoires<br \/>\nCollection Provence de Young Living<\/div><\/li>\n<li><a href=\"https:\/\/www.youngliving.com\/fr_FR\/products\/c\/maison?sponsorid=23138817&amp;enrollerid=23138817&amp;type=member\" target=\"_blank\" rel=\"noopener noreferrer\">Maison<\/a> <span class=\"collapseomatic \" id=\"id69d581363499c\"  tabindex=\"0\"     >Afficher\/Cacher<\/span><div id=\"target-id69d581363499c\" class=\"collapseomatic_content \">\nEntretien de la maison<br \/>\nD\u00e9fenses naturelles<br \/>\nDiffuseurs et outils<br \/>\nSoins buccaux-dentaires<br \/>\nPurification de la maison<br \/>\nAccessoires<br \/>\nArticles d\u00e9riv\u00e9s YL<br \/>\nSeedlings<br \/>\nRessources professionnelles et p\u00e9dagogiques<\/div><\/li>\n<li><a href=\"https:\/\/www.youngliving.com\/fr_FR\/products\/c\/bien-%C3%AAtre?sponsorid=23138817&amp;enrollerid=23138817&amp;type=member\" target=\"_blank\" rel=\"noopener noreferrer\">Bien-\u00eatre<\/a> <span class=\"collapseomatic \" id=\"id69d5813634bef\"  tabindex=\"0\"     >Afficher\/Cacher<\/span><div id=\"target-id69d5813634bef\" class=\"collapseomatic_content \">\nMultivitamines<br \/>\nCompl\u00e9ments adapt\u00e9s \u00e0 l&rsquo;\u00e2ge<br \/>\nMobilit\u00e9 Syst\u00e8mes du corps<br \/>\nDu bien-\u00eatre \u00e0 boire<br \/>\nContr\u00f4le du poids<br \/>\nSoutien cibl\u00e9<br \/>\n\u00c9nergie et r\u00e9sistance<br \/>\nCollations saines<\/div><\/li>\n<li><a href=\"https:\/\/www.youngliving.com\/fr_FR\/products\/c\/beaut%C3%A9?sponsorid=23138817&amp;enrollerid=23138817&amp;type=member\" target=\"_blank\" rel=\"noopener noreferrer\">Beaut\u00e9<\/a> <span class=\"collapseomatic \" id=\"id69d5813634d86\"  tabindex=\"0\"     >Afficher\/Cacher<\/span><div id=\"target-id69d5813634d86\" class=\"collapseomatic_content \">\nAnti-\u00e2ge<br \/>\nSoins du visage<br \/>\nBain et corps<\/div><\/li>\n<li><a href=\"https:\/\/www.youngliving.com\/fr_FR\/products\/c\/%C3%A9quilibre?sponsorid=23138817&amp;enrollerid=23138817&amp;type=member\" target=\"_blank\" rel=\"noopener noreferrer\">\u00c9quilibre<\/a> <span class=\"collapseomatic \" id=\"id69d5813634fd6\"  tabindex=\"0\"     >Afficher\/Cacher<\/span><div id=\"target-id69d5813634fd6\" class=\"collapseomatic_content \">\nSant\u00e9 spirituelle<br \/>\nBien-\u00eatre mental<br \/>\nTroubles du sommeil<br \/>\nBien-\u00eatre \u00e9motionnel<\/div><\/li>\n<li><a href=\"https:\/\/www.youngliving.com\/fr_FR\/products\/c\/savvy-minerals?sponsorid=23138817&amp;enrollerid=23138817&amp;type=member\" target=\"_blank\" rel=\"noopener noreferrer\">Savvy Minerals<\/a> <span class=\"collapseomatic \" id=\"id69d581363516e\"  tabindex=\"0\"     >Afficher\/Cacher<\/span><div id=\"target-id69d581363516e\" class=\"collapseomatic_content \">\nFard \u00e0 paupi\u00e8res<br \/>\nMascara<br \/>\nEyeliner<br \/>\nFard multi-usages<br \/>\nRouge \u00e0 l\u00e8vres<br \/>\nBrillant \u00e0 l\u00e8vres<br \/>\nExfoliant pour les l\u00e8vres<br \/>\nPoudre bronzante<br \/>\nBlush<br \/>\nFond de teint<br \/>\nVoile<br \/>\nBrumisateur<br \/>\nPinceaux-brosses<\/div><\/li>\n<\/ul>\n","protected":false},"excerpt":{"rendered":"<ul>\n<li><a href=\"https:\/\/www.youngliving.com\/fr_FR\/products\/c\/nouveaut%C3%A9s-et-produits-saisonniers?sponsorid=23138817&amp;enrollerid=23138817&amp;type=member\" target=\"_blank\" rel=\"noopener noreferrer\">Nouveaut\u00e9s et produits saisonniers<\/a><\/li>\n<p>&#8230; [&#8230;]<\/p>\n","protected":false},"author":1,"featured_media":0,"parent":0,"menu_order":0,"comment_status":"closed","ping_status":"closed","template":"","meta":[],"_links":{"self":[{"href":"https:\/\/huiles-essentielles.pour-toi.fr\/fr_FR\/wp-json\/wp\/v2\/pages\/330"}],"collection":[{"href":"https:\/\/huiles-essentielles.pour-toi.fr\/fr_FR\/wp-json\/wp\/v2\/pages"}],"about":[{"href":"https:\/\/huiles-essentielles.pour-toi.fr\/fr_FR\/wp-json\/wp\/v2\/types\/page"}],"author":[{"embeddable":true,"href":"https:\/\/huiles-essentielles.pour-toi.fr\/fr_FR\/wp-json\/wp\/v2\/users\/1"}],"replies":[{"embeddable":true,"href":"https:\/\/huiles-essentielles.pour-toi.fr\/fr_FR\/wp-json\/wp\/v2\/comments?post=330"}],"version-history":[{"count":84,"href":"https:\/\/huiles-essentielles.pour-toi.fr\/fr_FR\/wp-json\/wp\/v2\/pages\/330\/revisions"}],"predecessor-version":[{"id":518,"href":"https:\/\/huiles-essentielles.pour-toi.fr\/fr_FR\/wp-json\/wp\/v2\/pages\/330\/revisions\/518"}],"wp:attachment":[{"href":"https:\/\/huiles-essentielles.pour-toi.fr\/fr_FR\/wp-json\/wp\/v2\/media?parent=330"}],"curies":[{"name":"wp","href":"https:\/\/api.w.org\/{rel}","templated":true}]}}