{"id":239,"date":"2020-04-28T04:06:34","date_gmt":"2020-04-28T02:06:34","guid":{"rendered":"https:\/\/huiles-essentielles.pour-toi.fr\/?page_id=239"},"modified":"2020-04-28T04:46:00","modified_gmt":"2020-04-28T02:46:00","slug":"seed-to-seal","status":"publish","type":"page","link":"https:\/\/huiles-essentielles.pour-toi.fr\/fr_FR\/seed-to-seal\/","title":{"rendered":"Seed to Seal"},"content":{"rendered":"<hr \/>\n<p><a href=\"https:\/\/www.youngliving.com\/fr_FR\/discover\/seed-to-seal?sponsorid=23138817&amp;enrollerid=23138817&amp;type=member\" target=\"_blank\" rel=\"noopener noreferrer\"><img loading=\"lazy\" class=\"alignleft size-full wp-image-241\" src=\"https:\/\/huiles-essentielles.pour-toi.fr\/wp-content\/uploads\/2020\/04\/seed-to-seal.png\" alt=\"\" width=\"243\" height=\"243\" srcset=\"https:\/\/huiles-essentielles.pour-toi.fr\/wp-content\/uploads\/2020\/04\/seed-to-seal.png 243w, https:\/\/huiles-essentielles.pour-toi.fr\/wp-content\/uploads\/2020\/04\/seed-to-seal-150x150.png 150w\" sizes=\"(max-width: 243px) 100vw, 243px\" \/><\/a>Depuis 25 ans, notre gage de qualit\u00e9 Seed to Seal est une fa\u00e7on de prendre nos responsabilit\u00e9s envers vous et la plan\u00e8te au s\u00e9rieux. Nous savons que vous voulez offrir le meilleur \u00e0 votre famille et que vous \u00eates \u00e0 la recherche de produits authentiques, sans ingr\u00e9dients de synth\u00e8se chimique et \u00e0 la puret\u00e9 incomparable. Notre proc\u00e9d\u00e9 Seed to Seal est la promesse que nous faisons \u00e0 vous, \u00e0 la plan\u00e8te et \u00e0 nous-m\u00eames de fournir les meilleurs produits possible, aujourd\u2019hui comme demain.<\/p>\n<p>Les trois piliers Seed to Seal (Approvisionnement, Tests scientifiques et Crit\u00e8res de qualit\u00e9) sont respect\u00e9s \u00e0 chaque \u00e9tape de la production d\u2019huiles essentielles, que ce soit sur nos fermes priv\u00e9es ou chez nos partenaires soigneusement s\u00e9lectionn\u00e9s. Ce sont ces m\u00eames principes qui guident toutes les recherches et les tests que nous conduisons \u00e0 r\u00e9p\u00e9tition pour nous assurer que votre famille profite des huiles essentielles les plus pures de la plan\u00e8te. Cette recherche de la perfection se retrouve enfin dans tous les projets que nous entreprenons. Car, pour vous comme pour nous, seul le meilleur est acceptable.<\/p>\n","protected":false},"excerpt":{"rendered":"<hr \/>\n<p><a href=\"https:\/\/www.youngliving.com\/fr_FR\/discover\/seed-to-seal?sponsorid=23138817&amp;enrollerid=23138817&amp;type=member\" target=\"_blank\" rel=\"noopener noreferrer\"><img class=\"alignleft size-full wp-image-241\" src=\"https:\/\/huiles-essentie... [...]\n<\/p>\n","protected":false},"author":1,"featured_media":0,"parent":0,"menu_order":0,"comment_status":"closed","ping_status":"closed","template":"","meta":[],"_links":{"self":[{"href":"https:\/\/huiles-essentielles.pour-toi.fr\/fr_FR\/wp-json\/wp\/v2\/pages\/239"}],"collection":[{"href":"https:\/\/huiles-essentielles.pour-toi.fr\/fr_FR\/wp-json\/wp\/v2\/pages"}],"about":[{"href":"https:\/\/huiles-essentielles.pour-toi.fr\/fr_FR\/wp-json\/wp\/v2\/types\/page"}],"author":[{"embeddable":true,"href":"https:\/\/huiles-essentielles.pour-toi.fr\/fr_FR\/wp-json\/wp\/v2\/users\/1"}],"replies":[{"embeddable":true,"href":"https:\/\/huiles-essentielles.pour-toi.fr\/fr_FR\/wp-json\/wp\/v2\/comments?post=239"}],"version-history":[{"count":10,"href":"https:\/\/huiles-essentielles.pour-toi.fr\/fr_FR\/wp-json\/wp\/v2\/pages\/239\/revisions"}],"predecessor-version":[{"id":251,"href":"https:\/\/huiles-essentielles.pour-toi.fr\/fr_FR\/wp-json\/wp\/v2\/pages\/239\/revisions\/251"}],"wp:attachment":[{"href":"https:\/\/huiles-essentielles.pour-toi.fr\/fr_FR\/wp-json\/wp\/v2\/media?parent=239"}],"curies":[{"name":"wp","href":"https:\/\/api.w.org\/{rel}","templated":true}]}}