{"id":22,"date":"2020-04-26T22:26:04","date_gmt":"2020-04-26T20:26:04","guid":{"rendered":"http:\/\/huiles-essentielles.pour-toi.fr\/?page_id=22"},"modified":"2022-02-18T22:55:38","modified_gmt":"2022-02-18T21:55:38","slug":"catalogue-2019","status":"publish","type":"page","link":"https:\/\/huiles-essentielles.pour-toi.fr\/fr_FR\/catalogue-2019\/","title":{"rendered":"Catalogue 2019"},"content":{"rendered":"<p style=\"text-align: left;\">Publi\u00e9 le Jan 19, 2019<br \/>\nNotre catalogue est le guide ultime pour d\u00e9couvrir Young Living et tous nos produits. Vous y trouverez aussi un message de la Directrice g\u00e9n\u00e9rale et co-fondatrice de Young Living, Mary Young, une page consacr\u00e9e \u00e0 l\u2019utilisation des huiles essentielles, une section sur notre proc\u00e9d\u00e9 de production Seed to Seal et une pr\u00e9sentation d\u00e9taill\u00e9e de nos fermes, parmi bien d\u2019autres informations.<\/p>\n<p style=\"text-align: center;\"><span class=\"VIiyi\" lang=\"fr\"><span class=\"JLqJ4b ChMk0b\" data-language-for-alternatives=\"fr\" data-language-to-translate-into=\"ro\" data-phrase-index=\"0\" data-number-of-phrases=\"1\">Voir le catalogue <a href=\"https:\/\/issuu.com\/yleurope\/docs\/productguide2019_fr\">ICI<\/a><\/span><\/span><\/p>\n","protected":false},"excerpt":{"rendered":"<p style=\"text-align: left;\">Publi\u00e9 le Jan 19, 2019 Notre catalogue est le guide ultime pour d\u00e9couvrir Young Living et tous nos produits. Vous y trouverez aussi un message de la Directrice g\u00e9n\u00e9rale et co-fondatrice de Young Living, Mary Young, une p&#8230; [&#8230;]<\/p>\n","protected":false},"author":1,"featured_media":0,"parent":0,"menu_order":0,"comment_status":"closed","ping_status":"closed","template":"","meta":[],"_links":{"self":[{"href":"https:\/\/huiles-essentielles.pour-toi.fr\/fr_FR\/wp-json\/wp\/v2\/pages\/22"}],"collection":[{"href":"https:\/\/huiles-essentielles.pour-toi.fr\/fr_FR\/wp-json\/wp\/v2\/pages"}],"about":[{"href":"https:\/\/huiles-essentielles.pour-toi.fr\/fr_FR\/wp-json\/wp\/v2\/types\/page"}],"author":[{"embeddable":true,"href":"https:\/\/huiles-essentielles.pour-toi.fr\/fr_FR\/wp-json\/wp\/v2\/users\/1"}],"replies":[{"embeddable":true,"href":"https:\/\/huiles-essentielles.pour-toi.fr\/fr_FR\/wp-json\/wp\/v2\/comments?post=22"}],"version-history":[{"count":28,"href":"https:\/\/huiles-essentielles.pour-toi.fr\/fr_FR\/wp-json\/wp\/v2\/pages\/22\/revisions"}],"predecessor-version":[{"id":1274,"href":"https:\/\/huiles-essentielles.pour-toi.fr\/fr_FR\/wp-json\/wp\/v2\/pages\/22\/revisions\/1274"}],"wp:attachment":[{"href":"https:\/\/huiles-essentielles.pour-toi.fr\/fr_FR\/wp-json\/wp\/v2\/media?parent=22"}],"curies":[{"name":"wp","href":"https:\/\/api.w.org\/{rel}","templated":true}]}}