{"id":2,"date":"2020-04-26T20:13:25","date_gmt":"2020-04-26T18:13:25","guid":{"rendered":"http:\/\/huiles-essentielles.pour-toi.fr\/?page_id=2"},"modified":"2020-05-04T03:40:37","modified_gmt":"2020-05-04T01:40:37","slug":"home","status":"publish","type":"page","link":"https:\/\/huiles-essentielles.pour-toi.fr\/fr_FR\/","title":{"rendered":"Accueil"},"content":{"rendered":"<p style=\"text-align: center;\"><strong><span style=\"color: #ff0000; font-size: 18pt;\">Dix usages modernes des huiles essentielles du coffret Oils of Ancient Scripture<\/span><\/strong><a href=\"https:\/\/www.youngliving.com\/fr_FR\/products\/oils-of-ancient-scripture?sponsorid=23138817&amp;enrollerid=23138817&amp;type=member\" target=\"_blank\" rel=\"noopener noreferrer\"><img loading=\"lazy\" class=\"aligncenter wp-image-893 size-full\" title=\"Oils of Ancient Scripture\" src=\"https:\/\/huiles-essentielles.pour-toi.fr\/wp-content\/uploads\/2020\/05\/Oils-of-Ancient-Scripture-fr.jpg\" alt=\"\" width=\"1080\" height=\"529\" srcset=\"https:\/\/huiles-essentielles.pour-toi.fr\/wp-content\/uploads\/2020\/05\/Oils-of-Ancient-Scripture-fr.jpg 1080w, https:\/\/huiles-essentielles.pour-toi.fr\/wp-content\/uploads\/2020\/05\/Oils-of-Ancient-Scripture-fr-300x147.jpg 300w, https:\/\/huiles-essentielles.pour-toi.fr\/wp-content\/uploads\/2020\/05\/Oils-of-Ancient-Scripture-fr-1024x502.jpg 1024w, https:\/\/huiles-essentielles.pour-toi.fr\/wp-content\/uploads\/2020\/05\/Oils-of-Ancient-Scripture-fr-768x376.jpg 768w, https:\/\/huiles-essentielles.pour-toi.fr\/wp-content\/uploads\/2020\/05\/Oils-of-Ancient-Scripture-fr-150x73.jpg 150w, https:\/\/huiles-essentielles.pour-toi.fr\/wp-content\/uploads\/2020\/05\/Oils-of-Ancient-Scripture-fr-400x196.jpg 400w\" sizes=\"(max-width: 1080px) 100vw, 1080px\" \/><\/a><\/p>\n<p>Il est av\u00e9r\u00e9 que, durant l\u2019Antiquit\u00e9, les civilisations \u00e9gyptienne, perse, romaine et isra\u00e9lite \u00e9taient adeptes des huiles essentielles, mais saviez-vous que certaines d\u2019entre elles se retrouvent aussi dans la Bible ? Notre coffret <a href=\"https:\/\/www.youngliving.com\/fr_FR\/products\/oils-of-ancient-scripture?sponsorid=23138817&amp;enrollerid=23138817&amp;type=member\" target=\"_blank\" rel=\"noopener noreferrer\">Oils of Ancient Scripture<\/a> contient 10 de ces huiles aux vertus g\u00e9niales que vous pouvez utiliser chez vous. Consulter toujours l\u2019\u00e9tiquette sur le flacon de l\u2019huile essentielle pour conna\u00eetre les conseils d\u2019utilisation avant application.<\/p>\n","protected":false},"excerpt":{"rendered":"<p style=\"text-align: center;\"><strong><span style=\"color: #ff0000; font-size: 18pt;\">Dix usages modernes des huiles essentielles du coffret Oils of Ancient Scripture<\/span><\/strong><a href=\"https:\/\/www.youngliving.com\/fr_FR\/products\/oils-of-ancient-... [...]\n<\/p>\n","protected":false},"author":1,"featured_media":0,"parent":0,"menu_order":0,"comment_status":"closed","ping_status":"open","template":"","meta":[],"_links":{"self":[{"href":"https:\/\/huiles-essentielles.pour-toi.fr\/fr_FR\/wp-json\/wp\/v2\/pages\/2"}],"collection":[{"href":"https:\/\/huiles-essentielles.pour-toi.fr\/fr_FR\/wp-json\/wp\/v2\/pages"}],"about":[{"href":"https:\/\/huiles-essentielles.pour-toi.fr\/fr_FR\/wp-json\/wp\/v2\/types\/page"}],"author":[{"embeddable":true,"href":"https:\/\/huiles-essentielles.pour-toi.fr\/fr_FR\/wp-json\/wp\/v2\/users\/1"}],"replies":[{"embeddable":true,"href":"https:\/\/huiles-essentielles.pour-toi.fr\/fr_FR\/wp-json\/wp\/v2\/comments?post=2"}],"version-history":[{"count":35,"href":"https:\/\/huiles-essentielles.pour-toi.fr\/fr_FR\/wp-json\/wp\/v2\/pages\/2\/revisions"}],"predecessor-version":[{"id":904,"href":"https:\/\/huiles-essentielles.pour-toi.fr\/fr_FR\/wp-json\/wp\/v2\/pages\/2\/revisions\/904"}],"wp:attachment":[{"href":"https:\/\/huiles-essentielles.pour-toi.fr\/fr_FR\/wp-json\/wp\/v2\/media?parent=2"}],"curies":[{"name":"wp","href":"https:\/\/api.w.org\/{rel}","templated":true}]}}