{"id":146,"date":"2020-04-27T02:59:41","date_gmt":"2020-04-27T00:59:41","guid":{"rendered":"http:\/\/huiles-essentielles.pour-toi.fr\/?page_id=146"},"modified":"2020-04-28T21:07:47","modified_gmt":"2020-04-28T19:07:47","slug":"huiles-essentielles-et-melanges","status":"publish","type":"page","link":"https:\/\/huiles-essentielles.pour-toi.fr\/fr_FR\/huiles-essentielles-et-melanges\/","title":{"rendered":"Huiles essentielles et m\u00e9langes"},"content":{"rendered":"<h4 class=\"upper\" style=\"text-align: center;\"><span style=\"font-size: 14pt; color: #0000ff;\">Cat\u00e9gories<\/span><\/h4>\n<hr \/>\n<div class=\"category-block row-fluid product left\">\n<div class=\"content span7\">\n<div class=\"catpad\">\n<table style=\"border-collapse: collapse; width: 100%;\">\n<tbody>\n<tr>\n<td style=\"width: 100%;\">\n<p><a href=\"https:\/\/www.youngliving.com\/fr_FR\/products\/c\/huiles-essentielles-et-m%C3%A9langes\/huiles-essentielles-individuelles?sponsorid=23138817&amp;enrollerid=23138817&amp;type=member\" target=\"_blank\" rel=\"noopener noreferrer\"><img loading=\"lazy\" class=\"alignleft wp-image-221 size-full\" src=\"https:\/\/huiles-essentielles.pour-toi.fr\/wp-content\/uploads\/2020\/04\/Uleiuri-esentiale-simple-si-melanj-e1588035809805.jpg\" alt=\"\" width=\"312\" height=\"222\" \/><\/a><\/p>\n<h3><a href=\"https:\/\/www.youngliving.com\/fr_FR\/products\/c\/huiles-essentielles-et-m%C3%A9langes\/huiles-essentielles-individuelles?sponsorid=23138817&amp;enrollerid=23138817&amp;type=member\" target=\"_blank\" rel=\"noopener noreferrer\"><span style=\"font-size: 12pt;\">Huiles essentielles individuelles<\/span><\/a><\/h3>\n<div class=\"text\"><span style=\"font-size: 12pt;\">Go\u00fbtez au pur bonheur avec nos huiles essentielles puissantes, obtenues avec amour \u00e0 partir de plantes et d&rsquo;herbes cultiv\u00e9es dans nos fermes.<\/span><\/div>\n<\/td>\n<\/tr>\n<\/tbody>\n<\/table>\n<\/div>\n<div class=\"category-block row-fluid product right\">\n<div class=\"content offset5\">\n<div class=\"catpad\">\n<table style=\"border-collapse: collapse; width: 100%; height: 228px;\">\n<tbody>\n<tr style=\"height: 228px;\">\n<td style=\"width: 100%; vertical-align: middle; height: 228px;\">\n<p><a href=\"https:\/\/www.youngliving.com\/fr_FR\/products\/c\/huiles-essentielles-et-m\u00e9langes\/m\u00e9langes-dhuiles-essentielles?sponsorid=23138817&amp;enrollerid=23138817&amp;type=member\" target=\"_blank\" rel=\"noopener noreferrer\"><img loading=\"lazy\" class=\"alignright size-full wp-image-258\" src=\"https:\/\/huiles-essentielles.pour-toi.fr\/wp-content\/uploads\/2020\/04\/M\u00e9langes-dhuiles-essentielles-e1588042859751.jpg\" alt=\"\" width=\"334\" height=\"222\" \/><\/a><\/p>\n<h3><a href=\"https:\/\/www.youngliving.com\/fr_FR\/products\/c\/huiles-essentielles-et-m\u00e9langes\/m\u00e9langes-dhuiles-essentielles?sponsorid=23138817&amp;enrollerid=23138817&amp;type=member\" target=\"_blank\" rel=\"noopener noreferrer\"><span style=\"font-size: 12pt;\">M\u00e9langes d&rsquo;huiles essentielles<\/span><\/a><\/h3>\n<div class=\"text\"><span style=\"font-size: 12pt;\">R\u00e9veillez vos sens et transformez votre journ\u00e9e. Nos m\u00e9langes d&rsquo;huiles essentielles et leur formule unique conviendront \u00e0 tous.<\/span><\/div>\n<\/td>\n<\/tr>\n<\/tbody>\n<\/table>\n<div class=\"category-block row-fluid product left\">\n<div class=\"content span7\">\n<div class=\"catpad\">\n<table style=\"border-collapse: collapse; width: 100%;\">\n<tbody>\n<tr>\n<td style=\"width: 100%;\">\n<p><a href=\"https:\/\/www.youngliving.com\/fr_FR\/products\/c\/huiles-essentielles-et-m\u00e9langes\/applicateurs-\u00e0-bille?sponsorid=23138817&amp;enrollerid=23138817&amp;type=member\" target=\"_blank\" rel=\"noopener noreferrer\"><img loading=\"lazy\" class=\"alignleft wp-image-267 size-full\" src=\"https:\/\/huiles-essentielles.pour-toi.fr\/wp-content\/uploads\/2020\/04\/roll-ons-e1588047029404.jpg\" alt=\"\" width=\"275\" height=\"222\" \/><\/a><\/p>\n<h3><a href=\"https:\/\/www.youngliving.com\/fr_FR\/products\/c\/huiles-essentielles-et-m\u00e9langes\/applicateurs-\u00e0-bille?sponsorid=23138817&amp;enrollerid=23138817&amp;type=member\" target=\"_blank\" rel=\"noopener noreferrer\"><strong><span style=\"font-size: 12pt;\">Applicateurs \u00e0 bille (roll-ons)<\/span><\/strong><\/a><\/h3>\n<div class=\"text\"><span style=\"font-size: 12pt;\">Profitez des bienfaits des huiles essentielles \u00e0 tout moment et en tout lieu gr\u00e2ce \u00e0 nos formules sp\u00e9cialement m\u00e9lang\u00e9es dans un flacon avec applicateur \u00e0 bille, pour emporter les essences pures de Young Living partout o\u00f9 vous allez.<\/span><\/div>\n<\/td>\n<\/tr>\n<\/tbody>\n<\/table>\n<\/div>\n<\/div>\n<\/div>\n<\/div>\n<\/div>\n<div class=\"category-block row-fluid product right\">\n<div class=\"content offset5\">\n<div class=\"catpad\">\n<table style=\"border-collapse: collapse; width: 100%;\">\n<tbody>\n<tr>\n<td style=\"width: 100%;\">\n<p><a href=\"https:\/\/www.youngliving.com\/fr_FR\/products\/c\/huiles-essentielles-et-m%C3%A9langes\/collections?sponsorid=23138817&amp;amp;enrollerid=23138817&amp;amp;type=member\" target=\"_blank\" rel=\"noopener noreferrer\"><img loading=\"lazy\" class=\"alignright wp-image-279 size-full\" src=\"https:\/\/huiles-essentielles.pour-toi.fr\/wp-content\/uploads\/2020\/04\/Ulei-de-masaj-e1588047101987.jpg\" alt=\"\" width=\"393\" height=\"221\" \/><\/a><\/p>\n<h3><a href=\"https:\/\/www.youngliving.com\/fr_FR\/products\/c\/huiles-essentielles-et-m%C3%A9langes\/collections?sponsorid=23138817&amp;amp;enrollerid=23138817&amp;amp;type=member\" target=\"_blank\" rel=\"noopener noreferrer\"><span style=\"font-size: 12pt;\">Huiles de massage<\/span><\/a><\/h3>\n<div class=\"text\"><span style=\"font-size: 12pt;\">Donnez une toute autre dimension \u00e0 vos massages gr\u00e2ce \u00e0 nos huiles v\u00e9g\u00e9tales riches en essences naturelles.<\/span><\/div>\n<\/td>\n<\/tr>\n<\/tbody>\n<\/table>\n<\/div>\n<\/div>\n<\/div>\n<div class=\"category-block row-fluid product left\">\n<div class=\"content span7\">\n<div class=\"catpad\">\n<table style=\"border-collapse: collapse; width: 100%;\">\n<tbody>\n<tr>\n<td style=\"width: 100%;\">\n<p><a href=\"https:\/\/www.youngliving.com\/fr_FR\/products\/c\/huiles-essentielles-et-m%C3%A9langes\/collections?sponsorid=23138817&amp;enrollerid=23138817&amp;type=member\" target=\"_blank\" rel=\"noopener noreferrer\"><img loading=\"lazy\" class=\"alignleft wp-image-281 size-full\" src=\"https:\/\/huiles-essentielles.pour-toi.fr\/wp-content\/uploads\/2020\/04\/Colectii-e1588047048359.jpg\" alt=\"\" width=\"317\" height=\"222\" \/><\/a><\/p>\n<h3><a href=\"https:\/\/www.youngliving.com\/fr_FR\/products\/c\/huiles-essentielles-et-m%C3%A9langes\/collections?sponsorid=23138817&amp;enrollerid=23138817&amp;type=member\" target=\"_blank\" rel=\"noopener noreferrer\"><span style=\"font-size: 12pt;\">Collections<\/span><\/a><\/h3>\n<div class=\"text\"><span style=\"font-size: 12pt;\">Nos coffrets con\u00e7us avec professionnalisme vous conduiront \u00e0 l&rsquo;harmonie et au bien-\u00eatre. Ces s\u00e9lections d&rsquo;huiles essentielles et de m\u00e9langes vous permettront de vous procurer facilement les meilleurs produits Young Living pour r\u00e9pondre \u00e0 vos besoins.<\/span><\/div>\n<\/td>\n<\/tr>\n<\/tbody>\n<\/table>\n<\/div>\n<\/div>\n<\/div>\n<div class=\"content span7\">\n<div class=\"catpad\">\n<table style=\"border-collapse: collapse; width: 100%;\">\n<tbody>\n<tr>\n<td style=\"width: 100%;\">\n<p><a href=\"https:\/\/www.youngliving.com\/fr_FR\/products\/c\/huiles-essentielles-et-m%C3%A9langes\/diffuseurs-et-outils?sponsorid=23138817&amp;enrollerid=23138817&amp;type=member\" target=\"_blank\" rel=\"noopener noreferrer\"><img loading=\"lazy\" class=\"alignright wp-image-283 size-full\" src=\"https:\/\/huiles-essentielles.pour-toi.fr\/wp-content\/uploads\/2020\/04\/Difuzor-e1588047067918.jpg\" alt=\"\" width=\"334\" height=\"222\" \/><\/a><\/p>\n<h3><a href=\"https:\/\/www.youngliving.com\/fr_FR\/products\/c\/huiles-essentielles-et-m%C3%A9langes\/diffuseurs-et-outils?sponsorid=23138817&amp;enrollerid=23138817&amp;type=member\" target=\"_blank\" rel=\"noopener noreferrer\"><span style=\"font-size: 12pt;\">Diffuseurs et ustensiles<\/span><\/a><\/h3>\n<div class=\"text\"><span style=\"font-size: 12pt;\">Transformez votre maison, votre bureau ou votre chambre d&rsquo;h\u00f4tel en une oasis personnalis\u00e9e ! Gr\u00e2ce \u00e0 nos \u00e9l\u00e9gants diffuseurs, vous pouvez impr\u00e9gner d&rsquo;huiles essentielles n&rsquo;importe quel endroit et cr\u00e9er une atmosph\u00e8re digne d&rsquo;un spa o\u00f9 que vous soyez.<\/span><\/div>\n<\/td>\n<\/tr>\n<\/tbody>\n<\/table>\n<\/div>\n<\/div>\n<\/div>\n<div class=\"content span7\">\n<div class=\"catpad\">\n<table style=\"border-collapse: collapse; width: 100%;\">\n<tbody>\n<tr>\n<td style=\"width: 100%;\">\n<p><a href=\"https:\/\/www.youngliving.com\/fr_FR\/products\/c\/huiles-essentielles-et-m%C3%A9langes\/accessoires?sponsorid=23138817&amp;enrollerid=23138817&amp;type=member\" target=\"_blank\" rel=\"noopener noreferrer\"><img loading=\"lazy\" class=\"alignleft wp-image-285 size-full\" src=\"https:\/\/huiles-essentielles.pour-toi.fr\/wp-content\/uploads\/2020\/04\/Accesories-e1588047083513.jpg\" alt=\"\" width=\"373\" height=\"221\" \/><\/a><\/p>\n<h3><a href=\"https:\/\/www.youngliving.com\/fr_FR\/products\/c\/huiles-essentielles-et-m%C3%A9langes\/accessoires?sponsorid=23138817&amp;enrollerid=23138817&amp;type=member\" target=\"_blank\" rel=\"noopener noreferrer\"><span style=\"font-size: 12pt;\">Accessoires<\/span><\/a><\/h3>\n<div class=\"text\"><span style=\"font-size: 12pt;\">Compl\u00e9tez votre collections avec ces accessoires utiles, des \u00e9tuis aux flacons pr\u00e9-\u00e9tiquet\u00e9s, pour rester toujours bien organis\u00e9s !<\/span><\/div>\n<div class=\"category-block-link\">\u00a0<\/div>\n<\/td>\n<\/tr>\n<\/tbody>\n<\/table>\n<\/div>\n<\/div>\n<\/div>\n<\/div>\n","protected":false},"excerpt":{"rendered":"<h4 class=\"upper\" style=\"text-align: center;\"><span style=\"font-size: 14pt; color: #0000ff;\">Cat\u00e9gories<\/span><\/h4>\n<hr \/>\n<div class=\"category-block row-fluid product left\">\n<div class=\"content span7\">\n<div class=\"catpad\">\n<table style=\"border-collapse: ... [...] \n\n","protected":false},"author":1,"featured_media":0,"parent":0,"menu_order":0,"comment_status":"closed","ping_status":"closed","template":"","meta":[],"_links":{"self":[{"href":"https:\/\/huiles-essentielles.pour-toi.fr\/fr_FR\/wp-json\/wp\/v2\/pages\/146"}],"collection":[{"href":"https:\/\/huiles-essentielles.pour-toi.fr\/fr_FR\/wp-json\/wp\/v2\/pages"}],"about":[{"href":"https:\/\/huiles-essentielles.pour-toi.fr\/fr_FR\/wp-json\/wp\/v2\/types\/page"}],"author":[{"embeddable":true,"href":"https:\/\/huiles-essentielles.pour-toi.fr\/fr_FR\/wp-json\/wp\/v2\/users\/1"}],"replies":[{"embeddable":true,"href":"https:\/\/huiles-essentielles.pour-toi.fr\/fr_FR\/wp-json\/wp\/v2\/comments?post=146"}],"version-history":[{"count":114,"href":"https:\/\/huiles-essentielles.pour-toi.fr\/fr_FR\/wp-json\/wp\/v2\/pages\/146\/revisions"}],"predecessor-version":[{"id":396,"href":"https:\/\/huiles-essentielles.pour-toi.fr\/fr_FR\/wp-json\/wp\/v2\/pages\/146\/revisions\/396"}],"wp:attachment":[{"href":"https:\/\/huiles-essentielles.pour-toi.fr\/fr_FR\/wp-json\/wp\/v2\/media?parent=146"}],"curies":[{"name":"wp","href":"https:\/\/api.w.org\/{rel}","templated":true}]}}