{"id":584,"date":"2020-05-02T01:34:29","date_gmt":"2020-05-01T23:34:29","guid":{"rendered":"https:\/\/huiles-essentielles.pour-toi.fr\/?page_id=584"},"modified":"2020-05-03T19:13:27","modified_gmt":"2020-05-03T17:13:27","slug":"bien-etre","status":"publish","type":"page","link":"https:\/\/huiles-essentielles.pour-toi.fr\/en_US\/bien-etre\/","title":{"rendered":"Wellness"},"content":{"rendered":"<p style=\"text-align: center;\"><a href=\"https:\/\/www.youngliving.com\/en_EU\/products\/c\/wellness?sponsorid=23138817&amp;enrollerid=23138817&amp;type=member\" target=\"_blank\" rel=\"noopener noreferrer\"><span style=\"color: #ff0000; font-size: 18pt;\"><strong>Wellness<\/strong><\/span><\/a><\/p>\n<hr \/>\n<p><strong>There is magic in planting a seed and watching it grow. Just as the seeds of our essential oils are carefully sown, the wholesome ingredients in our wellness products have been cultivated for total mind and body health.<\/strong><br \/><em>To put the power of complete wellness into your hands, we have carefully crafted a line of essential oils, all-natural vitamins, and product solutions designed to help you live a balanced, healthy life.<\/em><\/p>\n<hr \/>\n<table style=\"border-collapse: collapse; width: 100%;\">\n<tbody>\n<tr>\n<td style=\"width: 33.3333%; background-color: #ffffff;\">\n<p style=\"text-align: center;\"><a href=\"https:\/\/www.youngliving.com\/en_EU\/products\/wellness\/multivitamins?sponsorid=23138817&amp;enrollerid=23138817&amp;type=member\" target=\"_blank\" rel=\"noopener noreferrer\"><img loading=\"lazy\" class=\"aligncenter wp-image-782 size-full\" title=\"Multivitamins\" src=\"https:\/\/huiles-essentielles.pour-toi.fr\/wp-content\/uploads\/2020\/05\/Multivitamines.jpg\" alt=\"\" width=\"373\" height=\"241\" srcset=\"https:\/\/huiles-essentielles.pour-toi.fr\/wp-content\/uploads\/2020\/05\/Multivitamines.jpg 373w, https:\/\/huiles-essentielles.pour-toi.fr\/wp-content\/uploads\/2020\/05\/Multivitamines-300x194.jpg 300w, https:\/\/huiles-essentielles.pour-toi.fr\/wp-content\/uploads\/2020\/05\/Multivitamines-150x97.jpg 150w\" sizes=\"(max-width: 373px) 100vw, 373px\" \/><\/a><a href=\"https:\/\/www.youngliving.com\/en_EU\/products\/wellness\/multivitamins?sponsorid=23138817&amp;enrollerid=23138817&amp;type=member\" target=\"_blank\" rel=\"noopener noreferrer\">Multivitamins<\/a><\/p>\n<\/td>\n<td style=\"width: 33.3333%; background-color: #ffffff;\">\n<p style=\"text-align: center;\"><a href=\"https:\/\/www.youngliving.com\/en_EU\/products\/wellness\/age-based-nutrition?sponsorid=23138817&amp;enrollerid=23138817&amp;type=member\" target=\"_blank\" rel=\"noopener noreferrer\"><img loading=\"lazy\" class=\"aligncenter wp-image-780 size-full\" title=\"Age-Based Nutrition\" src=\"https:\/\/huiles-essentielles.pour-toi.fr\/wp-content\/uploads\/2020\/05\/Compl\u00e9ments-adapt\u00e9s-\u00e0-l\u00e2ge.jpg\" alt=\"\" width=\"373\" height=\"241\" srcset=\"https:\/\/huiles-essentielles.pour-toi.fr\/wp-content\/uploads\/2020\/05\/Compl\u00e9ments-adapt\u00e9s-\u00e0-l\u00e2ge.jpg 373w, https:\/\/huiles-essentielles.pour-toi.fr\/wp-content\/uploads\/2020\/05\/Compl\u00e9ments-adapt\u00e9s-\u00e0-l\u00e2ge-300x194.jpg 300w, https:\/\/huiles-essentielles.pour-toi.fr\/wp-content\/uploads\/2020\/05\/Compl\u00e9ments-adapt\u00e9s-\u00e0-l\u00e2ge-150x97.jpg 150w\" sizes=\"(max-width: 373px) 100vw, 373px\" \/><\/a><a href=\"https:\/\/www.youngliving.com\/en_EU\/products\/wellness\/age-based-nutrition?sponsorid=23138817&amp;enrollerid=23138817&amp;type=member\" target=\"_blank\" rel=\"noopener noreferrer\">Age-Based Nutrition<\/a><\/p>\n<\/td>\n<td style=\"width: 33.3333%; background-color: #ffffff;\">\n<p style=\"text-align: center;\"><a href=\"https:\/\/www.youngliving.com\/en_EU\/products\/wellness\/liquid-wellness?sponsorid=23138817&amp;enrollerid=23138817&amp;type=member\" target=\"_blank\" rel=\"noopener noreferrer\"><img loading=\"lazy\" class=\"aligncenter wp-image-784 size-full\" title=\"Liquid Wellness\" src=\"https:\/\/huiles-essentielles.pour-toi.fr\/wp-content\/uploads\/2020\/05\/Du-bien-\u00eatre-\u00e0-boire.jpg\" alt=\"\" width=\"373\" height=\"240\" srcset=\"https:\/\/huiles-essentielles.pour-toi.fr\/wp-content\/uploads\/2020\/05\/Du-bien-\u00eatre-\u00e0-boire.jpg 373w, https:\/\/huiles-essentielles.pour-toi.fr\/wp-content\/uploads\/2020\/05\/Du-bien-\u00eatre-\u00e0-boire-300x193.jpg 300w, https:\/\/huiles-essentielles.pour-toi.fr\/wp-content\/uploads\/2020\/05\/Du-bien-\u00eatre-\u00e0-boire-150x97.jpg 150w\" sizes=\"(max-width: 373px) 100vw, 373px\" \/><\/a><a href=\"https:\/\/www.youngliving.com\/en_EU\/products\/wellness\/liquid-wellness?sponsorid=23138817&amp;enrollerid=23138817&amp;type=member\" target=\"_blank\" rel=\"noopener noreferrer\">Liquid Wellness<\/a><\/p>\n<\/td>\n<\/tr>\n<tr>\n<td style=\"width: 33.3333%; background-color: #ffffff;\">\n<p style=\"text-align: center;\"><a href=\"https:\/\/www.youngliving.com\/en_EU\/products\/wellness\/weight-management?sponsorid=23138817&amp;enrollerid=23138817&amp;type=member\" target=\"_blank\" rel=\"noopener noreferrer\"><img loading=\"lazy\" class=\"aligncenter wp-image-785 size-full\" title=\"Weight Management\" src=\"https:\/\/huiles-essentielles.pour-toi.fr\/wp-content\/uploads\/2020\/05\/Contr\u00f4le-du-poids.jpg\" alt=\"\" width=\"373\" height=\"241\" srcset=\"https:\/\/huiles-essentielles.pour-toi.fr\/wp-content\/uploads\/2020\/05\/Contr\u00f4le-du-poids.jpg 373w, https:\/\/huiles-essentielles.pour-toi.fr\/wp-content\/uploads\/2020\/05\/Contr\u00f4le-du-poids-300x194.jpg 300w, https:\/\/huiles-essentielles.pour-toi.fr\/wp-content\/uploads\/2020\/05\/Contr\u00f4le-du-poids-150x97.jpg 150w\" sizes=\"(max-width: 373px) 100vw, 373px\" \/><\/a><a href=\"https:\/\/www.youngliving.com\/en_EU\/products\/wellness\/weight-management?sponsorid=23138817&amp;enrollerid=23138817&amp;type=member\" target=\"_blank\" rel=\"noopener noreferrer\">Weight Management<\/a><\/p>\n<\/td>\n<td style=\"width: 33.3333%; background-color: #ffffff;\">\n<p style=\"text-align: center;\"><a href=\"https:\/\/www.youngliving.com\/en_EU\/products\/wellness\/mobility?sponsorid=23138817&amp;enrollerid=23138817&amp;type=member\"><img loading=\"lazy\" class=\"aligncenter wp-image-786 size-full\" title=\"Mobility\" src=\"https:\/\/huiles-essentielles.pour-toi.fr\/wp-content\/uploads\/2020\/05\/Mobilit\u00e9.jpg\" alt=\"\" width=\"372\" height=\"240\" srcset=\"https:\/\/huiles-essentielles.pour-toi.fr\/wp-content\/uploads\/2020\/05\/Mobilit\u00e9.jpg 372w, https:\/\/huiles-essentielles.pour-toi.fr\/wp-content\/uploads\/2020\/05\/Mobilit\u00e9-300x194.jpg 300w, https:\/\/huiles-essentielles.pour-toi.fr\/wp-content\/uploads\/2020\/05\/Mobilit\u00e9-150x97.jpg 150w\" sizes=\"(max-width: 372px) 100vw, 372px\" \/><\/a><a href=\"https:\/\/www.youngliving.com\/en_EU\/products\/wellness\/mobility?sponsorid=23138817&amp;enrollerid=23138817&amp;type=member\" target=\"_blank\" rel=\"noopener noreferrer\">Mobility<\/a><\/p>\n<\/td>\n<td style=\"width: 33.3333%; background-color: #ffffff;\">\n<p style=\"text-align: center;\"><a href=\"https:\/\/www.youngliving.com\/en_EU\/products\/wellness\/energy-stamina?sponsorid=23138817&amp;enrollerid=23138817&amp;type=member\" target=\"_blank\" rel=\"noopener noreferrer\"><img loading=\"lazy\" class=\"aligncenter wp-image-787 size-full\" title=\"Energy &amp; Stamina\" src=\"https:\/\/huiles-essentielles.pour-toi.fr\/wp-content\/uploads\/2020\/05\/\u00c9nergie-et-r\u00e9sistance.jpg\" alt=\"\" width=\"373\" height=\"241\" srcset=\"https:\/\/huiles-essentielles.pour-toi.fr\/wp-content\/uploads\/2020\/05\/\u00c9nergie-et-r\u00e9sistance.jpg 373w, https:\/\/huiles-essentielles.pour-toi.fr\/wp-content\/uploads\/2020\/05\/\u00c9nergie-et-r\u00e9sistance-300x194.jpg 300w, https:\/\/huiles-essentielles.pour-toi.fr\/wp-content\/uploads\/2020\/05\/\u00c9nergie-et-r\u00e9sistance-150x97.jpg 150w\" sizes=\"(max-width: 373px) 100vw, 373px\" \/><\/a><a href=\"https:\/\/www.youngliving.com\/en_EU\/products\/wellness\/energy-stamina?sponsorid=23138817&amp;enrollerid=23138817&amp;type=member\" target=\"_blank\" rel=\"noopener noreferrer\">Energy &amp; Stamina<\/a><\/p>\n<\/td>\n<\/tr>\n<tr>\n<td style=\"width: 33.3333%; background-color: #ffffff;\">\n<p style=\"text-align: center;\"><a href=\"https:\/\/www.youngliving.com\/en_EU\/products\/c\/wellness\/targeted-support?sponsorid=23138817&amp;amp;enrollerid=23138817&amp;amp;type=member\"><img loading=\"lazy\" class=\"aligncenter wp-image-798 size-full\" title=\"Targeted Support\" src=\"https:\/\/huiles-essentielles.pour-toi.fr\/wp-content\/uploads\/2020\/05\/Soutien-cibl\u00e9.jpg\" alt=\"\" width=\"373\" height=\"241\" srcset=\"https:\/\/huiles-essentielles.pour-toi.fr\/wp-content\/uploads\/2020\/05\/Soutien-cibl\u00e9.jpg 373w, https:\/\/huiles-essentielles.pour-toi.fr\/wp-content\/uploads\/2020\/05\/Soutien-cibl\u00e9-300x194.jpg 300w, https:\/\/huiles-essentielles.pour-toi.fr\/wp-content\/uploads\/2020\/05\/Soutien-cibl\u00e9-150x97.jpg 150w\" sizes=\"(max-width: 373px) 100vw, 373px\" \/><\/a><a href=\"https:\/\/www.youngliving.com\/en_EU\/products\/c\/wellness\/targeted-support?sponsorid=23138817&amp;enrollerid=23138817&amp;type=member\" target=\"_blank\" rel=\"noopener noreferrer\">Targeted Support<\/a><\/p>\n<\/td>\n<td style=\"width: 33.3333%; background-color: #ffffff;\">\n<p style=\"text-align: center;\"><a href=\"https:\/\/www.youngliving.com\/en_EU\/products\/wellness\/energy-stamina?sponsorid=23138817&amp;enrollerid=23138817&amp;type=member\" target=\"_blank\" rel=\"noopener noreferrer\"><img loading=\"lazy\" class=\"aligncenter wp-image-789 size-full\" title=\"Energy &amp; Stamina\" src=\"https:\/\/huiles-essentielles.pour-toi.fr\/wp-content\/uploads\/2020\/05\/Collations-saines.jpg\" alt=\"\" width=\"373\" height=\"241\" srcset=\"https:\/\/huiles-essentielles.pour-toi.fr\/wp-content\/uploads\/2020\/05\/Collations-saines.jpg 373w, https:\/\/huiles-essentielles.pour-toi.fr\/wp-content\/uploads\/2020\/05\/Collations-saines-300x194.jpg 300w, https:\/\/huiles-essentielles.pour-toi.fr\/wp-content\/uploads\/2020\/05\/Collations-saines-150x97.jpg 150w\" sizes=\"(max-width: 373px) 100vw, 373px\" \/><\/a><a href=\"https:\/\/www.youngliving.com\/en_EU\/products\/wellness\/energy-stamina?sponsorid=23138817&amp;enrollerid=23138817&amp;type=member\" target=\"_blank\" rel=\"noopener noreferrer\">Energy &amp; Stamina<\/a><\/p>\n<\/td>\n<td style=\"width: 33.3333%; background-color: #ffffff;\">\n<p style=\"text-align: center;\"><a href=\"https:\/\/www.youngliving.com\/en_EU\/products\/wellness\/system-solutions?sponsorid=23138817&amp;enrollerid=23138817&amp;type=member\" target=\"_blank\" rel=\"noopener noreferrer\"><img loading=\"lazy\" class=\"aligncenter wp-image-788 size-full\" title=\"System Solutions\" src=\"https:\/\/huiles-essentielles.pour-toi.fr\/wp-content\/uploads\/2020\/05\/Syst\u00e8mes-du-corps.jpg\" alt=\"\" width=\"373\" height=\"241\" srcset=\"https:\/\/huiles-essentielles.pour-toi.fr\/wp-content\/uploads\/2020\/05\/Syst\u00e8mes-du-corps.jpg 373w, https:\/\/huiles-essentielles.pour-toi.fr\/wp-content\/uploads\/2020\/05\/Syst\u00e8mes-du-corps-300x194.jpg 300w, https:\/\/huiles-essentielles.pour-toi.fr\/wp-content\/uploads\/2020\/05\/Syst\u00e8mes-du-corps-150x97.jpg 150w\" sizes=\"(max-width: 373px) 100vw, 373px\" \/><\/a><a href=\"https:\/\/www.youngliving.com\/en_EU\/products\/wellness\/system-solutions?sponsorid=23138817&amp;enrollerid=23138817&amp;type=member\" target=\"_blank\" rel=\"noopener noreferrer\">System Solutions<\/a><\/p>\n<\/td>\n<\/tr>\n<\/tbody>\n<\/table>\n","protected":false},"excerpt":{"rendered":"<p style=\"text-align: center;\"><a href=\"https:\/\/www.youngliving.com\/en_EU\/products\/c\/wellness?sponsorid=23138817&amp;enrollerid=23138817&amp;type=member\" target=\"_blank\" rel=\"noopener noreferrer\"><span style=\"color: #ff0000; font-size: 18pt;\"><strong... [...]\n<\/p>\n","protected":false},"author":1,"featured_media":0,"parent":0,"menu_order":0,"comment_status":"closed","ping_status":"closed","template":"","meta":[],"_links":{"self":[{"href":"https:\/\/huiles-essentielles.pour-toi.fr\/en_US\/wp-json\/wp\/v2\/pages\/584"}],"collection":[{"href":"https:\/\/huiles-essentielles.pour-toi.fr\/en_US\/wp-json\/wp\/v2\/pages"}],"about":[{"href":"https:\/\/huiles-essentielles.pour-toi.fr\/en_US\/wp-json\/wp\/v2\/types\/page"}],"author":[{"embeddable":true,"href":"https:\/\/huiles-essentielles.pour-toi.fr\/en_US\/wp-json\/wp\/v2\/users\/1"}],"replies":[{"embeddable":true,"href":"https:\/\/huiles-essentielles.pour-toi.fr\/en_US\/wp-json\/wp\/v2\/comments?post=584"}],"version-history":[{"count":45,"href":"https:\/\/huiles-essentielles.pour-toi.fr\/en_US\/wp-json\/wp\/v2\/pages\/584\/revisions"}],"predecessor-version":[{"id":831,"href":"https:\/\/huiles-essentielles.pour-toi.fr\/en_US\/wp-json\/wp\/v2\/pages\/584\/revisions\/831"}],"wp:attachment":[{"href":"https:\/\/huiles-essentielles.pour-toi.fr\/en_US\/wp-json\/wp\/v2\/media?parent=584"}],"curies":[{"name":"wp","href":"https:\/\/api.w.org\/{rel}","templated":true}]}}